{"id":868,"date":"2025-01-02T23:52:12","date_gmt":"2025-01-02T22:52:12","guid":{"rendered":"https:\/\/berlindigitalart.com\/product\/wanderer-in-den-bergen\/"},"modified":"2025-01-02T23:52:13","modified_gmt":"2025-01-02T22:52:13","slug":"wanderer-in-den-bergen","status":"publish","type":"product","link":"https:\/\/berlindigitalart.com\/en\/product\/wanderer-in-den-bergen\/","title":{"rendered":"Wanderer in den Bergen"},"content":{"rendered":"<p>Ein Wanderer, der auf einem Bergpfad geht \u2013 diese Szene wird eine beruhigende und inspirierende Ausmalerfahrung bieten. Die Berge werden mit kr\u00e4ftigen Braunt\u00f6nen und tiefen Gr\u00fcnt\u00f6nen f\u00fcr die W\u00e4lder ausgemalt, w\u00e4hrend der Himmel in sanften Blau- und Wei\u00dft\u00f6nen gehalten werden kann. Besonders viel Spa\u00df wird es machen, die Details des Wanderers, der Ausr\u00fcstung und der Landschaft zu gestalten. Das Bild wird den K\u00fcnstler dazu einladen, sich auf die Weite der Natur und das Gef\u00fchl von Abenteuer und Freiheit einzulassen. Die Szene wird sowohl entspannend als auch inspirierend sein.<\/p>","protected":false},"excerpt":{"rendered":"<p>Ein Wanderer, der auf einem Bergpfad geht \u2013 diese Szene wird eine beruhigende und inspirierende Ausmalerfahrung bieten. Die Berge werden mit kr\u00e4ftigen Braunt\u00f6nen und tiefen Gr\u00fcnt\u00f6nen f\u00fcr die W\u00e4lder ausgemalt, w\u00e4hrend der Himmel in sanften Blau- und Wei\u00dft\u00f6nen gehalten werden kann. Besonders viel Spa\u00df wird es machen, die Details des Wanderers, der Ausr\u00fcstung und der Landschaft zu gestalten. Das Bild wird den K\u00fcnstler dazu einladen, sich auf die Weite der Natur und das Gef\u00fchl von Abenteuer und Freiheit einzulassen. Die Szene wird sowohl entspannend als auch inspirierend sein.<\/p>","protected":false},"featured_media":456,"comment_status":"open","ping_status":"closed","template":"","meta":[],"product_brand":[],"product_cat":[17,57],"product_tag":[],"class_list":{"0":"post-868","1":"product","2":"type-product","3":"status-publish","4":"has-post-thumbnail","6":"product_cat-ausmalbilder","7":"product_cat-urlaubausmalbilder","9":"first","10":"instock","11":"downloadable","12":"virtual","13":"product-type-simple"},"yoast_head":"<!-- This site is optimized with the Yoast SEO plugin v27.3 - https:\/\/yoast.com\/product\/yoast-seo-wordpress\/ -->\n<title>Wanderer in den Bergen - Berlin Digital Art<\/title>\n<meta name=\"robots\" content=\"index, follow, max-snippet:-1, max-image-preview:large, max-video-preview:-1\" \/>\n<link rel=\"canonical\" href=\"https:\/\/berlindigitalart.com\/en\/product\/wanderer-in-den-bergen\/\" \/>\n<meta property=\"og:locale\" content=\"en_US\" \/>\n<meta property=\"og:type\" content=\"article\" \/>\n<meta property=\"og:title\" content=\"Wanderer in den Bergen - Berlin Digital Art\" \/>\n<meta property=\"og:description\" content=\"Ein Wanderer, der auf einem Bergpfad geht \u2013 diese Szene wird eine beruhigende und inspirierende Ausmalerfahrung bieten. Die Berge werden mit kr\u00e4ftigen Braunt\u00f6nen und tiefen Gr\u00fcnt\u00f6nen f\u00fcr die W\u00e4lder ausgemalt, w\u00e4hrend der Himmel in sanften Blau- und Wei\u00dft\u00f6nen gehalten werden kann. Besonders viel Spa\u00df wird es machen, die Details des Wanderers, der Ausr\u00fcstung und der Landschaft zu gestalten. Das Bild wird den K\u00fcnstler dazu einladen, sich auf die Weite der Natur und das Gef\u00fchl von Abenteuer und Freiheit einzulassen. Die Szene wird sowohl entspannend als auch inspirierend sein.\" \/>\n<meta property=\"og:url\" content=\"https:\/\/berlindigitalart.com\/en\/product\/wanderer-in-den-bergen\/\" \/>\n<meta property=\"og:site_name\" content=\"Berlin Digital Art\" \/>\n<meta property=\"article:modified_time\" content=\"2025-01-02T22:52:13+00:00\" \/>\n<meta property=\"og:image\" content=\"https:\/\/berlindigitalart.com\/wp-content\/uploads\/2024\/12\/BerlinDigitalArt_Vacation_Beach_Boats_49-scaled.jpg\" \/>\n\t<meta property=\"og:image:width\" content=\"1810\" \/>\n\t<meta property=\"og:image:height\" content=\"2560\" \/>\n\t<meta property=\"og:image:type\" content=\"image\/jpeg\" \/>\n<meta name=\"twitter:card\" content=\"summary_large_image\" \/>\n<script type=\"application\/ld+json\" class=\"yoast-schema-graph\">{\"@context\":\"https:\\\/\\\/schema.org\",\"@graph\":[{\"@type\":\"WebPage\",\"@id\":\"https:\\\/\\\/berlindigitalart.com\\\/product\\\/wanderer-in-den-bergen\\\/\",\"url\":\"https:\\\/\\\/berlindigitalart.com\\\/product\\\/wanderer-in-den-bergen\\\/\",\"name\":\"Wanderer in den Bergen - Berlin Digital Art\",\"isPartOf\":{\"@id\":\"https:\\\/\\\/berlindigitalart.com\\\/#website\"},\"primaryImageOfPage\":{\"@id\":\"https:\\\/\\\/berlindigitalart.com\\\/product\\\/wanderer-in-den-bergen\\\/#primaryimage\"},\"image\":{\"@id\":\"https:\\\/\\\/berlindigitalart.com\\\/product\\\/wanderer-in-den-bergen\\\/#primaryimage\"},\"thumbnailUrl\":\"https:\\\/\\\/berlindigitalart.com\\\/wp-content\\\/uploads\\\/2024\\\/12\\\/BerlinDigitalArt_Vacation_Beach_Boats_49-scaled.jpg\",\"datePublished\":\"2025-01-02T22:52:12+00:00\",\"dateModified\":\"2025-01-02T22:52:13+00:00\",\"breadcrumb\":{\"@id\":\"https:\\\/\\\/berlindigitalart.com\\\/product\\\/wanderer-in-den-bergen\\\/#breadcrumb\"},\"inLanguage\":\"en-US\",\"potentialAction\":[{\"@type\":\"ReadAction\",\"target\":[\"https:\\\/\\\/berlindigitalart.com\\\/product\\\/wanderer-in-den-bergen\\\/\"]}]},{\"@type\":\"ImageObject\",\"inLanguage\":\"en-US\",\"@id\":\"https:\\\/\\\/berlindigitalart.com\\\/product\\\/wanderer-in-den-bergen\\\/#primaryimage\",\"url\":\"https:\\\/\\\/berlindigitalart.com\\\/wp-content\\\/uploads\\\/2024\\\/12\\\/BerlinDigitalArt_Vacation_Beach_Boats_49-scaled.jpg\",\"contentUrl\":\"https:\\\/\\\/berlindigitalart.com\\\/wp-content\\\/uploads\\\/2024\\\/12\\\/BerlinDigitalArt_Vacation_Beach_Boats_49-scaled.jpg\",\"width\":1810,\"height\":2560},{\"@type\":\"BreadcrumbList\",\"@id\":\"https:\\\/\\\/berlindigitalart.com\\\/product\\\/wanderer-in-den-bergen\\\/#breadcrumb\",\"itemListElement\":[{\"@type\":\"ListItem\",\"position\":1,\"name\":\"Home\",\"item\":\"https:\\\/\\\/berlindigitalart.com\\\/\"},{\"@type\":\"ListItem\",\"position\":2,\"name\":\"Education and Entertainment\",\"item\":\"https:\\\/\\\/berlindigitalart.com\\\/education-and-entertainment\\\/\"},{\"@type\":\"ListItem\",\"position\":3,\"name\":\"Wanderer in den Bergen\"}]},{\"@type\":\"WebSite\",\"@id\":\"https:\\\/\\\/berlindigitalart.com\\\/#website\",\"url\":\"https:\\\/\\\/berlindigitalart.com\\\/\",\"name\":\"Berlin Digital Art\",\"description\":\"Spielend Lernen\",\"publisher\":{\"@id\":\"https:\\\/\\\/berlindigitalart.com\\\/#organization\"},\"potentialAction\":[{\"@type\":\"SearchAction\",\"target\":{\"@type\":\"EntryPoint\",\"urlTemplate\":\"https:\\\/\\\/berlindigitalart.com\\\/?s={search_term_string}\"},\"query-input\":{\"@type\":\"PropertyValueSpecification\",\"valueRequired\":true,\"valueName\":\"search_term_string\"}}],\"inLanguage\":\"en-US\"},{\"@type\":\"Organization\",\"@id\":\"https:\\\/\\\/berlindigitalart.com\\\/#organization\",\"name\":\"Berlin Digital Art\",\"url\":\"https:\\\/\\\/berlindigitalart.com\\\/\",\"logo\":{\"@type\":\"ImageObject\",\"inLanguage\":\"en-US\",\"@id\":\"https:\\\/\\\/berlindigitalart.com\\\/#\\\/schema\\\/logo\\\/image\\\/\",\"url\":\"https:\\\/\\\/berlindigitalart.com\\\/wp-content\\\/uploads\\\/2024\\\/12\\\/Logo_BerlinDigitalArt.png\",\"contentUrl\":\"https:\\\/\\\/berlindigitalart.com\\\/wp-content\\\/uploads\\\/2024\\\/12\\\/Logo_BerlinDigitalArt.png\",\"width\":1563,\"height\":1563,\"caption\":\"Berlin Digital Art\"},\"image\":{\"@id\":\"https:\\\/\\\/berlindigitalart.com\\\/#\\\/schema\\\/logo\\\/image\\\/\"},\"sameAs\":[\"https:\\\/\\\/www.instagram.com\\\/berlin_digital_art\\\/\"]}]}<\/script>\n<!-- \/ Yoast SEO plugin. -->","yoast_head_json":{"title":"Wanderer in den Bergen - Berlin Digital Art","robots":{"index":"index","follow":"follow","max-snippet":"max-snippet:-1","max-image-preview":"max-image-preview:large","max-video-preview":"max-video-preview:-1"},"canonical":"https:\/\/berlindigitalart.com\/en\/product\/wanderer-in-den-bergen\/","og_locale":"en_US","og_type":"article","og_title":"Wanderer in den Bergen - Berlin Digital Art","og_description":"Ein Wanderer, der auf einem Bergpfad geht \u2013 diese Szene wird eine beruhigende und inspirierende Ausmalerfahrung bieten. Die Berge werden mit kr\u00e4ftigen Braunt\u00f6nen und tiefen Gr\u00fcnt\u00f6nen f\u00fcr die W\u00e4lder ausgemalt, w\u00e4hrend der Himmel in sanften Blau- und Wei\u00dft\u00f6nen gehalten werden kann. Besonders viel Spa\u00df wird es machen, die Details des Wanderers, der Ausr\u00fcstung und der Landschaft zu gestalten. Das Bild wird den K\u00fcnstler dazu einladen, sich auf die Weite der Natur und das Gef\u00fchl von Abenteuer und Freiheit einzulassen. Die Szene wird sowohl entspannend als auch inspirierend sein.","og_url":"https:\/\/berlindigitalart.com\/en\/product\/wanderer-in-den-bergen\/","og_site_name":"Berlin Digital Art","article_modified_time":"2025-01-02T22:52:13+00:00","og_image":[{"width":1810,"height":2560,"url":"https:\/\/berlindigitalart.com\/wp-content\/uploads\/2024\/12\/BerlinDigitalArt_Vacation_Beach_Boats_49-scaled.jpg","type":"image\/jpeg"}],"twitter_card":"summary_large_image","schema":{"@context":"https:\/\/schema.org","@graph":[{"@type":"WebPage","@id":"https:\/\/berlindigitalart.com\/product\/wanderer-in-den-bergen\/","url":"https:\/\/berlindigitalart.com\/product\/wanderer-in-den-bergen\/","name":"Wanderer in den Bergen - Berlin Digital Art","isPartOf":{"@id":"https:\/\/berlindigitalart.com\/#website"},"primaryImageOfPage":{"@id":"https:\/\/berlindigitalart.com\/product\/wanderer-in-den-bergen\/#primaryimage"},"image":{"@id":"https:\/\/berlindigitalart.com\/product\/wanderer-in-den-bergen\/#primaryimage"},"thumbnailUrl":"https:\/\/berlindigitalart.com\/wp-content\/uploads\/2024\/12\/BerlinDigitalArt_Vacation_Beach_Boats_49-scaled.jpg","datePublished":"2025-01-02T22:52:12+00:00","dateModified":"2025-01-02T22:52:13+00:00","breadcrumb":{"@id":"https:\/\/berlindigitalart.com\/product\/wanderer-in-den-bergen\/#breadcrumb"},"inLanguage":"en-US","potentialAction":[{"@type":"ReadAction","target":["https:\/\/berlindigitalart.com\/product\/wanderer-in-den-bergen\/"]}]},{"@type":"ImageObject","inLanguage":"en-US","@id":"https:\/\/berlindigitalart.com\/product\/wanderer-in-den-bergen\/#primaryimage","url":"https:\/\/berlindigitalart.com\/wp-content\/uploads\/2024\/12\/BerlinDigitalArt_Vacation_Beach_Boats_49-scaled.jpg","contentUrl":"https:\/\/berlindigitalart.com\/wp-content\/uploads\/2024\/12\/BerlinDigitalArt_Vacation_Beach_Boats_49-scaled.jpg","width":1810,"height":2560},{"@type":"BreadcrumbList","@id":"https:\/\/berlindigitalart.com\/product\/wanderer-in-den-bergen\/#breadcrumb","itemListElement":[{"@type":"ListItem","position":1,"name":"Home","item":"https:\/\/berlindigitalart.com\/"},{"@type":"ListItem","position":2,"name":"Education and Entertainment","item":"https:\/\/berlindigitalart.com\/education-and-entertainment\/"},{"@type":"ListItem","position":3,"name":"Wanderer in den Bergen"}]},{"@type":"WebSite","@id":"https:\/\/berlindigitalart.com\/#website","url":"https:\/\/berlindigitalart.com\/","name":"Berlin Digital Art","description":"Spielend Lernen","publisher":{"@id":"https:\/\/berlindigitalart.com\/#organization"},"potentialAction":[{"@type":"SearchAction","target":{"@type":"EntryPoint","urlTemplate":"https:\/\/berlindigitalart.com\/?s={search_term_string}"},"query-input":{"@type":"PropertyValueSpecification","valueRequired":true,"valueName":"search_term_string"}}],"inLanguage":"en-US"},{"@type":"Organization","@id":"https:\/\/berlindigitalart.com\/#organization","name":"Berlin Digital Art","url":"https:\/\/berlindigitalart.com\/","logo":{"@type":"ImageObject","inLanguage":"en-US","@id":"https:\/\/berlindigitalart.com\/#\/schema\/logo\/image\/","url":"https:\/\/berlindigitalart.com\/wp-content\/uploads\/2024\/12\/Logo_BerlinDigitalArt.png","contentUrl":"https:\/\/berlindigitalart.com\/wp-content\/uploads\/2024\/12\/Logo_BerlinDigitalArt.png","width":1563,"height":1563,"caption":"Berlin Digital Art"},"image":{"@id":"https:\/\/berlindigitalart.com\/#\/schema\/logo\/image\/"},"sameAs":["https:\/\/www.instagram.com\/berlin_digital_art\/"]}]}},"acf":[],"_links":{"self":[{"href":"https:\/\/berlindigitalart.com\/en\/wp-json\/wp\/v2\/product\/868","targetHints":{"allow":["GET"]}}],"collection":[{"href":"https:\/\/berlindigitalart.com\/en\/wp-json\/wp\/v2\/product"}],"about":[{"href":"https:\/\/berlindigitalart.com\/en\/wp-json\/wp\/v2\/types\/product"}],"replies":[{"embeddable":true,"href":"https:\/\/berlindigitalart.com\/en\/wp-json\/wp\/v2\/comments?post=868"}],"wp:featuredmedia":[{"embeddable":true,"href":"https:\/\/berlindigitalart.com\/en\/wp-json\/wp\/v2\/media\/456"}],"wp:attachment":[{"href":"https:\/\/berlindigitalart.com\/en\/wp-json\/wp\/v2\/media?parent=868"}],"wp:term":[{"taxonomy":"product_brand","embeddable":true,"href":"https:\/\/berlindigitalart.com\/en\/wp-json\/wp\/v2\/product_brand?post=868"},{"taxonomy":"product_cat","embeddable":true,"href":"https:\/\/berlindigitalart.com\/en\/wp-json\/wp\/v2\/product_cat?post=868"},{"taxonomy":"product_tag","embeddable":true,"href":"https:\/\/berlindigitalart.com\/en\/wp-json\/wp\/v2\/product_tag?post=868"}],"curies":[{"name":"wp","href":"https:\/\/api.w.org\/{rel}","templated":true}]}}