{"id":863,"date":"2025-01-02T23:52:08","date_gmt":"2025-01-02T22:52:08","guid":{"rendered":"https:\/\/berlindigitalart.com\/product\/ferien-kreuzfahrtschiff\/"},"modified":"2025-01-02T23:52:08","modified_gmt":"2025-01-02T22:52:08","slug":"ferien-kreuzfahrtschiff","status":"publish","type":"product","link":"https:\/\/berlindigitalart.com\/en\/product\/ferien-kreuzfahrtschiff\/","title":{"rendered":"Ferien-Kreuzfahrtschiff"},"content":{"rendered":"<p>Ein gro\u00dfes, elegantes Kreuzfahrtschiff, das durch ruhige Gew\u00e4sser f\u00e4hrt \u2013 diese Szene wird viel Freude beim Ausmalen bieten. Das Kreuzfahrtschiff mit seinen vielen Details, wie den Fenstern und Decks, wird eine wunderbare Herausforderung sein, w\u00e4hrend das Meer in verschiedenen Blaut\u00f6nen und die Wellen in Wei\u00dft\u00f6nen ausgemalt werden k\u00f6nnen. Der K\u00fcnstler kann sich auch in den Details des Himmels und des Horizonts verlieren. Besonders viel Spa\u00df wird es machen, die majest\u00e4tische Gr\u00f6\u00dfe des Schiffes und das Gef\u00fchl von Urlaub und Entspannung darzustellen.<\/p>","protected":false},"excerpt":{"rendered":"<p>Ein gro\u00dfes, elegantes Kreuzfahrtschiff, das durch ruhige Gew\u00e4sser f\u00e4hrt \u2013 diese Szene wird viel Freude beim Ausmalen bieten. Das Kreuzfahrtschiff mit seinen vielen Details, wie den Fenstern und Decks, wird eine wunderbare Herausforderung sein, w\u00e4hrend das Meer in verschiedenen Blaut\u00f6nen und die Wellen in Wei\u00dft\u00f6nen ausgemalt werden k\u00f6nnen. Der K\u00fcnstler kann sich auch in den Details des Himmels und des Horizonts verlieren. Besonders viel Spa\u00df wird es machen, die majest\u00e4tische Gr\u00f6\u00dfe des Schiffes und das Gef\u00fchl von Urlaub und Entspannung darzustellen.<\/p>","protected":false},"featured_media":451,"comment_status":"open","ping_status":"closed","template":"","meta":[],"product_brand":[],"product_cat":[17,57],"product_tag":[],"class_list":{"0":"post-863","1":"product","2":"type-product","3":"status-publish","4":"has-post-thumbnail","6":"product_cat-ausmalbilder","7":"product_cat-urlaubausmalbilder","9":"first","10":"instock","11":"downloadable","12":"virtual","13":"product-type-simple"},"yoast_head":"<!-- This site is optimized with the Yoast SEO plugin v27.3 - https:\/\/yoast.com\/product\/yoast-seo-wordpress\/ -->\n<title>Ferien-Kreuzfahrtschiff - Berlin Digital Art<\/title>\n<meta name=\"robots\" content=\"index, follow, max-snippet:-1, max-image-preview:large, max-video-preview:-1\" \/>\n<link rel=\"canonical\" href=\"https:\/\/berlindigitalart.com\/en\/product\/ferien-kreuzfahrtschiff\/\" \/>\n<meta property=\"og:locale\" content=\"en_US\" \/>\n<meta property=\"og:type\" content=\"article\" \/>\n<meta property=\"og:title\" content=\"Ferien-Kreuzfahrtschiff - Berlin Digital Art\" \/>\n<meta property=\"og:description\" content=\"Ein gro\u00dfes, elegantes Kreuzfahrtschiff, das durch ruhige Gew\u00e4sser f\u00e4hrt \u2013 diese Szene wird viel Freude beim Ausmalen bieten. Das Kreuzfahrtschiff mit seinen vielen Details, wie den Fenstern und Decks, wird eine wunderbare Herausforderung sein, w\u00e4hrend das Meer in verschiedenen Blaut\u00f6nen und die Wellen in Wei\u00dft\u00f6nen ausgemalt werden k\u00f6nnen. Der K\u00fcnstler kann sich auch in den Details des Himmels und des Horizonts verlieren. Besonders viel Spa\u00df wird es machen, die majest\u00e4tische Gr\u00f6\u00dfe des Schiffes und das Gef\u00fchl von Urlaub und Entspannung darzustellen.\" \/>\n<meta property=\"og:url\" content=\"https:\/\/berlindigitalart.com\/en\/product\/ferien-kreuzfahrtschiff\/\" \/>\n<meta property=\"og:site_name\" content=\"Berlin Digital Art\" \/>\n<meta property=\"og:image\" content=\"https:\/\/berlindigitalart.com\/wp-content\/uploads\/2024\/12\/BerlinDigitalArt_Vacation_Beach_Boats_44-scaled.jpg\" \/>\n\t<meta property=\"og:image:width\" content=\"1810\" \/>\n\t<meta property=\"og:image:height\" content=\"2560\" \/>\n\t<meta property=\"og:image:type\" content=\"image\/jpeg\" \/>\n<meta name=\"twitter:card\" content=\"summary_large_image\" \/>\n<script type=\"application\/ld+json\" class=\"yoast-schema-graph\">{\"@context\":\"https:\\\/\\\/schema.org\",\"@graph\":[{\"@type\":\"WebPage\",\"@id\":\"https:\\\/\\\/berlindigitalart.com\\\/product\\\/ferien-kreuzfahrtschiff\\\/\",\"url\":\"https:\\\/\\\/berlindigitalart.com\\\/product\\\/ferien-kreuzfahrtschiff\\\/\",\"name\":\"Ferien-Kreuzfahrtschiff - Berlin Digital Art\",\"isPartOf\":{\"@id\":\"https:\\\/\\\/berlindigitalart.com\\\/#website\"},\"primaryImageOfPage\":{\"@id\":\"https:\\\/\\\/berlindigitalart.com\\\/product\\\/ferien-kreuzfahrtschiff\\\/#primaryimage\"},\"image\":{\"@id\":\"https:\\\/\\\/berlindigitalart.com\\\/product\\\/ferien-kreuzfahrtschiff\\\/#primaryimage\"},\"thumbnailUrl\":\"https:\\\/\\\/berlindigitalart.com\\\/wp-content\\\/uploads\\\/2024\\\/12\\\/BerlinDigitalArt_Vacation_Beach_Boats_44-scaled.jpg\",\"datePublished\":\"2025-01-02T22:52:08+00:00\",\"breadcrumb\":{\"@id\":\"https:\\\/\\\/berlindigitalart.com\\\/product\\\/ferien-kreuzfahrtschiff\\\/#breadcrumb\"},\"inLanguage\":\"en-US\",\"potentialAction\":[{\"@type\":\"ReadAction\",\"target\":[\"https:\\\/\\\/berlindigitalart.com\\\/product\\\/ferien-kreuzfahrtschiff\\\/\"]}]},{\"@type\":\"ImageObject\",\"inLanguage\":\"en-US\",\"@id\":\"https:\\\/\\\/berlindigitalart.com\\\/product\\\/ferien-kreuzfahrtschiff\\\/#primaryimage\",\"url\":\"https:\\\/\\\/berlindigitalart.com\\\/wp-content\\\/uploads\\\/2024\\\/12\\\/BerlinDigitalArt_Vacation_Beach_Boats_44-scaled.jpg\",\"contentUrl\":\"https:\\\/\\\/berlindigitalart.com\\\/wp-content\\\/uploads\\\/2024\\\/12\\\/BerlinDigitalArt_Vacation_Beach_Boats_44-scaled.jpg\",\"width\":1810,\"height\":2560},{\"@type\":\"BreadcrumbList\",\"@id\":\"https:\\\/\\\/berlindigitalart.com\\\/product\\\/ferien-kreuzfahrtschiff\\\/#breadcrumb\",\"itemListElement\":[{\"@type\":\"ListItem\",\"position\":1,\"name\":\"Home\",\"item\":\"https:\\\/\\\/berlindigitalart.com\\\/\"},{\"@type\":\"ListItem\",\"position\":2,\"name\":\"Education and Entertainment\",\"item\":\"https:\\\/\\\/berlindigitalart.com\\\/education-and-entertainment\\\/\"},{\"@type\":\"ListItem\",\"position\":3,\"name\":\"Ferien-Kreuzfahrtschiff\"}]},{\"@type\":\"WebSite\",\"@id\":\"https:\\\/\\\/berlindigitalart.com\\\/#website\",\"url\":\"https:\\\/\\\/berlindigitalart.com\\\/\",\"name\":\"Berlin Digital Art\",\"description\":\"Spielend Lernen\",\"publisher\":{\"@id\":\"https:\\\/\\\/berlindigitalart.com\\\/#organization\"},\"potentialAction\":[{\"@type\":\"SearchAction\",\"target\":{\"@type\":\"EntryPoint\",\"urlTemplate\":\"https:\\\/\\\/berlindigitalart.com\\\/?s={search_term_string}\"},\"query-input\":{\"@type\":\"PropertyValueSpecification\",\"valueRequired\":true,\"valueName\":\"search_term_string\"}}],\"inLanguage\":\"en-US\"},{\"@type\":\"Organization\",\"@id\":\"https:\\\/\\\/berlindigitalart.com\\\/#organization\",\"name\":\"Berlin Digital Art\",\"url\":\"https:\\\/\\\/berlindigitalart.com\\\/\",\"logo\":{\"@type\":\"ImageObject\",\"inLanguage\":\"en-US\",\"@id\":\"https:\\\/\\\/berlindigitalart.com\\\/#\\\/schema\\\/logo\\\/image\\\/\",\"url\":\"https:\\\/\\\/berlindigitalart.com\\\/wp-content\\\/uploads\\\/2024\\\/12\\\/Logo_BerlinDigitalArt.png\",\"contentUrl\":\"https:\\\/\\\/berlindigitalart.com\\\/wp-content\\\/uploads\\\/2024\\\/12\\\/Logo_BerlinDigitalArt.png\",\"width\":1563,\"height\":1563,\"caption\":\"Berlin Digital Art\"},\"image\":{\"@id\":\"https:\\\/\\\/berlindigitalart.com\\\/#\\\/schema\\\/logo\\\/image\\\/\"},\"sameAs\":[\"https:\\\/\\\/www.instagram.com\\\/berlin_digital_art\\\/\"]}]}<\/script>\n<!-- \/ Yoast SEO plugin. -->","yoast_head_json":{"title":"Ferien-Kreuzfahrtschiff - Berlin Digital Art","robots":{"index":"index","follow":"follow","max-snippet":"max-snippet:-1","max-image-preview":"max-image-preview:large","max-video-preview":"max-video-preview:-1"},"canonical":"https:\/\/berlindigitalart.com\/en\/product\/ferien-kreuzfahrtschiff\/","og_locale":"en_US","og_type":"article","og_title":"Ferien-Kreuzfahrtschiff - Berlin Digital Art","og_description":"Ein gro\u00dfes, elegantes Kreuzfahrtschiff, das durch ruhige Gew\u00e4sser f\u00e4hrt \u2013 diese Szene wird viel Freude beim Ausmalen bieten. Das Kreuzfahrtschiff mit seinen vielen Details, wie den Fenstern und Decks, wird eine wunderbare Herausforderung sein, w\u00e4hrend das Meer in verschiedenen Blaut\u00f6nen und die Wellen in Wei\u00dft\u00f6nen ausgemalt werden k\u00f6nnen. Der K\u00fcnstler kann sich auch in den Details des Himmels und des Horizonts verlieren. Besonders viel Spa\u00df wird es machen, die majest\u00e4tische Gr\u00f6\u00dfe des Schiffes und das Gef\u00fchl von Urlaub und Entspannung darzustellen.","og_url":"https:\/\/berlindigitalart.com\/en\/product\/ferien-kreuzfahrtschiff\/","og_site_name":"Berlin Digital Art","og_image":[{"width":1810,"height":2560,"url":"https:\/\/berlindigitalart.com\/wp-content\/uploads\/2024\/12\/BerlinDigitalArt_Vacation_Beach_Boats_44-scaled.jpg","type":"image\/jpeg"}],"twitter_card":"summary_large_image","schema":{"@context":"https:\/\/schema.org","@graph":[{"@type":"WebPage","@id":"https:\/\/berlindigitalart.com\/product\/ferien-kreuzfahrtschiff\/","url":"https:\/\/berlindigitalart.com\/product\/ferien-kreuzfahrtschiff\/","name":"Ferien-Kreuzfahrtschiff - Berlin Digital Art","isPartOf":{"@id":"https:\/\/berlindigitalart.com\/#website"},"primaryImageOfPage":{"@id":"https:\/\/berlindigitalart.com\/product\/ferien-kreuzfahrtschiff\/#primaryimage"},"image":{"@id":"https:\/\/berlindigitalart.com\/product\/ferien-kreuzfahrtschiff\/#primaryimage"},"thumbnailUrl":"https:\/\/berlindigitalart.com\/wp-content\/uploads\/2024\/12\/BerlinDigitalArt_Vacation_Beach_Boats_44-scaled.jpg","datePublished":"2025-01-02T22:52:08+00:00","breadcrumb":{"@id":"https:\/\/berlindigitalart.com\/product\/ferien-kreuzfahrtschiff\/#breadcrumb"},"inLanguage":"en-US","potentialAction":[{"@type":"ReadAction","target":["https:\/\/berlindigitalart.com\/product\/ferien-kreuzfahrtschiff\/"]}]},{"@type":"ImageObject","inLanguage":"en-US","@id":"https:\/\/berlindigitalart.com\/product\/ferien-kreuzfahrtschiff\/#primaryimage","url":"https:\/\/berlindigitalart.com\/wp-content\/uploads\/2024\/12\/BerlinDigitalArt_Vacation_Beach_Boats_44-scaled.jpg","contentUrl":"https:\/\/berlindigitalart.com\/wp-content\/uploads\/2024\/12\/BerlinDigitalArt_Vacation_Beach_Boats_44-scaled.jpg","width":1810,"height":2560},{"@type":"BreadcrumbList","@id":"https:\/\/berlindigitalart.com\/product\/ferien-kreuzfahrtschiff\/#breadcrumb","itemListElement":[{"@type":"ListItem","position":1,"name":"Home","item":"https:\/\/berlindigitalart.com\/"},{"@type":"ListItem","position":2,"name":"Education and Entertainment","item":"https:\/\/berlindigitalart.com\/education-and-entertainment\/"},{"@type":"ListItem","position":3,"name":"Ferien-Kreuzfahrtschiff"}]},{"@type":"WebSite","@id":"https:\/\/berlindigitalart.com\/#website","url":"https:\/\/berlindigitalart.com\/","name":"Berlin Digital Art","description":"Spielend Lernen","publisher":{"@id":"https:\/\/berlindigitalart.com\/#organization"},"potentialAction":[{"@type":"SearchAction","target":{"@type":"EntryPoint","urlTemplate":"https:\/\/berlindigitalart.com\/?s={search_term_string}"},"query-input":{"@type":"PropertyValueSpecification","valueRequired":true,"valueName":"search_term_string"}}],"inLanguage":"en-US"},{"@type":"Organization","@id":"https:\/\/berlindigitalart.com\/#organization","name":"Berlin Digital Art","url":"https:\/\/berlindigitalart.com\/","logo":{"@type":"ImageObject","inLanguage":"en-US","@id":"https:\/\/berlindigitalart.com\/#\/schema\/logo\/image\/","url":"https:\/\/berlindigitalart.com\/wp-content\/uploads\/2024\/12\/Logo_BerlinDigitalArt.png","contentUrl":"https:\/\/berlindigitalart.com\/wp-content\/uploads\/2024\/12\/Logo_BerlinDigitalArt.png","width":1563,"height":1563,"caption":"Berlin Digital Art"},"image":{"@id":"https:\/\/berlindigitalart.com\/#\/schema\/logo\/image\/"},"sameAs":["https:\/\/www.instagram.com\/berlin_digital_art\/"]}]}},"acf":[],"_links":{"self":[{"href":"https:\/\/berlindigitalart.com\/en\/wp-json\/wp\/v2\/product\/863","targetHints":{"allow":["GET"]}}],"collection":[{"href":"https:\/\/berlindigitalart.com\/en\/wp-json\/wp\/v2\/product"}],"about":[{"href":"https:\/\/berlindigitalart.com\/en\/wp-json\/wp\/v2\/types\/product"}],"replies":[{"embeddable":true,"href":"https:\/\/berlindigitalart.com\/en\/wp-json\/wp\/v2\/comments?post=863"}],"wp:featuredmedia":[{"embeddable":true,"href":"https:\/\/berlindigitalart.com\/en\/wp-json\/wp\/v2\/media\/451"}],"wp:attachment":[{"href":"https:\/\/berlindigitalart.com\/en\/wp-json\/wp\/v2\/media?parent=863"}],"wp:term":[{"taxonomy":"product_brand","embeddable":true,"href":"https:\/\/berlindigitalart.com\/en\/wp-json\/wp\/v2\/product_brand?post=863"},{"taxonomy":"product_cat","embeddable":true,"href":"https:\/\/berlindigitalart.com\/en\/wp-json\/wp\/v2\/product_cat?post=863"},{"taxonomy":"product_tag","embeddable":true,"href":"https:\/\/berlindigitalart.com\/en\/wp-json\/wp\/v2\/product_tag?post=863"}],"curies":[{"name":"wp","href":"https:\/\/api.w.org\/{rel}","templated":true}]}}