{"id":858,"date":"2025-01-02T23:52:03","date_gmt":"2025-01-02T22:52:03","guid":{"rendered":"https:\/\/berlindigitalart.com\/product\/gluecklicher-wohnwagen\/"},"modified":"2025-01-02T23:52:04","modified_gmt":"2025-01-02T22:52:04","slug":"gluecklicher-wohnwagen","status":"publish","type":"product","link":"https:\/\/berlindigitalart.com\/en\/product\/gluecklicher-wohnwagen\/","title":{"rendered":"Gl\u00fccklicher Wohnwagen"},"content":{"rendered":"<p>Ein Wohnwagen, der inmitten einer wundersch\u00f6nen Landschaft parkt \u2013 das Ausmalen dieser Szene wird dem K\u00fcnstler viel Freude bereiten. Der Wohnwagen kann mit vielen Details und Farben gestaltet werden \u2013 von den Fenstern bis zu den R\u00e4dern. Die umgebende Landschaft bietet viele kreative M\u00f6glichkeiten, mit gr\u00fcnen Wiesen, bl\u00fchenden Blumen und einem strahlend blauen Himmel zu arbeiten. Besonders viel Spa\u00df wird es machen, die Texturen der Natur \u2013 wie B\u00e4ume, Gras und Blumen \u2013 darzustellen und den Wohnwagen in eine lebendige, einladende Szene einzubinden. Das Bild wird eine entspannte Atmosph\u00e4re und eine Einladung zur Reise und Entdeckung bieten.<\/p>","protected":false},"excerpt":{"rendered":"<p>Ein Wohnwagen, der inmitten einer wundersch\u00f6nen Landschaft parkt \u2013 das Ausmalen dieser Szene wird dem K\u00fcnstler viel Freude bereiten. Der Wohnwagen kann mit vielen Details und Farben gestaltet werden \u2013 von den Fenstern bis zu den R\u00e4dern. Die umgebende Landschaft bietet viele kreative M\u00f6glichkeiten, mit gr\u00fcnen Wiesen, bl\u00fchenden Blumen und einem strahlend blauen Himmel zu arbeiten. Besonders viel Spa\u00df wird es machen, die Texturen der Natur \u2013 wie B\u00e4ume, Gras und Blumen \u2013 darzustellen und den Wohnwagen in eine lebendige, einladende Szene einzubinden. Das Bild wird eine entspannte Atmosph\u00e4re und eine Einladung zur Reise und Entdeckung bieten.<\/p>","protected":false},"featured_media":446,"comment_status":"open","ping_status":"closed","template":"","meta":[],"product_brand":[],"product_cat":[17,57],"product_tag":[],"class_list":{"0":"post-858","1":"product","2":"type-product","3":"status-publish","4":"has-post-thumbnail","6":"product_cat-ausmalbilder","7":"product_cat-urlaubausmalbilder","9":"first","10":"instock","11":"downloadable","12":"virtual","13":"product-type-simple"},"yoast_head":"<!-- This site is optimized with the Yoast SEO plugin v27.3 - https:\/\/yoast.com\/product\/yoast-seo-wordpress\/ -->\n<title>Gl\u00fccklicher Wohnwagen - Berlin Digital Art<\/title>\n<meta name=\"robots\" content=\"index, follow, max-snippet:-1, max-image-preview:large, max-video-preview:-1\" \/>\n<link rel=\"canonical\" href=\"https:\/\/berlindigitalart.com\/en\/product\/gluecklicher-wohnwagen\/\" \/>\n<meta property=\"og:locale\" content=\"en_US\" \/>\n<meta property=\"og:type\" content=\"article\" \/>\n<meta property=\"og:title\" content=\"Gl\u00fccklicher Wohnwagen - Berlin Digital Art\" \/>\n<meta property=\"og:description\" content=\"Ein Wohnwagen, der inmitten einer wundersch\u00f6nen Landschaft parkt \u2013 das Ausmalen dieser Szene wird dem K\u00fcnstler viel Freude bereiten. Der Wohnwagen kann mit vielen Details und Farben gestaltet werden \u2013 von den Fenstern bis zu den R\u00e4dern. Die umgebende Landschaft bietet viele kreative M\u00f6glichkeiten, mit gr\u00fcnen Wiesen, bl\u00fchenden Blumen und einem strahlend blauen Himmel zu arbeiten. Besonders viel Spa\u00df wird es machen, die Texturen der Natur \u2013 wie B\u00e4ume, Gras und Blumen \u2013 darzustellen und den Wohnwagen in eine lebendige, einladende Szene einzubinden. Das Bild wird eine entspannte Atmosph\u00e4re und eine Einladung zur Reise und Entdeckung bieten.\" \/>\n<meta property=\"og:url\" content=\"https:\/\/berlindigitalart.com\/en\/product\/gluecklicher-wohnwagen\/\" \/>\n<meta property=\"og:site_name\" content=\"Berlin Digital Art\" \/>\n<meta property=\"article:modified_time\" content=\"2025-01-02T22:52:04+00:00\" \/>\n<meta property=\"og:image\" content=\"https:\/\/berlindigitalart.com\/wp-content\/uploads\/2024\/12\/BerlinDigitalArt_Vacation_Beach_Boats_39-scaled.jpg\" \/>\n\t<meta property=\"og:image:width\" content=\"1810\" \/>\n\t<meta property=\"og:image:height\" content=\"2560\" \/>\n\t<meta property=\"og:image:type\" content=\"image\/jpeg\" \/>\n<meta name=\"twitter:card\" content=\"summary_large_image\" \/>\n<meta name=\"twitter:label1\" content=\"Est. reading time\" \/>\n\t<meta name=\"twitter:data1\" content=\"1 minute\" \/>\n<script type=\"application\/ld+json\" class=\"yoast-schema-graph\">{\"@context\":\"https:\\\/\\\/schema.org\",\"@graph\":[{\"@type\":\"WebPage\",\"@id\":\"https:\\\/\\\/berlindigitalart.com\\\/product\\\/gluecklicher-wohnwagen\\\/\",\"url\":\"https:\\\/\\\/berlindigitalart.com\\\/product\\\/gluecklicher-wohnwagen\\\/\",\"name\":\"Gl\u00fccklicher Wohnwagen - Berlin Digital Art\",\"isPartOf\":{\"@id\":\"https:\\\/\\\/berlindigitalart.com\\\/#website\"},\"primaryImageOfPage\":{\"@id\":\"https:\\\/\\\/berlindigitalart.com\\\/product\\\/gluecklicher-wohnwagen\\\/#primaryimage\"},\"image\":{\"@id\":\"https:\\\/\\\/berlindigitalart.com\\\/product\\\/gluecklicher-wohnwagen\\\/#primaryimage\"},\"thumbnailUrl\":\"https:\\\/\\\/berlindigitalart.com\\\/wp-content\\\/uploads\\\/2024\\\/12\\\/BerlinDigitalArt_Vacation_Beach_Boats_39-scaled.jpg\",\"datePublished\":\"2025-01-02T22:52:03+00:00\",\"dateModified\":\"2025-01-02T22:52:04+00:00\",\"breadcrumb\":{\"@id\":\"https:\\\/\\\/berlindigitalart.com\\\/product\\\/gluecklicher-wohnwagen\\\/#breadcrumb\"},\"inLanguage\":\"en-US\",\"potentialAction\":[{\"@type\":\"ReadAction\",\"target\":[\"https:\\\/\\\/berlindigitalart.com\\\/product\\\/gluecklicher-wohnwagen\\\/\"]}]},{\"@type\":\"ImageObject\",\"inLanguage\":\"en-US\",\"@id\":\"https:\\\/\\\/berlindigitalart.com\\\/product\\\/gluecklicher-wohnwagen\\\/#primaryimage\",\"url\":\"https:\\\/\\\/berlindigitalart.com\\\/wp-content\\\/uploads\\\/2024\\\/12\\\/BerlinDigitalArt_Vacation_Beach_Boats_39-scaled.jpg\",\"contentUrl\":\"https:\\\/\\\/berlindigitalart.com\\\/wp-content\\\/uploads\\\/2024\\\/12\\\/BerlinDigitalArt_Vacation_Beach_Boats_39-scaled.jpg\",\"width\":1810,\"height\":2560},{\"@type\":\"BreadcrumbList\",\"@id\":\"https:\\\/\\\/berlindigitalart.com\\\/product\\\/gluecklicher-wohnwagen\\\/#breadcrumb\",\"itemListElement\":[{\"@type\":\"ListItem\",\"position\":1,\"name\":\"Home\",\"item\":\"https:\\\/\\\/berlindigitalart.com\\\/\"},{\"@type\":\"ListItem\",\"position\":2,\"name\":\"Education and Entertainment\",\"item\":\"https:\\\/\\\/berlindigitalart.com\\\/education-and-entertainment\\\/\"},{\"@type\":\"ListItem\",\"position\":3,\"name\":\"Gl\u00fccklicher Wohnwagen\"}]},{\"@type\":\"WebSite\",\"@id\":\"https:\\\/\\\/berlindigitalart.com\\\/#website\",\"url\":\"https:\\\/\\\/berlindigitalart.com\\\/\",\"name\":\"Berlin Digital Art\",\"description\":\"Spielend Lernen\",\"publisher\":{\"@id\":\"https:\\\/\\\/berlindigitalart.com\\\/#organization\"},\"potentialAction\":[{\"@type\":\"SearchAction\",\"target\":{\"@type\":\"EntryPoint\",\"urlTemplate\":\"https:\\\/\\\/berlindigitalart.com\\\/?s={search_term_string}\"},\"query-input\":{\"@type\":\"PropertyValueSpecification\",\"valueRequired\":true,\"valueName\":\"search_term_string\"}}],\"inLanguage\":\"en-US\"},{\"@type\":\"Organization\",\"@id\":\"https:\\\/\\\/berlindigitalart.com\\\/#organization\",\"name\":\"Berlin Digital Art\",\"url\":\"https:\\\/\\\/berlindigitalart.com\\\/\",\"logo\":{\"@type\":\"ImageObject\",\"inLanguage\":\"en-US\",\"@id\":\"https:\\\/\\\/berlindigitalart.com\\\/#\\\/schema\\\/logo\\\/image\\\/\",\"url\":\"https:\\\/\\\/berlindigitalart.com\\\/wp-content\\\/uploads\\\/2024\\\/12\\\/Logo_BerlinDigitalArt.png\",\"contentUrl\":\"https:\\\/\\\/berlindigitalart.com\\\/wp-content\\\/uploads\\\/2024\\\/12\\\/Logo_BerlinDigitalArt.png\",\"width\":1563,\"height\":1563,\"caption\":\"Berlin Digital Art\"},\"image\":{\"@id\":\"https:\\\/\\\/berlindigitalart.com\\\/#\\\/schema\\\/logo\\\/image\\\/\"},\"sameAs\":[\"https:\\\/\\\/www.instagram.com\\\/berlin_digital_art\\\/\"]}]}<\/script>\n<!-- \/ Yoast SEO plugin. -->","yoast_head_json":{"title":"Gl\u00fccklicher Wohnwagen - Berlin Digital Art","robots":{"index":"index","follow":"follow","max-snippet":"max-snippet:-1","max-image-preview":"max-image-preview:large","max-video-preview":"max-video-preview:-1"},"canonical":"https:\/\/berlindigitalart.com\/en\/product\/gluecklicher-wohnwagen\/","og_locale":"en_US","og_type":"article","og_title":"Gl\u00fccklicher Wohnwagen - Berlin Digital Art","og_description":"Ein Wohnwagen, der inmitten einer wundersch\u00f6nen Landschaft parkt \u2013 das Ausmalen dieser Szene wird dem K\u00fcnstler viel Freude bereiten. Der Wohnwagen kann mit vielen Details und Farben gestaltet werden \u2013 von den Fenstern bis zu den R\u00e4dern. Die umgebende Landschaft bietet viele kreative M\u00f6glichkeiten, mit gr\u00fcnen Wiesen, bl\u00fchenden Blumen und einem strahlend blauen Himmel zu arbeiten. Besonders viel Spa\u00df wird es machen, die Texturen der Natur \u2013 wie B\u00e4ume, Gras und Blumen \u2013 darzustellen und den Wohnwagen in eine lebendige, einladende Szene einzubinden. Das Bild wird eine entspannte Atmosph\u00e4re und eine Einladung zur Reise und Entdeckung bieten.","og_url":"https:\/\/berlindigitalart.com\/en\/product\/gluecklicher-wohnwagen\/","og_site_name":"Berlin Digital Art","article_modified_time":"2025-01-02T22:52:04+00:00","og_image":[{"width":1810,"height":2560,"url":"https:\/\/berlindigitalart.com\/wp-content\/uploads\/2024\/12\/BerlinDigitalArt_Vacation_Beach_Boats_39-scaled.jpg","type":"image\/jpeg"}],"twitter_card":"summary_large_image","twitter_misc":{"Est. reading time":"1 minute"},"schema":{"@context":"https:\/\/schema.org","@graph":[{"@type":"WebPage","@id":"https:\/\/berlindigitalart.com\/product\/gluecklicher-wohnwagen\/","url":"https:\/\/berlindigitalart.com\/product\/gluecklicher-wohnwagen\/","name":"Gl\u00fccklicher Wohnwagen - Berlin Digital Art","isPartOf":{"@id":"https:\/\/berlindigitalart.com\/#website"},"primaryImageOfPage":{"@id":"https:\/\/berlindigitalart.com\/product\/gluecklicher-wohnwagen\/#primaryimage"},"image":{"@id":"https:\/\/berlindigitalart.com\/product\/gluecklicher-wohnwagen\/#primaryimage"},"thumbnailUrl":"https:\/\/berlindigitalart.com\/wp-content\/uploads\/2024\/12\/BerlinDigitalArt_Vacation_Beach_Boats_39-scaled.jpg","datePublished":"2025-01-02T22:52:03+00:00","dateModified":"2025-01-02T22:52:04+00:00","breadcrumb":{"@id":"https:\/\/berlindigitalart.com\/product\/gluecklicher-wohnwagen\/#breadcrumb"},"inLanguage":"en-US","potentialAction":[{"@type":"ReadAction","target":["https:\/\/berlindigitalart.com\/product\/gluecklicher-wohnwagen\/"]}]},{"@type":"ImageObject","inLanguage":"en-US","@id":"https:\/\/berlindigitalart.com\/product\/gluecklicher-wohnwagen\/#primaryimage","url":"https:\/\/berlindigitalart.com\/wp-content\/uploads\/2024\/12\/BerlinDigitalArt_Vacation_Beach_Boats_39-scaled.jpg","contentUrl":"https:\/\/berlindigitalart.com\/wp-content\/uploads\/2024\/12\/BerlinDigitalArt_Vacation_Beach_Boats_39-scaled.jpg","width":1810,"height":2560},{"@type":"BreadcrumbList","@id":"https:\/\/berlindigitalart.com\/product\/gluecklicher-wohnwagen\/#breadcrumb","itemListElement":[{"@type":"ListItem","position":1,"name":"Home","item":"https:\/\/berlindigitalart.com\/"},{"@type":"ListItem","position":2,"name":"Education and Entertainment","item":"https:\/\/berlindigitalart.com\/education-and-entertainment\/"},{"@type":"ListItem","position":3,"name":"Gl\u00fccklicher Wohnwagen"}]},{"@type":"WebSite","@id":"https:\/\/berlindigitalart.com\/#website","url":"https:\/\/berlindigitalart.com\/","name":"Berlin Digital Art","description":"Spielend Lernen","publisher":{"@id":"https:\/\/berlindigitalart.com\/#organization"},"potentialAction":[{"@type":"SearchAction","target":{"@type":"EntryPoint","urlTemplate":"https:\/\/berlindigitalart.com\/?s={search_term_string}"},"query-input":{"@type":"PropertyValueSpecification","valueRequired":true,"valueName":"search_term_string"}}],"inLanguage":"en-US"},{"@type":"Organization","@id":"https:\/\/berlindigitalart.com\/#organization","name":"Berlin Digital Art","url":"https:\/\/berlindigitalart.com\/","logo":{"@type":"ImageObject","inLanguage":"en-US","@id":"https:\/\/berlindigitalart.com\/#\/schema\/logo\/image\/","url":"https:\/\/berlindigitalart.com\/wp-content\/uploads\/2024\/12\/Logo_BerlinDigitalArt.png","contentUrl":"https:\/\/berlindigitalart.com\/wp-content\/uploads\/2024\/12\/Logo_BerlinDigitalArt.png","width":1563,"height":1563,"caption":"Berlin Digital Art"},"image":{"@id":"https:\/\/berlindigitalart.com\/#\/schema\/logo\/image\/"},"sameAs":["https:\/\/www.instagram.com\/berlin_digital_art\/"]}]}},"acf":[],"_links":{"self":[{"href":"https:\/\/berlindigitalart.com\/en\/wp-json\/wp\/v2\/product\/858","targetHints":{"allow":["GET"]}}],"collection":[{"href":"https:\/\/berlindigitalart.com\/en\/wp-json\/wp\/v2\/product"}],"about":[{"href":"https:\/\/berlindigitalart.com\/en\/wp-json\/wp\/v2\/types\/product"}],"replies":[{"embeddable":true,"href":"https:\/\/berlindigitalart.com\/en\/wp-json\/wp\/v2\/comments?post=858"}],"wp:featuredmedia":[{"embeddable":true,"href":"https:\/\/berlindigitalart.com\/en\/wp-json\/wp\/v2\/media\/446"}],"wp:attachment":[{"href":"https:\/\/berlindigitalart.com\/en\/wp-json\/wp\/v2\/media?parent=858"}],"wp:term":[{"taxonomy":"product_brand","embeddable":true,"href":"https:\/\/berlindigitalart.com\/en\/wp-json\/wp\/v2\/product_brand?post=858"},{"taxonomy":"product_cat","embeddable":true,"href":"https:\/\/berlindigitalart.com\/en\/wp-json\/wp\/v2\/product_cat?post=858"},{"taxonomy":"product_tag","embeddable":true,"href":"https:\/\/berlindigitalart.com\/en\/wp-json\/wp\/v2\/product_tag?post=858"}],"curies":[{"name":"wp","href":"https:\/\/api.w.org\/{rel}","templated":true}]}}