{"id":857,"date":"2025-01-02T23:52:02","date_gmt":"2025-01-02T22:52:02","guid":{"rendered":"https:\/\/berlindigitalart.com\/product\/jetski-spass\/"},"modified":"2025-01-02T23:52:03","modified_gmt":"2025-01-02T22:52:03","slug":"jetski-spass","status":"publish","type":"product","link":"https:\/\/berlindigitalart.com\/en\/product\/jetski-spass\/","title":{"rendered":"Jetski Spa\u00df"},"content":{"rendered":"<p>Ein aufregendes Bild von einer Person, die auf einem Jetski \u00fcber die Wellen f\u00e4hrt. Die dynamische Bewegung des Jetskis und die Gischt, die durch die Geschwindigkeit entsteht, machen das Ausmalen dieser Szene besonders spannend. Der K\u00fcnstler kann mit vielen verschiedenen Blaut\u00f6nen f\u00fcr das Wasser und den Himmel spielen, w\u00e4hrend der Jetski in kr\u00e4ftigen Farben gemalt werden kann. Besonders viel Freude wird es bereiten, die Texturen der Wellen und das spr\u00fchende Wasser zu gestalten. Das Bild wird dem K\u00fcnstler eine aufregende, actionreiche Ausmalerfahrung bieten, bei der Bewegung und Dynamik im Vordergrund stehen.<\/p>","protected":false},"excerpt":{"rendered":"<p>Ein aufregendes Bild von einer Person, die auf einem Jetski \u00fcber die Wellen f\u00e4hrt. Die dynamische Bewegung des Jetskis und die Gischt, die durch die Geschwindigkeit entsteht, machen das Ausmalen dieser Szene besonders spannend. Der K\u00fcnstler kann mit vielen verschiedenen Blaut\u00f6nen f\u00fcr das Wasser und den Himmel spielen, w\u00e4hrend der Jetski in kr\u00e4ftigen Farben gemalt werden kann. Besonders viel Freude wird es bereiten, die Texturen der Wellen und das spr\u00fchende Wasser zu gestalten. Das Bild wird dem K\u00fcnstler eine aufregende, actionreiche Ausmalerfahrung bieten, bei der Bewegung und Dynamik im Vordergrund stehen.<\/p>","protected":false},"featured_media":445,"comment_status":"open","ping_status":"closed","template":"","meta":[],"product_brand":[],"product_cat":[17,57],"product_tag":[],"class_list":{"0":"post-857","1":"product","2":"type-product","3":"status-publish","4":"has-post-thumbnail","6":"product_cat-ausmalbilder","7":"product_cat-urlaubausmalbilder","9":"first","10":"instock","11":"downloadable","12":"virtual","13":"product-type-simple"},"yoast_head":"<!-- This site is optimized with the Yoast SEO plugin v27.3 - https:\/\/yoast.com\/product\/yoast-seo-wordpress\/ -->\n<title>Jetski Spa\u00df - Berlin Digital Art<\/title>\n<meta name=\"robots\" content=\"index, follow, max-snippet:-1, max-image-preview:large, max-video-preview:-1\" \/>\n<link rel=\"canonical\" href=\"https:\/\/berlindigitalart.com\/en\/product\/jetski-spass\/\" \/>\n<meta property=\"og:locale\" content=\"en_US\" \/>\n<meta property=\"og:type\" content=\"article\" \/>\n<meta property=\"og:title\" content=\"Jetski Spa\u00df - Berlin Digital Art\" \/>\n<meta property=\"og:description\" content=\"Ein aufregendes Bild von einer Person, die auf einem Jetski \u00fcber die Wellen f\u00e4hrt. Die dynamische Bewegung des Jetskis und die Gischt, die durch die Geschwindigkeit entsteht, machen das Ausmalen dieser Szene besonders spannend. Der K\u00fcnstler kann mit vielen verschiedenen Blaut\u00f6nen f\u00fcr das Wasser und den Himmel spielen, w\u00e4hrend der Jetski in kr\u00e4ftigen Farben gemalt werden kann. Besonders viel Freude wird es bereiten, die Texturen der Wellen und das spr\u00fchende Wasser zu gestalten. Das Bild wird dem K\u00fcnstler eine aufregende, actionreiche Ausmalerfahrung bieten, bei der Bewegung und Dynamik im Vordergrund stehen.\" \/>\n<meta property=\"og:url\" content=\"https:\/\/berlindigitalart.com\/en\/product\/jetski-spass\/\" \/>\n<meta property=\"og:site_name\" content=\"Berlin Digital Art\" \/>\n<meta property=\"article:modified_time\" content=\"2025-01-02T22:52:03+00:00\" \/>\n<meta property=\"og:image\" content=\"https:\/\/berlindigitalart.com\/wp-content\/uploads\/2024\/12\/BerlinDigitalArt_Vacation_Beach_Boats_38-scaled.jpg\" \/>\n\t<meta property=\"og:image:width\" content=\"1810\" \/>\n\t<meta property=\"og:image:height\" content=\"2560\" \/>\n\t<meta property=\"og:image:type\" content=\"image\/jpeg\" \/>\n<meta name=\"twitter:card\" content=\"summary_large_image\" \/>\n<script type=\"application\/ld+json\" class=\"yoast-schema-graph\">{\"@context\":\"https:\\\/\\\/schema.org\",\"@graph\":[{\"@type\":\"WebPage\",\"@id\":\"https:\\\/\\\/berlindigitalart.com\\\/product\\\/jetski-spass\\\/\",\"url\":\"https:\\\/\\\/berlindigitalart.com\\\/product\\\/jetski-spass\\\/\",\"name\":\"Jetski Spa\u00df - Berlin Digital Art\",\"isPartOf\":{\"@id\":\"https:\\\/\\\/berlindigitalart.com\\\/#website\"},\"primaryImageOfPage\":{\"@id\":\"https:\\\/\\\/berlindigitalart.com\\\/product\\\/jetski-spass\\\/#primaryimage\"},\"image\":{\"@id\":\"https:\\\/\\\/berlindigitalart.com\\\/product\\\/jetski-spass\\\/#primaryimage\"},\"thumbnailUrl\":\"https:\\\/\\\/berlindigitalart.com\\\/wp-content\\\/uploads\\\/2024\\\/12\\\/BerlinDigitalArt_Vacation_Beach_Boats_38-scaled.jpg\",\"datePublished\":\"2025-01-02T22:52:02+00:00\",\"dateModified\":\"2025-01-02T22:52:03+00:00\",\"breadcrumb\":{\"@id\":\"https:\\\/\\\/berlindigitalart.com\\\/product\\\/jetski-spass\\\/#breadcrumb\"},\"inLanguage\":\"en-US\",\"potentialAction\":[{\"@type\":\"ReadAction\",\"target\":[\"https:\\\/\\\/berlindigitalart.com\\\/product\\\/jetski-spass\\\/\"]}]},{\"@type\":\"ImageObject\",\"inLanguage\":\"en-US\",\"@id\":\"https:\\\/\\\/berlindigitalart.com\\\/product\\\/jetski-spass\\\/#primaryimage\",\"url\":\"https:\\\/\\\/berlindigitalart.com\\\/wp-content\\\/uploads\\\/2024\\\/12\\\/BerlinDigitalArt_Vacation_Beach_Boats_38-scaled.jpg\",\"contentUrl\":\"https:\\\/\\\/berlindigitalart.com\\\/wp-content\\\/uploads\\\/2024\\\/12\\\/BerlinDigitalArt_Vacation_Beach_Boats_38-scaled.jpg\",\"width\":1810,\"height\":2560},{\"@type\":\"BreadcrumbList\",\"@id\":\"https:\\\/\\\/berlindigitalart.com\\\/product\\\/jetski-spass\\\/#breadcrumb\",\"itemListElement\":[{\"@type\":\"ListItem\",\"position\":1,\"name\":\"Home\",\"item\":\"https:\\\/\\\/berlindigitalart.com\\\/\"},{\"@type\":\"ListItem\",\"position\":2,\"name\":\"Education and Entertainment\",\"item\":\"https:\\\/\\\/berlindigitalart.com\\\/education-and-entertainment\\\/\"},{\"@type\":\"ListItem\",\"position\":3,\"name\":\"Jetski Spa\u00df\"}]},{\"@type\":\"WebSite\",\"@id\":\"https:\\\/\\\/berlindigitalart.com\\\/#website\",\"url\":\"https:\\\/\\\/berlindigitalart.com\\\/\",\"name\":\"Berlin Digital Art\",\"description\":\"Spielend Lernen\",\"publisher\":{\"@id\":\"https:\\\/\\\/berlindigitalart.com\\\/#organization\"},\"potentialAction\":[{\"@type\":\"SearchAction\",\"target\":{\"@type\":\"EntryPoint\",\"urlTemplate\":\"https:\\\/\\\/berlindigitalart.com\\\/?s={search_term_string}\"},\"query-input\":{\"@type\":\"PropertyValueSpecification\",\"valueRequired\":true,\"valueName\":\"search_term_string\"}}],\"inLanguage\":\"en-US\"},{\"@type\":\"Organization\",\"@id\":\"https:\\\/\\\/berlindigitalart.com\\\/#organization\",\"name\":\"Berlin Digital Art\",\"url\":\"https:\\\/\\\/berlindigitalart.com\\\/\",\"logo\":{\"@type\":\"ImageObject\",\"inLanguage\":\"en-US\",\"@id\":\"https:\\\/\\\/berlindigitalart.com\\\/#\\\/schema\\\/logo\\\/image\\\/\",\"url\":\"https:\\\/\\\/berlindigitalart.com\\\/wp-content\\\/uploads\\\/2024\\\/12\\\/Logo_BerlinDigitalArt.png\",\"contentUrl\":\"https:\\\/\\\/berlindigitalart.com\\\/wp-content\\\/uploads\\\/2024\\\/12\\\/Logo_BerlinDigitalArt.png\",\"width\":1563,\"height\":1563,\"caption\":\"Berlin Digital Art\"},\"image\":{\"@id\":\"https:\\\/\\\/berlindigitalart.com\\\/#\\\/schema\\\/logo\\\/image\\\/\"},\"sameAs\":[\"https:\\\/\\\/www.instagram.com\\\/berlin_digital_art\\\/\"]}]}<\/script>\n<!-- \/ Yoast SEO plugin. -->","yoast_head_json":{"title":"Jetski Spa\u00df - Berlin Digital Art","robots":{"index":"index","follow":"follow","max-snippet":"max-snippet:-1","max-image-preview":"max-image-preview:large","max-video-preview":"max-video-preview:-1"},"canonical":"https:\/\/berlindigitalart.com\/en\/product\/jetski-spass\/","og_locale":"en_US","og_type":"article","og_title":"Jetski Spa\u00df - Berlin Digital Art","og_description":"Ein aufregendes Bild von einer Person, die auf einem Jetski \u00fcber die Wellen f\u00e4hrt. Die dynamische Bewegung des Jetskis und die Gischt, die durch die Geschwindigkeit entsteht, machen das Ausmalen dieser Szene besonders spannend. Der K\u00fcnstler kann mit vielen verschiedenen Blaut\u00f6nen f\u00fcr das Wasser und den Himmel spielen, w\u00e4hrend der Jetski in kr\u00e4ftigen Farben gemalt werden kann. Besonders viel Freude wird es bereiten, die Texturen der Wellen und das spr\u00fchende Wasser zu gestalten. Das Bild wird dem K\u00fcnstler eine aufregende, actionreiche Ausmalerfahrung bieten, bei der Bewegung und Dynamik im Vordergrund stehen.","og_url":"https:\/\/berlindigitalart.com\/en\/product\/jetski-spass\/","og_site_name":"Berlin Digital Art","article_modified_time":"2025-01-02T22:52:03+00:00","og_image":[{"width":1810,"height":2560,"url":"https:\/\/berlindigitalart.com\/wp-content\/uploads\/2024\/12\/BerlinDigitalArt_Vacation_Beach_Boats_38-scaled.jpg","type":"image\/jpeg"}],"twitter_card":"summary_large_image","schema":{"@context":"https:\/\/schema.org","@graph":[{"@type":"WebPage","@id":"https:\/\/berlindigitalart.com\/product\/jetski-spass\/","url":"https:\/\/berlindigitalart.com\/product\/jetski-spass\/","name":"Jetski Spa\u00df - Berlin Digital Art","isPartOf":{"@id":"https:\/\/berlindigitalart.com\/#website"},"primaryImageOfPage":{"@id":"https:\/\/berlindigitalart.com\/product\/jetski-spass\/#primaryimage"},"image":{"@id":"https:\/\/berlindigitalart.com\/product\/jetski-spass\/#primaryimage"},"thumbnailUrl":"https:\/\/berlindigitalart.com\/wp-content\/uploads\/2024\/12\/BerlinDigitalArt_Vacation_Beach_Boats_38-scaled.jpg","datePublished":"2025-01-02T22:52:02+00:00","dateModified":"2025-01-02T22:52:03+00:00","breadcrumb":{"@id":"https:\/\/berlindigitalart.com\/product\/jetski-spass\/#breadcrumb"},"inLanguage":"en-US","potentialAction":[{"@type":"ReadAction","target":["https:\/\/berlindigitalart.com\/product\/jetski-spass\/"]}]},{"@type":"ImageObject","inLanguage":"en-US","@id":"https:\/\/berlindigitalart.com\/product\/jetski-spass\/#primaryimage","url":"https:\/\/berlindigitalart.com\/wp-content\/uploads\/2024\/12\/BerlinDigitalArt_Vacation_Beach_Boats_38-scaled.jpg","contentUrl":"https:\/\/berlindigitalart.com\/wp-content\/uploads\/2024\/12\/BerlinDigitalArt_Vacation_Beach_Boats_38-scaled.jpg","width":1810,"height":2560},{"@type":"BreadcrumbList","@id":"https:\/\/berlindigitalart.com\/product\/jetski-spass\/#breadcrumb","itemListElement":[{"@type":"ListItem","position":1,"name":"Home","item":"https:\/\/berlindigitalart.com\/"},{"@type":"ListItem","position":2,"name":"Education and Entertainment","item":"https:\/\/berlindigitalart.com\/education-and-entertainment\/"},{"@type":"ListItem","position":3,"name":"Jetski Spa\u00df"}]},{"@type":"WebSite","@id":"https:\/\/berlindigitalart.com\/#website","url":"https:\/\/berlindigitalart.com\/","name":"Berlin Digital Art","description":"Spielend Lernen","publisher":{"@id":"https:\/\/berlindigitalart.com\/#organization"},"potentialAction":[{"@type":"SearchAction","target":{"@type":"EntryPoint","urlTemplate":"https:\/\/berlindigitalart.com\/?s={search_term_string}"},"query-input":{"@type":"PropertyValueSpecification","valueRequired":true,"valueName":"search_term_string"}}],"inLanguage":"en-US"},{"@type":"Organization","@id":"https:\/\/berlindigitalart.com\/#organization","name":"Berlin Digital Art","url":"https:\/\/berlindigitalart.com\/","logo":{"@type":"ImageObject","inLanguage":"en-US","@id":"https:\/\/berlindigitalart.com\/#\/schema\/logo\/image\/","url":"https:\/\/berlindigitalart.com\/wp-content\/uploads\/2024\/12\/Logo_BerlinDigitalArt.png","contentUrl":"https:\/\/berlindigitalart.com\/wp-content\/uploads\/2024\/12\/Logo_BerlinDigitalArt.png","width":1563,"height":1563,"caption":"Berlin Digital Art"},"image":{"@id":"https:\/\/berlindigitalart.com\/#\/schema\/logo\/image\/"},"sameAs":["https:\/\/www.instagram.com\/berlin_digital_art\/"]}]}},"acf":[],"_links":{"self":[{"href":"https:\/\/berlindigitalart.com\/en\/wp-json\/wp\/v2\/product\/857","targetHints":{"allow":["GET"]}}],"collection":[{"href":"https:\/\/berlindigitalart.com\/en\/wp-json\/wp\/v2\/product"}],"about":[{"href":"https:\/\/berlindigitalart.com\/en\/wp-json\/wp\/v2\/types\/product"}],"replies":[{"embeddable":true,"href":"https:\/\/berlindigitalart.com\/en\/wp-json\/wp\/v2\/comments?post=857"}],"wp:featuredmedia":[{"embeddable":true,"href":"https:\/\/berlindigitalart.com\/en\/wp-json\/wp\/v2\/media\/445"}],"wp:attachment":[{"href":"https:\/\/berlindigitalart.com\/en\/wp-json\/wp\/v2\/media?parent=857"}],"wp:term":[{"taxonomy":"product_brand","embeddable":true,"href":"https:\/\/berlindigitalart.com\/en\/wp-json\/wp\/v2\/product_brand?post=857"},{"taxonomy":"product_cat","embeddable":true,"href":"https:\/\/berlindigitalart.com\/en\/wp-json\/wp\/v2\/product_cat?post=857"},{"taxonomy":"product_tag","embeddable":true,"href":"https:\/\/berlindigitalart.com\/en\/wp-json\/wp\/v2\/product_tag?post=857"}],"curies":[{"name":"wp","href":"https:\/\/api.w.org\/{rel}","templated":true}]}}