{"id":853,"date":"2025-01-02T23:51:58","date_gmt":"2025-01-02T22:51:58","guid":{"rendered":"https:\/\/berlindigitalart.com\/product\/friedliches-segeln\/"},"modified":"2025-01-02T23:51:59","modified_gmt":"2025-01-02T22:51:59","slug":"friedliches-segeln","status":"publish","type":"product","link":"https:\/\/berlindigitalart.com\/en\/product\/friedliches-segeln\/","title":{"rendered":"Friedliches Segeln"},"content":{"rendered":"<p>Ein Segelboot, das ruhig auf dem Wasser gleitet \u2013 diese Szene wird eine beruhigende Ausmalerfahrung bieten. Der K\u00fcnstler wird mit verschiedenen Blaut\u00f6nen arbeiten k\u00f6nnen, um das Wasser darzustellen, das sanft das Boot umsp\u00fclt, w\u00e4hrend der Himmel in sanften Pastellfarben gestaltet wird. Besonders viel Spa\u00df wird es machen, das Segel zu gestalten, das von einem leichten Wind aufgeblasen wird. Das Bild vermittelt eine entspannende Atmosph\u00e4re und wird den K\u00fcnstler dazu einladen, die ruhige, friedliche Bewegung des Segelns zu genie\u00dfen. Die sanften \u00dcberg\u00e4nge zwischen Himmel und Wasser sowie die Details des Bootes bieten viele kreative M\u00f6glichkeiten.<\/p>","protected":false},"excerpt":{"rendered":"<p>Ein Segelboot, das ruhig auf dem Wasser gleitet \u2013 diese Szene wird eine beruhigende Ausmalerfahrung bieten. Der K\u00fcnstler wird mit verschiedenen Blaut\u00f6nen arbeiten k\u00f6nnen, um das Wasser darzustellen, das sanft das Boot umsp\u00fclt, w\u00e4hrend der Himmel in sanften Pastellfarben gestaltet wird. Besonders viel Spa\u00df wird es machen, das Segel zu gestalten, das von einem leichten Wind aufgeblasen wird. Das Bild vermittelt eine entspannende Atmosph\u00e4re und wird den K\u00fcnstler dazu einladen, die ruhige, friedliche Bewegung des Segelns zu genie\u00dfen. Die sanften \u00dcberg\u00e4nge zwischen Himmel und Wasser sowie die Details des Bootes bieten viele kreative M\u00f6glichkeiten.<\/p>","protected":false},"featured_media":441,"comment_status":"open","ping_status":"closed","template":"","meta":[],"product_brand":[],"product_cat":[17,57],"product_tag":[],"class_list":{"0":"post-853","1":"product","2":"type-product","3":"status-publish","4":"has-post-thumbnail","6":"product_cat-ausmalbilder","7":"product_cat-urlaubausmalbilder","9":"first","10":"instock","11":"downloadable","12":"virtual","13":"product-type-simple"},"yoast_head":"<!-- This site is optimized with the Yoast SEO plugin v27.3 - https:\/\/yoast.com\/product\/yoast-seo-wordpress\/ -->\n<title>Friedliches Segeln - Berlin Digital Art<\/title>\n<meta name=\"robots\" content=\"index, follow, max-snippet:-1, max-image-preview:large, max-video-preview:-1\" \/>\n<link rel=\"canonical\" href=\"https:\/\/berlindigitalart.com\/en\/product\/friedliches-segeln\/\" \/>\n<meta property=\"og:locale\" content=\"en_US\" \/>\n<meta property=\"og:type\" content=\"article\" \/>\n<meta property=\"og:title\" content=\"Friedliches Segeln - Berlin Digital Art\" \/>\n<meta property=\"og:description\" content=\"Ein Segelboot, das ruhig auf dem Wasser gleitet \u2013 diese Szene wird eine beruhigende Ausmalerfahrung bieten. Der K\u00fcnstler wird mit verschiedenen Blaut\u00f6nen arbeiten k\u00f6nnen, um das Wasser darzustellen, das sanft das Boot umsp\u00fclt, w\u00e4hrend der Himmel in sanften Pastellfarben gestaltet wird. Besonders viel Spa\u00df wird es machen, das Segel zu gestalten, das von einem leichten Wind aufgeblasen wird. Das Bild vermittelt eine entspannende Atmosph\u00e4re und wird den K\u00fcnstler dazu einladen, die ruhige, friedliche Bewegung des Segelns zu genie\u00dfen. Die sanften \u00dcberg\u00e4nge zwischen Himmel und Wasser sowie die Details des Bootes bieten viele kreative M\u00f6glichkeiten.\" \/>\n<meta property=\"og:url\" content=\"https:\/\/berlindigitalart.com\/en\/product\/friedliches-segeln\/\" \/>\n<meta property=\"og:site_name\" content=\"Berlin Digital Art\" \/>\n<meta property=\"article:modified_time\" content=\"2025-01-02T22:51:59+00:00\" \/>\n<meta property=\"og:image\" content=\"https:\/\/berlindigitalart.com\/wp-content\/uploads\/2024\/12\/BerlinDigitalArt_Vacation_Beach_Boats_34-scaled.jpg\" \/>\n\t<meta property=\"og:image:width\" content=\"1810\" \/>\n\t<meta property=\"og:image:height\" content=\"2560\" \/>\n\t<meta property=\"og:image:type\" content=\"image\/jpeg\" \/>\n<meta name=\"twitter:card\" content=\"summary_large_image\" \/>\n<meta name=\"twitter:label1\" content=\"Est. reading time\" \/>\n\t<meta name=\"twitter:data1\" content=\"1 minute\" \/>\n<script type=\"application\/ld+json\" class=\"yoast-schema-graph\">{\"@context\":\"https:\\\/\\\/schema.org\",\"@graph\":[{\"@type\":\"WebPage\",\"@id\":\"https:\\\/\\\/berlindigitalart.com\\\/product\\\/friedliches-segeln\\\/\",\"url\":\"https:\\\/\\\/berlindigitalart.com\\\/product\\\/friedliches-segeln\\\/\",\"name\":\"Friedliches Segeln - Berlin Digital Art\",\"isPartOf\":{\"@id\":\"https:\\\/\\\/berlindigitalart.com\\\/#website\"},\"primaryImageOfPage\":{\"@id\":\"https:\\\/\\\/berlindigitalart.com\\\/product\\\/friedliches-segeln\\\/#primaryimage\"},\"image\":{\"@id\":\"https:\\\/\\\/berlindigitalart.com\\\/product\\\/friedliches-segeln\\\/#primaryimage\"},\"thumbnailUrl\":\"https:\\\/\\\/berlindigitalart.com\\\/wp-content\\\/uploads\\\/2024\\\/12\\\/BerlinDigitalArt_Vacation_Beach_Boats_34-scaled.jpg\",\"datePublished\":\"2025-01-02T22:51:58+00:00\",\"dateModified\":\"2025-01-02T22:51:59+00:00\",\"breadcrumb\":{\"@id\":\"https:\\\/\\\/berlindigitalart.com\\\/product\\\/friedliches-segeln\\\/#breadcrumb\"},\"inLanguage\":\"en-US\",\"potentialAction\":[{\"@type\":\"ReadAction\",\"target\":[\"https:\\\/\\\/berlindigitalart.com\\\/product\\\/friedliches-segeln\\\/\"]}]},{\"@type\":\"ImageObject\",\"inLanguage\":\"en-US\",\"@id\":\"https:\\\/\\\/berlindigitalart.com\\\/product\\\/friedliches-segeln\\\/#primaryimage\",\"url\":\"https:\\\/\\\/berlindigitalart.com\\\/wp-content\\\/uploads\\\/2024\\\/12\\\/BerlinDigitalArt_Vacation_Beach_Boats_34-scaled.jpg\",\"contentUrl\":\"https:\\\/\\\/berlindigitalart.com\\\/wp-content\\\/uploads\\\/2024\\\/12\\\/BerlinDigitalArt_Vacation_Beach_Boats_34-scaled.jpg\",\"width\":1810,\"height\":2560},{\"@type\":\"BreadcrumbList\",\"@id\":\"https:\\\/\\\/berlindigitalart.com\\\/product\\\/friedliches-segeln\\\/#breadcrumb\",\"itemListElement\":[{\"@type\":\"ListItem\",\"position\":1,\"name\":\"Home\",\"item\":\"https:\\\/\\\/berlindigitalart.com\\\/\"},{\"@type\":\"ListItem\",\"position\":2,\"name\":\"Education and Entertainment\",\"item\":\"https:\\\/\\\/berlindigitalart.com\\\/education-and-entertainment\\\/\"},{\"@type\":\"ListItem\",\"position\":3,\"name\":\"Friedliches Segeln\"}]},{\"@type\":\"WebSite\",\"@id\":\"https:\\\/\\\/berlindigitalart.com\\\/#website\",\"url\":\"https:\\\/\\\/berlindigitalart.com\\\/\",\"name\":\"Berlin Digital Art\",\"description\":\"Spielend Lernen\",\"publisher\":{\"@id\":\"https:\\\/\\\/berlindigitalart.com\\\/#organization\"},\"potentialAction\":[{\"@type\":\"SearchAction\",\"target\":{\"@type\":\"EntryPoint\",\"urlTemplate\":\"https:\\\/\\\/berlindigitalart.com\\\/?s={search_term_string}\"},\"query-input\":{\"@type\":\"PropertyValueSpecification\",\"valueRequired\":true,\"valueName\":\"search_term_string\"}}],\"inLanguage\":\"en-US\"},{\"@type\":\"Organization\",\"@id\":\"https:\\\/\\\/berlindigitalart.com\\\/#organization\",\"name\":\"Berlin Digital Art\",\"url\":\"https:\\\/\\\/berlindigitalart.com\\\/\",\"logo\":{\"@type\":\"ImageObject\",\"inLanguage\":\"en-US\",\"@id\":\"https:\\\/\\\/berlindigitalart.com\\\/#\\\/schema\\\/logo\\\/image\\\/\",\"url\":\"https:\\\/\\\/berlindigitalart.com\\\/wp-content\\\/uploads\\\/2024\\\/12\\\/Logo_BerlinDigitalArt.png\",\"contentUrl\":\"https:\\\/\\\/berlindigitalart.com\\\/wp-content\\\/uploads\\\/2024\\\/12\\\/Logo_BerlinDigitalArt.png\",\"width\":1563,\"height\":1563,\"caption\":\"Berlin Digital Art\"},\"image\":{\"@id\":\"https:\\\/\\\/berlindigitalart.com\\\/#\\\/schema\\\/logo\\\/image\\\/\"},\"sameAs\":[\"https:\\\/\\\/www.instagram.com\\\/berlin_digital_art\\\/\"]}]}<\/script>\n<!-- \/ Yoast SEO plugin. -->","yoast_head_json":{"title":"Friedliches Segeln - Berlin Digital Art","robots":{"index":"index","follow":"follow","max-snippet":"max-snippet:-1","max-image-preview":"max-image-preview:large","max-video-preview":"max-video-preview:-1"},"canonical":"https:\/\/berlindigitalart.com\/en\/product\/friedliches-segeln\/","og_locale":"en_US","og_type":"article","og_title":"Friedliches Segeln - Berlin Digital Art","og_description":"Ein Segelboot, das ruhig auf dem Wasser gleitet \u2013 diese Szene wird eine beruhigende Ausmalerfahrung bieten. Der K\u00fcnstler wird mit verschiedenen Blaut\u00f6nen arbeiten k\u00f6nnen, um das Wasser darzustellen, das sanft das Boot umsp\u00fclt, w\u00e4hrend der Himmel in sanften Pastellfarben gestaltet wird. Besonders viel Spa\u00df wird es machen, das Segel zu gestalten, das von einem leichten Wind aufgeblasen wird. Das Bild vermittelt eine entspannende Atmosph\u00e4re und wird den K\u00fcnstler dazu einladen, die ruhige, friedliche Bewegung des Segelns zu genie\u00dfen. Die sanften \u00dcberg\u00e4nge zwischen Himmel und Wasser sowie die Details des Bootes bieten viele kreative M\u00f6glichkeiten.","og_url":"https:\/\/berlindigitalart.com\/en\/product\/friedliches-segeln\/","og_site_name":"Berlin Digital Art","article_modified_time":"2025-01-02T22:51:59+00:00","og_image":[{"width":1810,"height":2560,"url":"https:\/\/berlindigitalart.com\/wp-content\/uploads\/2024\/12\/BerlinDigitalArt_Vacation_Beach_Boats_34-scaled.jpg","type":"image\/jpeg"}],"twitter_card":"summary_large_image","twitter_misc":{"Est. reading time":"1 minute"},"schema":{"@context":"https:\/\/schema.org","@graph":[{"@type":"WebPage","@id":"https:\/\/berlindigitalart.com\/product\/friedliches-segeln\/","url":"https:\/\/berlindigitalart.com\/product\/friedliches-segeln\/","name":"Friedliches Segeln - Berlin Digital Art","isPartOf":{"@id":"https:\/\/berlindigitalart.com\/#website"},"primaryImageOfPage":{"@id":"https:\/\/berlindigitalart.com\/product\/friedliches-segeln\/#primaryimage"},"image":{"@id":"https:\/\/berlindigitalart.com\/product\/friedliches-segeln\/#primaryimage"},"thumbnailUrl":"https:\/\/berlindigitalart.com\/wp-content\/uploads\/2024\/12\/BerlinDigitalArt_Vacation_Beach_Boats_34-scaled.jpg","datePublished":"2025-01-02T22:51:58+00:00","dateModified":"2025-01-02T22:51:59+00:00","breadcrumb":{"@id":"https:\/\/berlindigitalart.com\/product\/friedliches-segeln\/#breadcrumb"},"inLanguage":"en-US","potentialAction":[{"@type":"ReadAction","target":["https:\/\/berlindigitalart.com\/product\/friedliches-segeln\/"]}]},{"@type":"ImageObject","inLanguage":"en-US","@id":"https:\/\/berlindigitalart.com\/product\/friedliches-segeln\/#primaryimage","url":"https:\/\/berlindigitalart.com\/wp-content\/uploads\/2024\/12\/BerlinDigitalArt_Vacation_Beach_Boats_34-scaled.jpg","contentUrl":"https:\/\/berlindigitalart.com\/wp-content\/uploads\/2024\/12\/BerlinDigitalArt_Vacation_Beach_Boats_34-scaled.jpg","width":1810,"height":2560},{"@type":"BreadcrumbList","@id":"https:\/\/berlindigitalart.com\/product\/friedliches-segeln\/#breadcrumb","itemListElement":[{"@type":"ListItem","position":1,"name":"Home","item":"https:\/\/berlindigitalart.com\/"},{"@type":"ListItem","position":2,"name":"Education and Entertainment","item":"https:\/\/berlindigitalart.com\/education-and-entertainment\/"},{"@type":"ListItem","position":3,"name":"Friedliches Segeln"}]},{"@type":"WebSite","@id":"https:\/\/berlindigitalart.com\/#website","url":"https:\/\/berlindigitalart.com\/","name":"Berlin Digital Art","description":"Spielend Lernen","publisher":{"@id":"https:\/\/berlindigitalart.com\/#organization"},"potentialAction":[{"@type":"SearchAction","target":{"@type":"EntryPoint","urlTemplate":"https:\/\/berlindigitalart.com\/?s={search_term_string}"},"query-input":{"@type":"PropertyValueSpecification","valueRequired":true,"valueName":"search_term_string"}}],"inLanguage":"en-US"},{"@type":"Organization","@id":"https:\/\/berlindigitalart.com\/#organization","name":"Berlin Digital Art","url":"https:\/\/berlindigitalart.com\/","logo":{"@type":"ImageObject","inLanguage":"en-US","@id":"https:\/\/berlindigitalart.com\/#\/schema\/logo\/image\/","url":"https:\/\/berlindigitalart.com\/wp-content\/uploads\/2024\/12\/Logo_BerlinDigitalArt.png","contentUrl":"https:\/\/berlindigitalart.com\/wp-content\/uploads\/2024\/12\/Logo_BerlinDigitalArt.png","width":1563,"height":1563,"caption":"Berlin Digital Art"},"image":{"@id":"https:\/\/berlindigitalart.com\/#\/schema\/logo\/image\/"},"sameAs":["https:\/\/www.instagram.com\/berlin_digital_art\/"]}]}},"acf":[],"_links":{"self":[{"href":"https:\/\/berlindigitalart.com\/en\/wp-json\/wp\/v2\/product\/853","targetHints":{"allow":["GET"]}}],"collection":[{"href":"https:\/\/berlindigitalart.com\/en\/wp-json\/wp\/v2\/product"}],"about":[{"href":"https:\/\/berlindigitalart.com\/en\/wp-json\/wp\/v2\/types\/product"}],"replies":[{"embeddable":true,"href":"https:\/\/berlindigitalart.com\/en\/wp-json\/wp\/v2\/comments?post=853"}],"wp:featuredmedia":[{"embeddable":true,"href":"https:\/\/berlindigitalart.com\/en\/wp-json\/wp\/v2\/media\/441"}],"wp:attachment":[{"href":"https:\/\/berlindigitalart.com\/en\/wp-json\/wp\/v2\/media?parent=853"}],"wp:term":[{"taxonomy":"product_brand","embeddable":true,"href":"https:\/\/berlindigitalart.com\/en\/wp-json\/wp\/v2\/product_brand?post=853"},{"taxonomy":"product_cat","embeddable":true,"href":"https:\/\/berlindigitalart.com\/en\/wp-json\/wp\/v2\/product_cat?post=853"},{"taxonomy":"product_tag","embeddable":true,"href":"https:\/\/berlindigitalart.com\/en\/wp-json\/wp\/v2\/product_tag?post=853"}],"curies":[{"name":"wp","href":"https:\/\/api.w.org\/{rel}","templated":true}]}}