{"id":851,"date":"2025-01-02T23:51:57","date_gmt":"2025-01-02T22:51:57","guid":{"rendered":"https:\/\/berlindigitalart.com\/product\/kajak-am-see\/"},"modified":"2025-01-02T23:51:57","modified_gmt":"2025-01-02T22:51:57","slug":"kajak-am-see","status":"publish","type":"product","link":"https:\/\/berlindigitalart.com\/en\/product\/kajak-am-see\/","title":{"rendered":"Kajak am See"},"content":{"rendered":"<p>Ein ruhiger Ausflug im Kajak auf einem klaren See \u2013 das Ausmalen dieser Szene wird unglaublich beruhigend und entspannend sein. Der K\u00fcnstler kann mit sanften Blau- und Gr\u00fcnt\u00f6nen f\u00fcr das Wasser arbeiten, um die ruhige Atmosph\u00e4re des Sees einzufangen. Besonders viel Spa\u00df wird es machen, die sanften Wellen und die Spiegelung des Kajaks im Wasser darzustellen. Die Umrandung des Sees mit B\u00e4umen, Felsen oder Blumen bietet viele kreative M\u00f6glichkeiten, um das Bild noch lebendiger zu machen. Diese Szene wird eine friedliche, aber auch erf\u00fcllende Ausmalerfahrung bieten, die es dem K\u00fcnstler erm\u00f6glicht, sich auf die Details und Farben zu konzentrieren.<\/p>","protected":false},"excerpt":{"rendered":"<p>Ein ruhiger Ausflug im Kajak auf einem klaren See \u2013 das Ausmalen dieser Szene wird unglaublich beruhigend und entspannend sein. Der K\u00fcnstler kann mit sanften Blau- und Gr\u00fcnt\u00f6nen f\u00fcr das Wasser arbeiten, um die ruhige Atmosph\u00e4re des Sees einzufangen. Besonders viel Spa\u00df wird es machen, die sanften Wellen und die Spiegelung des Kajaks im Wasser darzustellen. Die Umrandung des Sees mit B\u00e4umen, Felsen oder Blumen bietet viele kreative M\u00f6glichkeiten, um das Bild noch lebendiger zu machen. Diese Szene wird eine friedliche, aber auch erf\u00fcllende Ausmalerfahrung bieten, die es dem K\u00fcnstler erm\u00f6glicht, sich auf die Details und Farben zu konzentrieren.<\/p>","protected":false},"featured_media":439,"comment_status":"open","ping_status":"closed","template":"","meta":[],"product_brand":[],"product_cat":[17,57],"product_tag":[],"class_list":{"0":"post-851","1":"product","2":"type-product","3":"status-publish","4":"has-post-thumbnail","6":"product_cat-ausmalbilder","7":"product_cat-urlaubausmalbilder","9":"first","10":"instock","11":"downloadable","12":"virtual","13":"product-type-simple"},"yoast_head":"<!-- This site is optimized with the Yoast SEO plugin v27.3 - https:\/\/yoast.com\/product\/yoast-seo-wordpress\/ -->\n<title>Kajak am See - Berlin Digital Art<\/title>\n<meta name=\"robots\" content=\"index, follow, max-snippet:-1, max-image-preview:large, max-video-preview:-1\" \/>\n<link rel=\"canonical\" href=\"https:\/\/berlindigitalart.com\/en\/product\/kajak-am-see\/\" \/>\n<meta property=\"og:locale\" content=\"en_US\" \/>\n<meta property=\"og:type\" content=\"article\" \/>\n<meta property=\"og:title\" content=\"Kajak am See - Berlin Digital Art\" \/>\n<meta property=\"og:description\" content=\"Ein ruhiger Ausflug im Kajak auf einem klaren See \u2013 das Ausmalen dieser Szene wird unglaublich beruhigend und entspannend sein. Der K\u00fcnstler kann mit sanften Blau- und Gr\u00fcnt\u00f6nen f\u00fcr das Wasser arbeiten, um die ruhige Atmosph\u00e4re des Sees einzufangen. Besonders viel Spa\u00df wird es machen, die sanften Wellen und die Spiegelung des Kajaks im Wasser darzustellen. Die Umrandung des Sees mit B\u00e4umen, Felsen oder Blumen bietet viele kreative M\u00f6glichkeiten, um das Bild noch lebendiger zu machen. Diese Szene wird eine friedliche, aber auch erf\u00fcllende Ausmalerfahrung bieten, die es dem K\u00fcnstler erm\u00f6glicht, sich auf die Details und Farben zu konzentrieren.\" \/>\n<meta property=\"og:url\" content=\"https:\/\/berlindigitalart.com\/en\/product\/kajak-am-see\/\" \/>\n<meta property=\"og:site_name\" content=\"Berlin Digital Art\" \/>\n<meta property=\"og:image\" content=\"https:\/\/berlindigitalart.com\/wp-content\/uploads\/2024\/12\/BerlinDigitalArt_Vacation_Beach_Boats_32-scaled.jpg\" \/>\n\t<meta property=\"og:image:width\" content=\"1810\" \/>\n\t<meta property=\"og:image:height\" content=\"2560\" \/>\n\t<meta property=\"og:image:type\" content=\"image\/jpeg\" \/>\n<meta name=\"twitter:card\" content=\"summary_large_image\" \/>\n<meta name=\"twitter:label1\" content=\"Est. reading time\" \/>\n\t<meta name=\"twitter:data1\" content=\"1 minute\" \/>\n<script type=\"application\/ld+json\" class=\"yoast-schema-graph\">{\"@context\":\"https:\\\/\\\/schema.org\",\"@graph\":[{\"@type\":\"WebPage\",\"@id\":\"https:\\\/\\\/berlindigitalart.com\\\/product\\\/kajak-am-see\\\/\",\"url\":\"https:\\\/\\\/berlindigitalart.com\\\/product\\\/kajak-am-see\\\/\",\"name\":\"Kajak am See - Berlin Digital Art\",\"isPartOf\":{\"@id\":\"https:\\\/\\\/berlindigitalart.com\\\/#website\"},\"primaryImageOfPage\":{\"@id\":\"https:\\\/\\\/berlindigitalart.com\\\/product\\\/kajak-am-see\\\/#primaryimage\"},\"image\":{\"@id\":\"https:\\\/\\\/berlindigitalart.com\\\/product\\\/kajak-am-see\\\/#primaryimage\"},\"thumbnailUrl\":\"https:\\\/\\\/berlindigitalart.com\\\/wp-content\\\/uploads\\\/2024\\\/12\\\/BerlinDigitalArt_Vacation_Beach_Boats_32-scaled.jpg\",\"datePublished\":\"2025-01-02T22:51:57+00:00\",\"breadcrumb\":{\"@id\":\"https:\\\/\\\/berlindigitalart.com\\\/product\\\/kajak-am-see\\\/#breadcrumb\"},\"inLanguage\":\"en-US\",\"potentialAction\":[{\"@type\":\"ReadAction\",\"target\":[\"https:\\\/\\\/berlindigitalart.com\\\/product\\\/kajak-am-see\\\/\"]}]},{\"@type\":\"ImageObject\",\"inLanguage\":\"en-US\",\"@id\":\"https:\\\/\\\/berlindigitalart.com\\\/product\\\/kajak-am-see\\\/#primaryimage\",\"url\":\"https:\\\/\\\/berlindigitalart.com\\\/wp-content\\\/uploads\\\/2024\\\/12\\\/BerlinDigitalArt_Vacation_Beach_Boats_32-scaled.jpg\",\"contentUrl\":\"https:\\\/\\\/berlindigitalart.com\\\/wp-content\\\/uploads\\\/2024\\\/12\\\/BerlinDigitalArt_Vacation_Beach_Boats_32-scaled.jpg\",\"width\":1810,\"height\":2560},{\"@type\":\"BreadcrumbList\",\"@id\":\"https:\\\/\\\/berlindigitalart.com\\\/product\\\/kajak-am-see\\\/#breadcrumb\",\"itemListElement\":[{\"@type\":\"ListItem\",\"position\":1,\"name\":\"Home\",\"item\":\"https:\\\/\\\/berlindigitalart.com\\\/\"},{\"@type\":\"ListItem\",\"position\":2,\"name\":\"Education and Entertainment\",\"item\":\"https:\\\/\\\/berlindigitalart.com\\\/education-and-entertainment\\\/\"},{\"@type\":\"ListItem\",\"position\":3,\"name\":\"Kajak am See\"}]},{\"@type\":\"WebSite\",\"@id\":\"https:\\\/\\\/berlindigitalart.com\\\/#website\",\"url\":\"https:\\\/\\\/berlindigitalart.com\\\/\",\"name\":\"Berlin Digital Art\",\"description\":\"Spielend Lernen\",\"publisher\":{\"@id\":\"https:\\\/\\\/berlindigitalart.com\\\/#organization\"},\"potentialAction\":[{\"@type\":\"SearchAction\",\"target\":{\"@type\":\"EntryPoint\",\"urlTemplate\":\"https:\\\/\\\/berlindigitalart.com\\\/?s={search_term_string}\"},\"query-input\":{\"@type\":\"PropertyValueSpecification\",\"valueRequired\":true,\"valueName\":\"search_term_string\"}}],\"inLanguage\":\"en-US\"},{\"@type\":\"Organization\",\"@id\":\"https:\\\/\\\/berlindigitalart.com\\\/#organization\",\"name\":\"Berlin Digital Art\",\"url\":\"https:\\\/\\\/berlindigitalart.com\\\/\",\"logo\":{\"@type\":\"ImageObject\",\"inLanguage\":\"en-US\",\"@id\":\"https:\\\/\\\/berlindigitalart.com\\\/#\\\/schema\\\/logo\\\/image\\\/\",\"url\":\"https:\\\/\\\/berlindigitalart.com\\\/wp-content\\\/uploads\\\/2024\\\/12\\\/Logo_BerlinDigitalArt.png\",\"contentUrl\":\"https:\\\/\\\/berlindigitalart.com\\\/wp-content\\\/uploads\\\/2024\\\/12\\\/Logo_BerlinDigitalArt.png\",\"width\":1563,\"height\":1563,\"caption\":\"Berlin Digital Art\"},\"image\":{\"@id\":\"https:\\\/\\\/berlindigitalart.com\\\/#\\\/schema\\\/logo\\\/image\\\/\"},\"sameAs\":[\"https:\\\/\\\/www.instagram.com\\\/berlin_digital_art\\\/\"]}]}<\/script>\n<!-- \/ Yoast SEO plugin. -->","yoast_head_json":{"title":"Kajak am See - Berlin Digital Art","robots":{"index":"index","follow":"follow","max-snippet":"max-snippet:-1","max-image-preview":"max-image-preview:large","max-video-preview":"max-video-preview:-1"},"canonical":"https:\/\/berlindigitalart.com\/en\/product\/kajak-am-see\/","og_locale":"en_US","og_type":"article","og_title":"Kajak am See - Berlin Digital Art","og_description":"Ein ruhiger Ausflug im Kajak auf einem klaren See \u2013 das Ausmalen dieser Szene wird unglaublich beruhigend und entspannend sein. Der K\u00fcnstler kann mit sanften Blau- und Gr\u00fcnt\u00f6nen f\u00fcr das Wasser arbeiten, um die ruhige Atmosph\u00e4re des Sees einzufangen. Besonders viel Spa\u00df wird es machen, die sanften Wellen und die Spiegelung des Kajaks im Wasser darzustellen. Die Umrandung des Sees mit B\u00e4umen, Felsen oder Blumen bietet viele kreative M\u00f6glichkeiten, um das Bild noch lebendiger zu machen. Diese Szene wird eine friedliche, aber auch erf\u00fcllende Ausmalerfahrung bieten, die es dem K\u00fcnstler erm\u00f6glicht, sich auf die Details und Farben zu konzentrieren.","og_url":"https:\/\/berlindigitalart.com\/en\/product\/kajak-am-see\/","og_site_name":"Berlin Digital Art","og_image":[{"width":1810,"height":2560,"url":"https:\/\/berlindigitalart.com\/wp-content\/uploads\/2024\/12\/BerlinDigitalArt_Vacation_Beach_Boats_32-scaled.jpg","type":"image\/jpeg"}],"twitter_card":"summary_large_image","twitter_misc":{"Est. reading time":"1 minute"},"schema":{"@context":"https:\/\/schema.org","@graph":[{"@type":"WebPage","@id":"https:\/\/berlindigitalart.com\/product\/kajak-am-see\/","url":"https:\/\/berlindigitalart.com\/product\/kajak-am-see\/","name":"Kajak am See - Berlin Digital Art","isPartOf":{"@id":"https:\/\/berlindigitalart.com\/#website"},"primaryImageOfPage":{"@id":"https:\/\/berlindigitalart.com\/product\/kajak-am-see\/#primaryimage"},"image":{"@id":"https:\/\/berlindigitalart.com\/product\/kajak-am-see\/#primaryimage"},"thumbnailUrl":"https:\/\/berlindigitalart.com\/wp-content\/uploads\/2024\/12\/BerlinDigitalArt_Vacation_Beach_Boats_32-scaled.jpg","datePublished":"2025-01-02T22:51:57+00:00","breadcrumb":{"@id":"https:\/\/berlindigitalart.com\/product\/kajak-am-see\/#breadcrumb"},"inLanguage":"en-US","potentialAction":[{"@type":"ReadAction","target":["https:\/\/berlindigitalart.com\/product\/kajak-am-see\/"]}]},{"@type":"ImageObject","inLanguage":"en-US","@id":"https:\/\/berlindigitalart.com\/product\/kajak-am-see\/#primaryimage","url":"https:\/\/berlindigitalart.com\/wp-content\/uploads\/2024\/12\/BerlinDigitalArt_Vacation_Beach_Boats_32-scaled.jpg","contentUrl":"https:\/\/berlindigitalart.com\/wp-content\/uploads\/2024\/12\/BerlinDigitalArt_Vacation_Beach_Boats_32-scaled.jpg","width":1810,"height":2560},{"@type":"BreadcrumbList","@id":"https:\/\/berlindigitalart.com\/product\/kajak-am-see\/#breadcrumb","itemListElement":[{"@type":"ListItem","position":1,"name":"Home","item":"https:\/\/berlindigitalart.com\/"},{"@type":"ListItem","position":2,"name":"Education and Entertainment","item":"https:\/\/berlindigitalart.com\/education-and-entertainment\/"},{"@type":"ListItem","position":3,"name":"Kajak am See"}]},{"@type":"WebSite","@id":"https:\/\/berlindigitalart.com\/#website","url":"https:\/\/berlindigitalart.com\/","name":"Berlin Digital Art","description":"Spielend Lernen","publisher":{"@id":"https:\/\/berlindigitalart.com\/#organization"},"potentialAction":[{"@type":"SearchAction","target":{"@type":"EntryPoint","urlTemplate":"https:\/\/berlindigitalart.com\/?s={search_term_string}"},"query-input":{"@type":"PropertyValueSpecification","valueRequired":true,"valueName":"search_term_string"}}],"inLanguage":"en-US"},{"@type":"Organization","@id":"https:\/\/berlindigitalart.com\/#organization","name":"Berlin Digital Art","url":"https:\/\/berlindigitalart.com\/","logo":{"@type":"ImageObject","inLanguage":"en-US","@id":"https:\/\/berlindigitalart.com\/#\/schema\/logo\/image\/","url":"https:\/\/berlindigitalart.com\/wp-content\/uploads\/2024\/12\/Logo_BerlinDigitalArt.png","contentUrl":"https:\/\/berlindigitalart.com\/wp-content\/uploads\/2024\/12\/Logo_BerlinDigitalArt.png","width":1563,"height":1563,"caption":"Berlin Digital Art"},"image":{"@id":"https:\/\/berlindigitalart.com\/#\/schema\/logo\/image\/"},"sameAs":["https:\/\/www.instagram.com\/berlin_digital_art\/"]}]}},"acf":[],"_links":{"self":[{"href":"https:\/\/berlindigitalart.com\/en\/wp-json\/wp\/v2\/product\/851","targetHints":{"allow":["GET"]}}],"collection":[{"href":"https:\/\/berlindigitalart.com\/en\/wp-json\/wp\/v2\/product"}],"about":[{"href":"https:\/\/berlindigitalart.com\/en\/wp-json\/wp\/v2\/types\/product"}],"replies":[{"embeddable":true,"href":"https:\/\/berlindigitalart.com\/en\/wp-json\/wp\/v2\/comments?post=851"}],"wp:featuredmedia":[{"embeddable":true,"href":"https:\/\/berlindigitalart.com\/en\/wp-json\/wp\/v2\/media\/439"}],"wp:attachment":[{"href":"https:\/\/berlindigitalart.com\/en\/wp-json\/wp\/v2\/media?parent=851"}],"wp:term":[{"taxonomy":"product_brand","embeddable":true,"href":"https:\/\/berlindigitalart.com\/en\/wp-json\/wp\/v2\/product_brand?post=851"},{"taxonomy":"product_cat","embeddable":true,"href":"https:\/\/berlindigitalart.com\/en\/wp-json\/wp\/v2\/product_cat?post=851"},{"taxonomy":"product_tag","embeddable":true,"href":"https:\/\/berlindigitalart.com\/en\/wp-json\/wp\/v2\/product_tag?post=851"}],"curies":[{"name":"wp","href":"https:\/\/api.w.org\/{rel}","templated":true}]}}