{"id":849,"date":"2025-01-02T23:51:51","date_gmt":"2025-01-02T22:51:51","guid":{"rendered":"https:\/\/berlindigitalart.com\/product\/traumhafte-sandburg\/"},"modified":"2025-01-02T23:51:52","modified_gmt":"2025-01-02T22:51:52","slug":"traumhafte-sandburg","status":"publish","type":"product","link":"https:\/\/berlindigitalart.com\/en\/product\/traumhafte-sandburg\/","title":{"rendered":"Traumhafte Sandburg"},"content":{"rendered":"<p>Eine beeindruckende, detailreiche Sandburg, die die Fantasie des K\u00fcnstlers anregt. Es wird viel Spa\u00df machen, die verschiedenen Strukturen der Sandburg auszumalen, von den T\u00fcrmen bis zu den Mauern, die mit Muscheln und kleinen Steinen verziert sind. Der weiche Sand l\u00e4sst sich in sanften Gelb- und Beiget\u00f6nen gestalten, w\u00e4hrend die Wellen im Hintergrund mit vielen Blaut\u00f6nen zum Leben erweckt werden k\u00f6nnen. Das Bild l\u00e4dt dazu ein, kreativ zu sein und mit Details wie Schaufeln, Eimern und spielenden Kindern zu arbeiten. Diese Szene wird eine beruhigende Ausmalerfahrung bieten, bei der der K\u00fcnstler in die Details der Sandstruktur eintauchen kann.<\/p>","protected":false},"excerpt":{"rendered":"<p>Eine beeindruckende, detailreiche Sandburg, die die Fantasie des K\u00fcnstlers anregt. Es wird viel Spa\u00df machen, die verschiedenen Strukturen der Sandburg auszumalen, von den T\u00fcrmen bis zu den Mauern, die mit Muscheln und kleinen Steinen verziert sind. Der weiche Sand l\u00e4sst sich in sanften Gelb- und Beiget\u00f6nen gestalten, w\u00e4hrend die Wellen im Hintergrund mit vielen Blaut\u00f6nen zum Leben erweckt werden k\u00f6nnen. Das Bild l\u00e4dt dazu ein, kreativ zu sein und mit Details wie Schaufeln, Eimern und spielenden Kindern zu arbeiten. Diese Szene wird eine beruhigende Ausmalerfahrung bieten, bei der der K\u00fcnstler in die Details der Sandstruktur eintauchen kann.<\/p>","protected":false},"featured_media":437,"comment_status":"open","ping_status":"closed","template":"","meta":[],"product_brand":[],"product_cat":[17,57],"product_tag":[],"class_list":{"0":"post-849","1":"product","2":"type-product","3":"status-publish","4":"has-post-thumbnail","6":"product_cat-ausmalbilder","7":"product_cat-urlaubausmalbilder","9":"first","10":"instock","11":"downloadable","12":"virtual","13":"product-type-simple"},"yoast_head":"<!-- This site is optimized with the Yoast SEO plugin v27.3 - https:\/\/yoast.com\/product\/yoast-seo-wordpress\/ -->\n<title>Traumhafte Sandburg - Berlin Digital Art<\/title>\n<meta name=\"robots\" content=\"index, follow, max-snippet:-1, max-image-preview:large, max-video-preview:-1\" \/>\n<link rel=\"canonical\" href=\"https:\/\/berlindigitalart.com\/en\/product\/traumhafte-sandburg\/\" \/>\n<meta property=\"og:locale\" content=\"en_US\" \/>\n<meta property=\"og:type\" content=\"article\" \/>\n<meta property=\"og:title\" content=\"Traumhafte Sandburg - Berlin Digital Art\" \/>\n<meta property=\"og:description\" content=\"Eine beeindruckende, detailreiche Sandburg, die die Fantasie des K\u00fcnstlers anregt. Es wird viel Spa\u00df machen, die verschiedenen Strukturen der Sandburg auszumalen, von den T\u00fcrmen bis zu den Mauern, die mit Muscheln und kleinen Steinen verziert sind. Der weiche Sand l\u00e4sst sich in sanften Gelb- und Beiget\u00f6nen gestalten, w\u00e4hrend die Wellen im Hintergrund mit vielen Blaut\u00f6nen zum Leben erweckt werden k\u00f6nnen. Das Bild l\u00e4dt dazu ein, kreativ zu sein und mit Details wie Schaufeln, Eimern und spielenden Kindern zu arbeiten. Diese Szene wird eine beruhigende Ausmalerfahrung bieten, bei der der K\u00fcnstler in die Details der Sandstruktur eintauchen kann.\" \/>\n<meta property=\"og:url\" content=\"https:\/\/berlindigitalart.com\/en\/product\/traumhafte-sandburg\/\" \/>\n<meta property=\"og:site_name\" content=\"Berlin Digital Art\" \/>\n<meta property=\"article:modified_time\" content=\"2025-01-02T22:51:52+00:00\" \/>\n<meta property=\"og:image\" content=\"https:\/\/berlindigitalart.com\/wp-content\/uploads\/2024\/12\/BerlinDigitalArt_Vacation_Beach_Boats_30-scaled.jpg\" \/>\n\t<meta property=\"og:image:width\" content=\"1810\" \/>\n\t<meta property=\"og:image:height\" content=\"2560\" \/>\n\t<meta property=\"og:image:type\" content=\"image\/jpeg\" \/>\n<meta name=\"twitter:card\" content=\"summary_large_image\" \/>\n<meta name=\"twitter:label1\" content=\"Est. reading time\" \/>\n\t<meta name=\"twitter:data1\" content=\"1 minute\" \/>\n<script type=\"application\/ld+json\" class=\"yoast-schema-graph\">{\"@context\":\"https:\\\/\\\/schema.org\",\"@graph\":[{\"@type\":\"WebPage\",\"@id\":\"https:\\\/\\\/berlindigitalart.com\\\/product\\\/traumhafte-sandburg\\\/\",\"url\":\"https:\\\/\\\/berlindigitalart.com\\\/product\\\/traumhafte-sandburg\\\/\",\"name\":\"Traumhafte Sandburg - Berlin Digital Art\",\"isPartOf\":{\"@id\":\"https:\\\/\\\/berlindigitalart.com\\\/#website\"},\"primaryImageOfPage\":{\"@id\":\"https:\\\/\\\/berlindigitalart.com\\\/product\\\/traumhafte-sandburg\\\/#primaryimage\"},\"image\":{\"@id\":\"https:\\\/\\\/berlindigitalart.com\\\/product\\\/traumhafte-sandburg\\\/#primaryimage\"},\"thumbnailUrl\":\"https:\\\/\\\/berlindigitalart.com\\\/wp-content\\\/uploads\\\/2024\\\/12\\\/BerlinDigitalArt_Vacation_Beach_Boats_30-scaled.jpg\",\"datePublished\":\"2025-01-02T22:51:51+00:00\",\"dateModified\":\"2025-01-02T22:51:52+00:00\",\"breadcrumb\":{\"@id\":\"https:\\\/\\\/berlindigitalart.com\\\/product\\\/traumhafte-sandburg\\\/#breadcrumb\"},\"inLanguage\":\"en-US\",\"potentialAction\":[{\"@type\":\"ReadAction\",\"target\":[\"https:\\\/\\\/berlindigitalart.com\\\/product\\\/traumhafte-sandburg\\\/\"]}]},{\"@type\":\"ImageObject\",\"inLanguage\":\"en-US\",\"@id\":\"https:\\\/\\\/berlindigitalart.com\\\/product\\\/traumhafte-sandburg\\\/#primaryimage\",\"url\":\"https:\\\/\\\/berlindigitalart.com\\\/wp-content\\\/uploads\\\/2024\\\/12\\\/BerlinDigitalArt_Vacation_Beach_Boats_30-scaled.jpg\",\"contentUrl\":\"https:\\\/\\\/berlindigitalart.com\\\/wp-content\\\/uploads\\\/2024\\\/12\\\/BerlinDigitalArt_Vacation_Beach_Boats_30-scaled.jpg\",\"width\":1810,\"height\":2560},{\"@type\":\"BreadcrumbList\",\"@id\":\"https:\\\/\\\/berlindigitalart.com\\\/product\\\/traumhafte-sandburg\\\/#breadcrumb\",\"itemListElement\":[{\"@type\":\"ListItem\",\"position\":1,\"name\":\"Home\",\"item\":\"https:\\\/\\\/berlindigitalart.com\\\/\"},{\"@type\":\"ListItem\",\"position\":2,\"name\":\"Education and Entertainment\",\"item\":\"https:\\\/\\\/berlindigitalart.com\\\/education-and-entertainment\\\/\"},{\"@type\":\"ListItem\",\"position\":3,\"name\":\"Traumhafte Sandburg\"}]},{\"@type\":\"WebSite\",\"@id\":\"https:\\\/\\\/berlindigitalart.com\\\/#website\",\"url\":\"https:\\\/\\\/berlindigitalart.com\\\/\",\"name\":\"Berlin Digital Art\",\"description\":\"Spielend Lernen\",\"publisher\":{\"@id\":\"https:\\\/\\\/berlindigitalart.com\\\/#organization\"},\"potentialAction\":[{\"@type\":\"SearchAction\",\"target\":{\"@type\":\"EntryPoint\",\"urlTemplate\":\"https:\\\/\\\/berlindigitalart.com\\\/?s={search_term_string}\"},\"query-input\":{\"@type\":\"PropertyValueSpecification\",\"valueRequired\":true,\"valueName\":\"search_term_string\"}}],\"inLanguage\":\"en-US\"},{\"@type\":\"Organization\",\"@id\":\"https:\\\/\\\/berlindigitalart.com\\\/#organization\",\"name\":\"Berlin Digital Art\",\"url\":\"https:\\\/\\\/berlindigitalart.com\\\/\",\"logo\":{\"@type\":\"ImageObject\",\"inLanguage\":\"en-US\",\"@id\":\"https:\\\/\\\/berlindigitalart.com\\\/#\\\/schema\\\/logo\\\/image\\\/\",\"url\":\"https:\\\/\\\/berlindigitalart.com\\\/wp-content\\\/uploads\\\/2024\\\/12\\\/Logo_BerlinDigitalArt.png\",\"contentUrl\":\"https:\\\/\\\/berlindigitalart.com\\\/wp-content\\\/uploads\\\/2024\\\/12\\\/Logo_BerlinDigitalArt.png\",\"width\":1563,\"height\":1563,\"caption\":\"Berlin Digital Art\"},\"image\":{\"@id\":\"https:\\\/\\\/berlindigitalart.com\\\/#\\\/schema\\\/logo\\\/image\\\/\"},\"sameAs\":[\"https:\\\/\\\/www.instagram.com\\\/berlin_digital_art\\\/\"]}]}<\/script>\n<!-- \/ Yoast SEO plugin. -->","yoast_head_json":{"title":"Traumhafte Sandburg - Berlin Digital Art","robots":{"index":"index","follow":"follow","max-snippet":"max-snippet:-1","max-image-preview":"max-image-preview:large","max-video-preview":"max-video-preview:-1"},"canonical":"https:\/\/berlindigitalart.com\/en\/product\/traumhafte-sandburg\/","og_locale":"en_US","og_type":"article","og_title":"Traumhafte Sandburg - Berlin Digital Art","og_description":"Eine beeindruckende, detailreiche Sandburg, die die Fantasie des K\u00fcnstlers anregt. Es wird viel Spa\u00df machen, die verschiedenen Strukturen der Sandburg auszumalen, von den T\u00fcrmen bis zu den Mauern, die mit Muscheln und kleinen Steinen verziert sind. Der weiche Sand l\u00e4sst sich in sanften Gelb- und Beiget\u00f6nen gestalten, w\u00e4hrend die Wellen im Hintergrund mit vielen Blaut\u00f6nen zum Leben erweckt werden k\u00f6nnen. Das Bild l\u00e4dt dazu ein, kreativ zu sein und mit Details wie Schaufeln, Eimern und spielenden Kindern zu arbeiten. Diese Szene wird eine beruhigende Ausmalerfahrung bieten, bei der der K\u00fcnstler in die Details der Sandstruktur eintauchen kann.","og_url":"https:\/\/berlindigitalart.com\/en\/product\/traumhafte-sandburg\/","og_site_name":"Berlin Digital Art","article_modified_time":"2025-01-02T22:51:52+00:00","og_image":[{"width":1810,"height":2560,"url":"https:\/\/berlindigitalart.com\/wp-content\/uploads\/2024\/12\/BerlinDigitalArt_Vacation_Beach_Boats_30-scaled.jpg","type":"image\/jpeg"}],"twitter_card":"summary_large_image","twitter_misc":{"Est. reading time":"1 minute"},"schema":{"@context":"https:\/\/schema.org","@graph":[{"@type":"WebPage","@id":"https:\/\/berlindigitalart.com\/product\/traumhafte-sandburg\/","url":"https:\/\/berlindigitalart.com\/product\/traumhafte-sandburg\/","name":"Traumhafte Sandburg - Berlin Digital Art","isPartOf":{"@id":"https:\/\/berlindigitalart.com\/#website"},"primaryImageOfPage":{"@id":"https:\/\/berlindigitalart.com\/product\/traumhafte-sandburg\/#primaryimage"},"image":{"@id":"https:\/\/berlindigitalart.com\/product\/traumhafte-sandburg\/#primaryimage"},"thumbnailUrl":"https:\/\/berlindigitalart.com\/wp-content\/uploads\/2024\/12\/BerlinDigitalArt_Vacation_Beach_Boats_30-scaled.jpg","datePublished":"2025-01-02T22:51:51+00:00","dateModified":"2025-01-02T22:51:52+00:00","breadcrumb":{"@id":"https:\/\/berlindigitalart.com\/product\/traumhafte-sandburg\/#breadcrumb"},"inLanguage":"en-US","potentialAction":[{"@type":"ReadAction","target":["https:\/\/berlindigitalart.com\/product\/traumhafte-sandburg\/"]}]},{"@type":"ImageObject","inLanguage":"en-US","@id":"https:\/\/berlindigitalart.com\/product\/traumhafte-sandburg\/#primaryimage","url":"https:\/\/berlindigitalart.com\/wp-content\/uploads\/2024\/12\/BerlinDigitalArt_Vacation_Beach_Boats_30-scaled.jpg","contentUrl":"https:\/\/berlindigitalart.com\/wp-content\/uploads\/2024\/12\/BerlinDigitalArt_Vacation_Beach_Boats_30-scaled.jpg","width":1810,"height":2560},{"@type":"BreadcrumbList","@id":"https:\/\/berlindigitalart.com\/product\/traumhafte-sandburg\/#breadcrumb","itemListElement":[{"@type":"ListItem","position":1,"name":"Home","item":"https:\/\/berlindigitalart.com\/"},{"@type":"ListItem","position":2,"name":"Education and Entertainment","item":"https:\/\/berlindigitalart.com\/education-and-entertainment\/"},{"@type":"ListItem","position":3,"name":"Traumhafte Sandburg"}]},{"@type":"WebSite","@id":"https:\/\/berlindigitalart.com\/#website","url":"https:\/\/berlindigitalart.com\/","name":"Berlin Digital Art","description":"Spielend Lernen","publisher":{"@id":"https:\/\/berlindigitalart.com\/#organization"},"potentialAction":[{"@type":"SearchAction","target":{"@type":"EntryPoint","urlTemplate":"https:\/\/berlindigitalart.com\/?s={search_term_string}"},"query-input":{"@type":"PropertyValueSpecification","valueRequired":true,"valueName":"search_term_string"}}],"inLanguage":"en-US"},{"@type":"Organization","@id":"https:\/\/berlindigitalart.com\/#organization","name":"Berlin Digital Art","url":"https:\/\/berlindigitalart.com\/","logo":{"@type":"ImageObject","inLanguage":"en-US","@id":"https:\/\/berlindigitalart.com\/#\/schema\/logo\/image\/","url":"https:\/\/berlindigitalart.com\/wp-content\/uploads\/2024\/12\/Logo_BerlinDigitalArt.png","contentUrl":"https:\/\/berlindigitalart.com\/wp-content\/uploads\/2024\/12\/Logo_BerlinDigitalArt.png","width":1563,"height":1563,"caption":"Berlin Digital Art"},"image":{"@id":"https:\/\/berlindigitalart.com\/#\/schema\/logo\/image\/"},"sameAs":["https:\/\/www.instagram.com\/berlin_digital_art\/"]}]}},"acf":[],"_links":{"self":[{"href":"https:\/\/berlindigitalart.com\/en\/wp-json\/wp\/v2\/product\/849","targetHints":{"allow":["GET"]}}],"collection":[{"href":"https:\/\/berlindigitalart.com\/en\/wp-json\/wp\/v2\/product"}],"about":[{"href":"https:\/\/berlindigitalart.com\/en\/wp-json\/wp\/v2\/types\/product"}],"replies":[{"embeddable":true,"href":"https:\/\/berlindigitalart.com\/en\/wp-json\/wp\/v2\/comments?post=849"}],"wp:featuredmedia":[{"embeddable":true,"href":"https:\/\/berlindigitalart.com\/en\/wp-json\/wp\/v2\/media\/437"}],"wp:attachment":[{"href":"https:\/\/berlindigitalart.com\/en\/wp-json\/wp\/v2\/media?parent=849"}],"wp:term":[{"taxonomy":"product_brand","embeddable":true,"href":"https:\/\/berlindigitalart.com\/en\/wp-json\/wp\/v2\/product_brand?post=849"},{"taxonomy":"product_cat","embeddable":true,"href":"https:\/\/berlindigitalart.com\/en\/wp-json\/wp\/v2\/product_cat?post=849"},{"taxonomy":"product_tag","embeddable":true,"href":"https:\/\/berlindigitalart.com\/en\/wp-json\/wp\/v2\/product_tag?post=849"}],"curies":[{"name":"wp","href":"https:\/\/api.w.org\/{rel}","templated":true}]}}