{"id":846,"date":"2025-01-02T23:51:49","date_gmt":"2025-01-02T22:51:49","guid":{"rendered":"https:\/\/berlindigitalart.com\/product\/entspannen-in-der-sonne\/"},"modified":"2025-01-02T23:51:49","modified_gmt":"2025-01-02T22:51:49","slug":"entspannen-in-der-sonne","status":"publish","type":"product","link":"https:\/\/berlindigitalart.com\/en\/product\/entspannen-in-der-sonne\/","title":{"rendered":"Entspannen in der Sonne"},"content":{"rendered":"<p>Diese Szene f\u00e4ngt die ruhige Atmosph\u00e4re eines Sommertages am Strand ein. Der K\u00fcnstler wird sich mit vielen warmen Gelb- und Oranget\u00f6nen ausleben k\u00f6nnen, um das Sonnenlicht und den weichen Sand darzustellen. Besonders viel Freude wird es bereiten, mit der Textur des Sandes zu spielen und die weichen \u00dcberg\u00e4nge zwischen Himmel und Erde zu gestalten. Der entspannte Moment der Sonne wird durch die Details wie eine Sonnenbrille, ein Strandtuch oder einen erfrischenden Drink erg\u00e4nzt werden. Diese Szene bietet eine entspannende Ausmalerfahrung, bei der der K\u00fcnstler in das warme, sonnige Gef\u00fchl eintauchen kann.<\/p>","protected":false},"excerpt":{"rendered":"<p>Diese Szene f\u00e4ngt die ruhige Atmosph\u00e4re eines Sommertages am Strand ein. Der K\u00fcnstler wird sich mit vielen warmen Gelb- und Oranget\u00f6nen ausleben k\u00f6nnen, um das Sonnenlicht und den weichen Sand darzustellen. Besonders viel Freude wird es bereiten, mit der Textur des Sandes zu spielen und die weichen \u00dcberg\u00e4nge zwischen Himmel und Erde zu gestalten. Der entspannte Moment der Sonne wird durch die Details wie eine Sonnenbrille, ein Strandtuch oder einen erfrischenden Drink erg\u00e4nzt werden. Diese Szene bietet eine entspannende Ausmalerfahrung, bei der der K\u00fcnstler in das warme, sonnige Gef\u00fchl eintauchen kann.<\/p>","protected":false},"featured_media":434,"comment_status":"open","ping_status":"closed","template":"","meta":[],"product_brand":[],"product_cat":[17,57],"product_tag":[],"class_list":{"0":"post-846","1":"product","2":"type-product","3":"status-publish","4":"has-post-thumbnail","6":"product_cat-ausmalbilder","7":"product_cat-urlaubausmalbilder","9":"first","10":"instock","11":"downloadable","12":"virtual","13":"product-type-simple"},"yoast_head":"<!-- This site is optimized with the Yoast SEO plugin v27.3 - https:\/\/yoast.com\/product\/yoast-seo-wordpress\/ -->\n<title>Entspannen in der Sonne - Berlin Digital Art<\/title>\n<meta name=\"robots\" content=\"index, follow, max-snippet:-1, max-image-preview:large, max-video-preview:-1\" \/>\n<link rel=\"canonical\" href=\"https:\/\/berlindigitalart.com\/en\/product\/entspannen-in-der-sonne\/\" \/>\n<meta property=\"og:locale\" content=\"en_US\" \/>\n<meta property=\"og:type\" content=\"article\" \/>\n<meta property=\"og:title\" content=\"Entspannen in der Sonne - Berlin Digital Art\" \/>\n<meta property=\"og:description\" content=\"Diese Szene f\u00e4ngt die ruhige Atmosph\u00e4re eines Sommertages am Strand ein. Der K\u00fcnstler wird sich mit vielen warmen Gelb- und Oranget\u00f6nen ausleben k\u00f6nnen, um das Sonnenlicht und den weichen Sand darzustellen. Besonders viel Freude wird es bereiten, mit der Textur des Sandes zu spielen und die weichen \u00dcberg\u00e4nge zwischen Himmel und Erde zu gestalten. Der entspannte Moment der Sonne wird durch die Details wie eine Sonnenbrille, ein Strandtuch oder einen erfrischenden Drink erg\u00e4nzt werden. Diese Szene bietet eine entspannende Ausmalerfahrung, bei der der K\u00fcnstler in das warme, sonnige Gef\u00fchl eintauchen kann.\" \/>\n<meta property=\"og:url\" content=\"https:\/\/berlindigitalart.com\/en\/product\/entspannen-in-der-sonne\/\" \/>\n<meta property=\"og:site_name\" content=\"Berlin Digital Art\" \/>\n<meta property=\"og:image\" content=\"https:\/\/berlindigitalart.com\/wp-content\/uploads\/2024\/12\/BerlinDigitalArt_Vacation_Beach_Boats_27-scaled.jpg\" \/>\n\t<meta property=\"og:image:width\" content=\"1810\" \/>\n\t<meta property=\"og:image:height\" content=\"2560\" \/>\n\t<meta property=\"og:image:type\" content=\"image\/jpeg\" \/>\n<meta name=\"twitter:card\" content=\"summary_large_image\" \/>\n<meta name=\"twitter:label1\" content=\"Est. reading time\" \/>\n\t<meta name=\"twitter:data1\" content=\"1 minute\" \/>\n<script type=\"application\/ld+json\" class=\"yoast-schema-graph\">{\"@context\":\"https:\\\/\\\/schema.org\",\"@graph\":[{\"@type\":\"WebPage\",\"@id\":\"https:\\\/\\\/berlindigitalart.com\\\/product\\\/entspannen-in-der-sonne\\\/\",\"url\":\"https:\\\/\\\/berlindigitalart.com\\\/product\\\/entspannen-in-der-sonne\\\/\",\"name\":\"Entspannen in der Sonne - Berlin Digital Art\",\"isPartOf\":{\"@id\":\"https:\\\/\\\/berlindigitalart.com\\\/#website\"},\"primaryImageOfPage\":{\"@id\":\"https:\\\/\\\/berlindigitalart.com\\\/product\\\/entspannen-in-der-sonne\\\/#primaryimage\"},\"image\":{\"@id\":\"https:\\\/\\\/berlindigitalart.com\\\/product\\\/entspannen-in-der-sonne\\\/#primaryimage\"},\"thumbnailUrl\":\"https:\\\/\\\/berlindigitalart.com\\\/wp-content\\\/uploads\\\/2024\\\/12\\\/BerlinDigitalArt_Vacation_Beach_Boats_27-scaled.jpg\",\"datePublished\":\"2025-01-02T22:51:49+00:00\",\"breadcrumb\":{\"@id\":\"https:\\\/\\\/berlindigitalart.com\\\/product\\\/entspannen-in-der-sonne\\\/#breadcrumb\"},\"inLanguage\":\"en-US\",\"potentialAction\":[{\"@type\":\"ReadAction\",\"target\":[\"https:\\\/\\\/berlindigitalart.com\\\/product\\\/entspannen-in-der-sonne\\\/\"]}]},{\"@type\":\"ImageObject\",\"inLanguage\":\"en-US\",\"@id\":\"https:\\\/\\\/berlindigitalart.com\\\/product\\\/entspannen-in-der-sonne\\\/#primaryimage\",\"url\":\"https:\\\/\\\/berlindigitalart.com\\\/wp-content\\\/uploads\\\/2024\\\/12\\\/BerlinDigitalArt_Vacation_Beach_Boats_27-scaled.jpg\",\"contentUrl\":\"https:\\\/\\\/berlindigitalart.com\\\/wp-content\\\/uploads\\\/2024\\\/12\\\/BerlinDigitalArt_Vacation_Beach_Boats_27-scaled.jpg\",\"width\":1810,\"height\":2560},{\"@type\":\"BreadcrumbList\",\"@id\":\"https:\\\/\\\/berlindigitalart.com\\\/product\\\/entspannen-in-der-sonne\\\/#breadcrumb\",\"itemListElement\":[{\"@type\":\"ListItem\",\"position\":1,\"name\":\"Home\",\"item\":\"https:\\\/\\\/berlindigitalart.com\\\/\"},{\"@type\":\"ListItem\",\"position\":2,\"name\":\"Education and Entertainment\",\"item\":\"https:\\\/\\\/berlindigitalart.com\\\/education-and-entertainment\\\/\"},{\"@type\":\"ListItem\",\"position\":3,\"name\":\"Entspannen in der Sonne\"}]},{\"@type\":\"WebSite\",\"@id\":\"https:\\\/\\\/berlindigitalart.com\\\/#website\",\"url\":\"https:\\\/\\\/berlindigitalart.com\\\/\",\"name\":\"Berlin Digital Art\",\"description\":\"Spielend Lernen\",\"publisher\":{\"@id\":\"https:\\\/\\\/berlindigitalart.com\\\/#organization\"},\"potentialAction\":[{\"@type\":\"SearchAction\",\"target\":{\"@type\":\"EntryPoint\",\"urlTemplate\":\"https:\\\/\\\/berlindigitalart.com\\\/?s={search_term_string}\"},\"query-input\":{\"@type\":\"PropertyValueSpecification\",\"valueRequired\":true,\"valueName\":\"search_term_string\"}}],\"inLanguage\":\"en-US\"},{\"@type\":\"Organization\",\"@id\":\"https:\\\/\\\/berlindigitalart.com\\\/#organization\",\"name\":\"Berlin Digital Art\",\"url\":\"https:\\\/\\\/berlindigitalart.com\\\/\",\"logo\":{\"@type\":\"ImageObject\",\"inLanguage\":\"en-US\",\"@id\":\"https:\\\/\\\/berlindigitalart.com\\\/#\\\/schema\\\/logo\\\/image\\\/\",\"url\":\"https:\\\/\\\/berlindigitalart.com\\\/wp-content\\\/uploads\\\/2024\\\/12\\\/Logo_BerlinDigitalArt.png\",\"contentUrl\":\"https:\\\/\\\/berlindigitalart.com\\\/wp-content\\\/uploads\\\/2024\\\/12\\\/Logo_BerlinDigitalArt.png\",\"width\":1563,\"height\":1563,\"caption\":\"Berlin Digital Art\"},\"image\":{\"@id\":\"https:\\\/\\\/berlindigitalart.com\\\/#\\\/schema\\\/logo\\\/image\\\/\"},\"sameAs\":[\"https:\\\/\\\/www.instagram.com\\\/berlin_digital_art\\\/\"]}]}<\/script>\n<!-- \/ Yoast SEO plugin. -->","yoast_head_json":{"title":"Entspannen in der Sonne - Berlin Digital Art","robots":{"index":"index","follow":"follow","max-snippet":"max-snippet:-1","max-image-preview":"max-image-preview:large","max-video-preview":"max-video-preview:-1"},"canonical":"https:\/\/berlindigitalart.com\/en\/product\/entspannen-in-der-sonne\/","og_locale":"en_US","og_type":"article","og_title":"Entspannen in der Sonne - Berlin Digital Art","og_description":"Diese Szene f\u00e4ngt die ruhige Atmosph\u00e4re eines Sommertages am Strand ein. Der K\u00fcnstler wird sich mit vielen warmen Gelb- und Oranget\u00f6nen ausleben k\u00f6nnen, um das Sonnenlicht und den weichen Sand darzustellen. Besonders viel Freude wird es bereiten, mit der Textur des Sandes zu spielen und die weichen \u00dcberg\u00e4nge zwischen Himmel und Erde zu gestalten. Der entspannte Moment der Sonne wird durch die Details wie eine Sonnenbrille, ein Strandtuch oder einen erfrischenden Drink erg\u00e4nzt werden. Diese Szene bietet eine entspannende Ausmalerfahrung, bei der der K\u00fcnstler in das warme, sonnige Gef\u00fchl eintauchen kann.","og_url":"https:\/\/berlindigitalart.com\/en\/product\/entspannen-in-der-sonne\/","og_site_name":"Berlin Digital Art","og_image":[{"width":1810,"height":2560,"url":"https:\/\/berlindigitalart.com\/wp-content\/uploads\/2024\/12\/BerlinDigitalArt_Vacation_Beach_Boats_27-scaled.jpg","type":"image\/jpeg"}],"twitter_card":"summary_large_image","twitter_misc":{"Est. reading time":"1 minute"},"schema":{"@context":"https:\/\/schema.org","@graph":[{"@type":"WebPage","@id":"https:\/\/berlindigitalart.com\/product\/entspannen-in-der-sonne\/","url":"https:\/\/berlindigitalart.com\/product\/entspannen-in-der-sonne\/","name":"Entspannen in der Sonne - Berlin Digital Art","isPartOf":{"@id":"https:\/\/berlindigitalart.com\/#website"},"primaryImageOfPage":{"@id":"https:\/\/berlindigitalart.com\/product\/entspannen-in-der-sonne\/#primaryimage"},"image":{"@id":"https:\/\/berlindigitalart.com\/product\/entspannen-in-der-sonne\/#primaryimage"},"thumbnailUrl":"https:\/\/berlindigitalart.com\/wp-content\/uploads\/2024\/12\/BerlinDigitalArt_Vacation_Beach_Boats_27-scaled.jpg","datePublished":"2025-01-02T22:51:49+00:00","breadcrumb":{"@id":"https:\/\/berlindigitalart.com\/product\/entspannen-in-der-sonne\/#breadcrumb"},"inLanguage":"en-US","potentialAction":[{"@type":"ReadAction","target":["https:\/\/berlindigitalart.com\/product\/entspannen-in-der-sonne\/"]}]},{"@type":"ImageObject","inLanguage":"en-US","@id":"https:\/\/berlindigitalart.com\/product\/entspannen-in-der-sonne\/#primaryimage","url":"https:\/\/berlindigitalart.com\/wp-content\/uploads\/2024\/12\/BerlinDigitalArt_Vacation_Beach_Boats_27-scaled.jpg","contentUrl":"https:\/\/berlindigitalart.com\/wp-content\/uploads\/2024\/12\/BerlinDigitalArt_Vacation_Beach_Boats_27-scaled.jpg","width":1810,"height":2560},{"@type":"BreadcrumbList","@id":"https:\/\/berlindigitalart.com\/product\/entspannen-in-der-sonne\/#breadcrumb","itemListElement":[{"@type":"ListItem","position":1,"name":"Home","item":"https:\/\/berlindigitalart.com\/"},{"@type":"ListItem","position":2,"name":"Education and Entertainment","item":"https:\/\/berlindigitalart.com\/education-and-entertainment\/"},{"@type":"ListItem","position":3,"name":"Entspannen in der Sonne"}]},{"@type":"WebSite","@id":"https:\/\/berlindigitalart.com\/#website","url":"https:\/\/berlindigitalart.com\/","name":"Berlin Digital Art","description":"Spielend Lernen","publisher":{"@id":"https:\/\/berlindigitalart.com\/#organization"},"potentialAction":[{"@type":"SearchAction","target":{"@type":"EntryPoint","urlTemplate":"https:\/\/berlindigitalart.com\/?s={search_term_string}"},"query-input":{"@type":"PropertyValueSpecification","valueRequired":true,"valueName":"search_term_string"}}],"inLanguage":"en-US"},{"@type":"Organization","@id":"https:\/\/berlindigitalart.com\/#organization","name":"Berlin Digital Art","url":"https:\/\/berlindigitalart.com\/","logo":{"@type":"ImageObject","inLanguage":"en-US","@id":"https:\/\/berlindigitalart.com\/#\/schema\/logo\/image\/","url":"https:\/\/berlindigitalart.com\/wp-content\/uploads\/2024\/12\/Logo_BerlinDigitalArt.png","contentUrl":"https:\/\/berlindigitalart.com\/wp-content\/uploads\/2024\/12\/Logo_BerlinDigitalArt.png","width":1563,"height":1563,"caption":"Berlin Digital Art"},"image":{"@id":"https:\/\/berlindigitalart.com\/#\/schema\/logo\/image\/"},"sameAs":["https:\/\/www.instagram.com\/berlin_digital_art\/"]}]}},"acf":[],"_links":{"self":[{"href":"https:\/\/berlindigitalart.com\/en\/wp-json\/wp\/v2\/product\/846","targetHints":{"allow":["GET"]}}],"collection":[{"href":"https:\/\/berlindigitalart.com\/en\/wp-json\/wp\/v2\/product"}],"about":[{"href":"https:\/\/berlindigitalart.com\/en\/wp-json\/wp\/v2\/types\/product"}],"replies":[{"embeddable":true,"href":"https:\/\/berlindigitalart.com\/en\/wp-json\/wp\/v2\/comments?post=846"}],"wp:featuredmedia":[{"embeddable":true,"href":"https:\/\/berlindigitalart.com\/en\/wp-json\/wp\/v2\/media\/434"}],"wp:attachment":[{"href":"https:\/\/berlindigitalart.com\/en\/wp-json\/wp\/v2\/media?parent=846"}],"wp:term":[{"taxonomy":"product_brand","embeddable":true,"href":"https:\/\/berlindigitalart.com\/en\/wp-json\/wp\/v2\/product_brand?post=846"},{"taxonomy":"product_cat","embeddable":true,"href":"https:\/\/berlindigitalart.com\/en\/wp-json\/wp\/v2\/product_cat?post=846"},{"taxonomy":"product_tag","embeddable":true,"href":"https:\/\/berlindigitalart.com\/en\/wp-json\/wp\/v2\/product_tag?post=846"}],"curies":[{"name":"wp","href":"https:\/\/api.w.org\/{rel}","templated":true}]}}