{"id":845,"date":"2025-01-02T23:51:49","date_gmt":"2025-01-02T22:51:49","guid":{"rendered":"https:\/\/berlindigitalart.com\/product\/strand-junge-abenteuer\/"},"modified":"2025-01-02T23:51:49","modified_gmt":"2025-01-02T22:51:49","slug":"strand-junge-abenteuer","status":"publish","type":"product","link":"https:\/\/berlindigitalart.com\/en\/product\/strand-junge-abenteuer\/","title":{"rendered":"Strand Junge Abenteuer"},"content":{"rendered":"<p>Ein abenteuerlicher Junge, der den Strand erkundet \u2013 die Szene wird dem K\u00fcnstler viel Raum bieten, mit verschiedenen Details wie Muscheln, Steinen und vielleicht einem kleinen Lagerfeuer zu spielen. Der Sand wird in warmen Gelb- und Braunt\u00f6nen ausgemalt, w\u00e4hrend der Himmel in weichen Blau- und Wei\u00dft\u00f6nen gehalten werden kann. Der Junge selbst, voller Energie und Entdeckerlust, wird eine tolle Gelegenheit bieten, die Kleidung und das Haar in verschiedenen Farben zu gestalten. Besonders viel Spa\u00df wird es machen, die Details der Umgebung zu gestalten und die spielerische Atmosph\u00e4re dieses Abenteuers zum Leben zu erwecken.<\/p>","protected":false},"excerpt":{"rendered":"<p>Ein abenteuerlicher Junge, der den Strand erkundet \u2013 die Szene wird dem K\u00fcnstler viel Raum bieten, mit verschiedenen Details wie Muscheln, Steinen und vielleicht einem kleinen Lagerfeuer zu spielen. Der Sand wird in warmen Gelb- und Braunt\u00f6nen ausgemalt, w\u00e4hrend der Himmel in weichen Blau- und Wei\u00dft\u00f6nen gehalten werden kann. Der Junge selbst, voller Energie und Entdeckerlust, wird eine tolle Gelegenheit bieten, die Kleidung und das Haar in verschiedenen Farben zu gestalten. Besonders viel Spa\u00df wird es machen, die Details der Umgebung zu gestalten und die spielerische Atmosph\u00e4re dieses Abenteuers zum Leben zu erwecken.<\/p>","protected":false},"featured_media":433,"comment_status":"open","ping_status":"closed","template":"","meta":[],"product_brand":[],"product_cat":[17,57],"product_tag":[],"class_list":{"0":"post-845","1":"product","2":"type-product","3":"status-publish","4":"has-post-thumbnail","6":"product_cat-ausmalbilder","7":"product_cat-urlaubausmalbilder","9":"first","10":"instock","11":"downloadable","12":"virtual","13":"product-type-simple"},"yoast_head":"<!-- This site is optimized with the Yoast SEO plugin v27.3 - https:\/\/yoast.com\/product\/yoast-seo-wordpress\/ -->\n<title>Strand Junge Abenteuer - Berlin Digital Art<\/title>\n<meta name=\"robots\" content=\"index, follow, max-snippet:-1, max-image-preview:large, max-video-preview:-1\" \/>\n<link rel=\"canonical\" href=\"https:\/\/berlindigitalart.com\/en\/product\/strand-junge-abenteuer\/\" \/>\n<meta property=\"og:locale\" content=\"en_US\" \/>\n<meta property=\"og:type\" content=\"article\" \/>\n<meta property=\"og:title\" content=\"Strand Junge Abenteuer - Berlin Digital Art\" \/>\n<meta property=\"og:description\" content=\"Ein abenteuerlicher Junge, der den Strand erkundet \u2013 die Szene wird dem K\u00fcnstler viel Raum bieten, mit verschiedenen Details wie Muscheln, Steinen und vielleicht einem kleinen Lagerfeuer zu spielen. Der Sand wird in warmen Gelb- und Braunt\u00f6nen ausgemalt, w\u00e4hrend der Himmel in weichen Blau- und Wei\u00dft\u00f6nen gehalten werden kann. Der Junge selbst, voller Energie und Entdeckerlust, wird eine tolle Gelegenheit bieten, die Kleidung und das Haar in verschiedenen Farben zu gestalten. Besonders viel Spa\u00df wird es machen, die Details der Umgebung zu gestalten und die spielerische Atmosph\u00e4re dieses Abenteuers zum Leben zu erwecken.\" \/>\n<meta property=\"og:url\" content=\"https:\/\/berlindigitalart.com\/en\/product\/strand-junge-abenteuer\/\" \/>\n<meta property=\"og:site_name\" content=\"Berlin Digital Art\" \/>\n<meta property=\"og:image\" content=\"https:\/\/berlindigitalart.com\/wp-content\/uploads\/2024\/12\/BerlinDigitalArt_Vacation_Beach_Boats_26-scaled.jpg\" \/>\n\t<meta property=\"og:image:width\" content=\"1810\" \/>\n\t<meta property=\"og:image:height\" content=\"2560\" \/>\n\t<meta property=\"og:image:type\" content=\"image\/jpeg\" \/>\n<meta name=\"twitter:card\" content=\"summary_large_image\" \/>\n<script type=\"application\/ld+json\" class=\"yoast-schema-graph\">{\"@context\":\"https:\\\/\\\/schema.org\",\"@graph\":[{\"@type\":\"WebPage\",\"@id\":\"https:\\\/\\\/berlindigitalart.com\\\/product\\\/strand-junge-abenteuer\\\/\",\"url\":\"https:\\\/\\\/berlindigitalart.com\\\/product\\\/strand-junge-abenteuer\\\/\",\"name\":\"Strand Junge Abenteuer - Berlin Digital Art\",\"isPartOf\":{\"@id\":\"https:\\\/\\\/berlindigitalart.com\\\/#website\"},\"primaryImageOfPage\":{\"@id\":\"https:\\\/\\\/berlindigitalart.com\\\/product\\\/strand-junge-abenteuer\\\/#primaryimage\"},\"image\":{\"@id\":\"https:\\\/\\\/berlindigitalart.com\\\/product\\\/strand-junge-abenteuer\\\/#primaryimage\"},\"thumbnailUrl\":\"https:\\\/\\\/berlindigitalart.com\\\/wp-content\\\/uploads\\\/2024\\\/12\\\/BerlinDigitalArt_Vacation_Beach_Boats_26-scaled.jpg\",\"datePublished\":\"2025-01-02T22:51:49+00:00\",\"breadcrumb\":{\"@id\":\"https:\\\/\\\/berlindigitalart.com\\\/product\\\/strand-junge-abenteuer\\\/#breadcrumb\"},\"inLanguage\":\"en-US\",\"potentialAction\":[{\"@type\":\"ReadAction\",\"target\":[\"https:\\\/\\\/berlindigitalart.com\\\/product\\\/strand-junge-abenteuer\\\/\"]}]},{\"@type\":\"ImageObject\",\"inLanguage\":\"en-US\",\"@id\":\"https:\\\/\\\/berlindigitalart.com\\\/product\\\/strand-junge-abenteuer\\\/#primaryimage\",\"url\":\"https:\\\/\\\/berlindigitalart.com\\\/wp-content\\\/uploads\\\/2024\\\/12\\\/BerlinDigitalArt_Vacation_Beach_Boats_26-scaled.jpg\",\"contentUrl\":\"https:\\\/\\\/berlindigitalart.com\\\/wp-content\\\/uploads\\\/2024\\\/12\\\/BerlinDigitalArt_Vacation_Beach_Boats_26-scaled.jpg\",\"width\":1810,\"height\":2560},{\"@type\":\"BreadcrumbList\",\"@id\":\"https:\\\/\\\/berlindigitalart.com\\\/product\\\/strand-junge-abenteuer\\\/#breadcrumb\",\"itemListElement\":[{\"@type\":\"ListItem\",\"position\":1,\"name\":\"Home\",\"item\":\"https:\\\/\\\/berlindigitalart.com\\\/\"},{\"@type\":\"ListItem\",\"position\":2,\"name\":\"Education and Entertainment\",\"item\":\"https:\\\/\\\/berlindigitalart.com\\\/education-and-entertainment\\\/\"},{\"@type\":\"ListItem\",\"position\":3,\"name\":\"Strand Junge Abenteuer\"}]},{\"@type\":\"WebSite\",\"@id\":\"https:\\\/\\\/berlindigitalart.com\\\/#website\",\"url\":\"https:\\\/\\\/berlindigitalart.com\\\/\",\"name\":\"Berlin Digital Art\",\"description\":\"Spielend Lernen\",\"publisher\":{\"@id\":\"https:\\\/\\\/berlindigitalart.com\\\/#organization\"},\"potentialAction\":[{\"@type\":\"SearchAction\",\"target\":{\"@type\":\"EntryPoint\",\"urlTemplate\":\"https:\\\/\\\/berlindigitalart.com\\\/?s={search_term_string}\"},\"query-input\":{\"@type\":\"PropertyValueSpecification\",\"valueRequired\":true,\"valueName\":\"search_term_string\"}}],\"inLanguage\":\"en-US\"},{\"@type\":\"Organization\",\"@id\":\"https:\\\/\\\/berlindigitalart.com\\\/#organization\",\"name\":\"Berlin Digital Art\",\"url\":\"https:\\\/\\\/berlindigitalart.com\\\/\",\"logo\":{\"@type\":\"ImageObject\",\"inLanguage\":\"en-US\",\"@id\":\"https:\\\/\\\/berlindigitalart.com\\\/#\\\/schema\\\/logo\\\/image\\\/\",\"url\":\"https:\\\/\\\/berlindigitalart.com\\\/wp-content\\\/uploads\\\/2024\\\/12\\\/Logo_BerlinDigitalArt.png\",\"contentUrl\":\"https:\\\/\\\/berlindigitalart.com\\\/wp-content\\\/uploads\\\/2024\\\/12\\\/Logo_BerlinDigitalArt.png\",\"width\":1563,\"height\":1563,\"caption\":\"Berlin Digital Art\"},\"image\":{\"@id\":\"https:\\\/\\\/berlindigitalart.com\\\/#\\\/schema\\\/logo\\\/image\\\/\"},\"sameAs\":[\"https:\\\/\\\/www.instagram.com\\\/berlin_digital_art\\\/\"]}]}<\/script>\n<!-- \/ Yoast SEO plugin. -->","yoast_head_json":{"title":"Strand Junge Abenteuer - Berlin Digital Art","robots":{"index":"index","follow":"follow","max-snippet":"max-snippet:-1","max-image-preview":"max-image-preview:large","max-video-preview":"max-video-preview:-1"},"canonical":"https:\/\/berlindigitalart.com\/en\/product\/strand-junge-abenteuer\/","og_locale":"en_US","og_type":"article","og_title":"Strand Junge Abenteuer - Berlin Digital Art","og_description":"Ein abenteuerlicher Junge, der den Strand erkundet \u2013 die Szene wird dem K\u00fcnstler viel Raum bieten, mit verschiedenen Details wie Muscheln, Steinen und vielleicht einem kleinen Lagerfeuer zu spielen. Der Sand wird in warmen Gelb- und Braunt\u00f6nen ausgemalt, w\u00e4hrend der Himmel in weichen Blau- und Wei\u00dft\u00f6nen gehalten werden kann. Der Junge selbst, voller Energie und Entdeckerlust, wird eine tolle Gelegenheit bieten, die Kleidung und das Haar in verschiedenen Farben zu gestalten. Besonders viel Spa\u00df wird es machen, die Details der Umgebung zu gestalten und die spielerische Atmosph\u00e4re dieses Abenteuers zum Leben zu erwecken.","og_url":"https:\/\/berlindigitalart.com\/en\/product\/strand-junge-abenteuer\/","og_site_name":"Berlin Digital Art","og_image":[{"width":1810,"height":2560,"url":"https:\/\/berlindigitalart.com\/wp-content\/uploads\/2024\/12\/BerlinDigitalArt_Vacation_Beach_Boats_26-scaled.jpg","type":"image\/jpeg"}],"twitter_card":"summary_large_image","schema":{"@context":"https:\/\/schema.org","@graph":[{"@type":"WebPage","@id":"https:\/\/berlindigitalart.com\/product\/strand-junge-abenteuer\/","url":"https:\/\/berlindigitalart.com\/product\/strand-junge-abenteuer\/","name":"Strand Junge Abenteuer - Berlin Digital Art","isPartOf":{"@id":"https:\/\/berlindigitalart.com\/#website"},"primaryImageOfPage":{"@id":"https:\/\/berlindigitalart.com\/product\/strand-junge-abenteuer\/#primaryimage"},"image":{"@id":"https:\/\/berlindigitalart.com\/product\/strand-junge-abenteuer\/#primaryimage"},"thumbnailUrl":"https:\/\/berlindigitalart.com\/wp-content\/uploads\/2024\/12\/BerlinDigitalArt_Vacation_Beach_Boats_26-scaled.jpg","datePublished":"2025-01-02T22:51:49+00:00","breadcrumb":{"@id":"https:\/\/berlindigitalart.com\/product\/strand-junge-abenteuer\/#breadcrumb"},"inLanguage":"en-US","potentialAction":[{"@type":"ReadAction","target":["https:\/\/berlindigitalart.com\/product\/strand-junge-abenteuer\/"]}]},{"@type":"ImageObject","inLanguage":"en-US","@id":"https:\/\/berlindigitalart.com\/product\/strand-junge-abenteuer\/#primaryimage","url":"https:\/\/berlindigitalart.com\/wp-content\/uploads\/2024\/12\/BerlinDigitalArt_Vacation_Beach_Boats_26-scaled.jpg","contentUrl":"https:\/\/berlindigitalart.com\/wp-content\/uploads\/2024\/12\/BerlinDigitalArt_Vacation_Beach_Boats_26-scaled.jpg","width":1810,"height":2560},{"@type":"BreadcrumbList","@id":"https:\/\/berlindigitalart.com\/product\/strand-junge-abenteuer\/#breadcrumb","itemListElement":[{"@type":"ListItem","position":1,"name":"Home","item":"https:\/\/berlindigitalart.com\/"},{"@type":"ListItem","position":2,"name":"Education and Entertainment","item":"https:\/\/berlindigitalart.com\/education-and-entertainment\/"},{"@type":"ListItem","position":3,"name":"Strand Junge Abenteuer"}]},{"@type":"WebSite","@id":"https:\/\/berlindigitalart.com\/#website","url":"https:\/\/berlindigitalart.com\/","name":"Berlin Digital Art","description":"Spielend Lernen","publisher":{"@id":"https:\/\/berlindigitalart.com\/#organization"},"potentialAction":[{"@type":"SearchAction","target":{"@type":"EntryPoint","urlTemplate":"https:\/\/berlindigitalart.com\/?s={search_term_string}"},"query-input":{"@type":"PropertyValueSpecification","valueRequired":true,"valueName":"search_term_string"}}],"inLanguage":"en-US"},{"@type":"Organization","@id":"https:\/\/berlindigitalart.com\/#organization","name":"Berlin Digital Art","url":"https:\/\/berlindigitalart.com\/","logo":{"@type":"ImageObject","inLanguage":"en-US","@id":"https:\/\/berlindigitalart.com\/#\/schema\/logo\/image\/","url":"https:\/\/berlindigitalart.com\/wp-content\/uploads\/2024\/12\/Logo_BerlinDigitalArt.png","contentUrl":"https:\/\/berlindigitalart.com\/wp-content\/uploads\/2024\/12\/Logo_BerlinDigitalArt.png","width":1563,"height":1563,"caption":"Berlin Digital Art"},"image":{"@id":"https:\/\/berlindigitalart.com\/#\/schema\/logo\/image\/"},"sameAs":["https:\/\/www.instagram.com\/berlin_digital_art\/"]}]}},"acf":[],"_links":{"self":[{"href":"https:\/\/berlindigitalart.com\/en\/wp-json\/wp\/v2\/product\/845","targetHints":{"allow":["GET"]}}],"collection":[{"href":"https:\/\/berlindigitalart.com\/en\/wp-json\/wp\/v2\/product"}],"about":[{"href":"https:\/\/berlindigitalart.com\/en\/wp-json\/wp\/v2\/types\/product"}],"replies":[{"embeddable":true,"href":"https:\/\/berlindigitalart.com\/en\/wp-json\/wp\/v2\/comments?post=845"}],"wp:featuredmedia":[{"embeddable":true,"href":"https:\/\/berlindigitalart.com\/en\/wp-json\/wp\/v2\/media\/433"}],"wp:attachment":[{"href":"https:\/\/berlindigitalart.com\/en\/wp-json\/wp\/v2\/media?parent=845"}],"wp:term":[{"taxonomy":"product_brand","embeddable":true,"href":"https:\/\/berlindigitalart.com\/en\/wp-json\/wp\/v2\/product_brand?post=845"},{"taxonomy":"product_cat","embeddable":true,"href":"https:\/\/berlindigitalart.com\/en\/wp-json\/wp\/v2\/product_cat?post=845"},{"taxonomy":"product_tag","embeddable":true,"href":"https:\/\/berlindigitalart.com\/en\/wp-json\/wp\/v2\/product_tag?post=845"}],"curies":[{"name":"wp","href":"https:\/\/api.w.org\/{rel}","templated":true}]}}