{"id":843,"date":"2025-01-02T23:51:47","date_gmt":"2025-01-02T22:51:47","guid":{"rendered":"https:\/\/berlindigitalart.com\/product\/grosses-ozean-kreuzfahrtschiff\/"},"modified":"2025-01-02T23:51:47","modified_gmt":"2025-01-02T22:51:47","slug":"grosses-ozean-kreuzfahrtschiff","status":"publish","type":"product","link":"https:\/\/berlindigitalart.com\/en\/product\/grosses-ozean-kreuzfahrtschiff\/","title":{"rendered":"Gro\u00dfes Ozean-Kreuzfahrtschiff"},"content":{"rendered":"<p>Ein majest\u00e4tisches Ozean-Kreuzfahrtschiff, das auf den tiefblauen Weiten des Ozeans f\u00e4hrt \u2013 das Ausmalen dieser Szene wird ein wahres Abenteuer. Der K\u00fcnstler wird mit kr\u00e4ftigen Blau- und T\u00fcrkist\u00f6nen f\u00fcr das Meer arbeiten k\u00f6nnen und das riesige Schiff mit detaillierten Elementen versehen \u2013 von den Decks und Fenstern bis zu den Wellen, die es hinter sich l\u00e4sst. Es wird auch Spa\u00df machen, den Himmel und die Wolken zu gestalten, die das Schiff umgeben. Die Kombination aus der Gr\u00f6\u00dfe des Schiffes und der Weite des Meeres wird dem Ausmaler ein Gef\u00fchl der Gr\u00f6\u00dfe und Weite vermitteln. Diese Szene ist ideal f\u00fcr einen kreativen Ausflug in die Tiefen des Ozeans.<\/p>","protected":false},"excerpt":{"rendered":"<p>Ein majest\u00e4tisches Ozean-Kreuzfahrtschiff, das auf den tiefblauen Weiten des Ozeans f\u00e4hrt \u2013 das Ausmalen dieser Szene wird ein wahres Abenteuer. Der K\u00fcnstler wird mit kr\u00e4ftigen Blau- und T\u00fcrkist\u00f6nen f\u00fcr das Meer arbeiten k\u00f6nnen und das riesige Schiff mit detaillierten Elementen versehen \u2013 von den Decks und Fenstern bis zu den Wellen, die es hinter sich l\u00e4sst. Es wird auch Spa\u00df machen, den Himmel und die Wolken zu gestalten, die das Schiff umgeben. Die Kombination aus der Gr\u00f6\u00dfe des Schiffes und der Weite des Meeres wird dem Ausmaler ein Gef\u00fchl der Gr\u00f6\u00dfe und Weite vermitteln. Diese Szene ist ideal f\u00fcr einen kreativen Ausflug in die Tiefen des Ozeans.<\/p>","protected":false},"featured_media":431,"comment_status":"open","ping_status":"closed","template":"","meta":[],"product_brand":[],"product_cat":[17,57],"product_tag":[],"class_list":{"0":"post-843","1":"product","2":"type-product","3":"status-publish","4":"has-post-thumbnail","6":"product_cat-ausmalbilder","7":"product_cat-urlaubausmalbilder","9":"first","10":"instock","11":"downloadable","12":"virtual","13":"product-type-simple"},"yoast_head":"<!-- This site is optimized with the Yoast SEO plugin v27.3 - https:\/\/yoast.com\/product\/yoast-seo-wordpress\/ -->\n<title>Gro\u00dfes Ozean-Kreuzfahrtschiff - Berlin Digital Art<\/title>\n<meta name=\"robots\" content=\"index, follow, max-snippet:-1, max-image-preview:large, max-video-preview:-1\" \/>\n<link rel=\"canonical\" href=\"https:\/\/berlindigitalart.com\/en\/product\/grosses-ozean-kreuzfahrtschiff\/\" \/>\n<meta property=\"og:locale\" content=\"en_US\" \/>\n<meta property=\"og:type\" content=\"article\" \/>\n<meta property=\"og:title\" content=\"Gro\u00dfes Ozean-Kreuzfahrtschiff - Berlin Digital Art\" \/>\n<meta property=\"og:description\" content=\"Ein majest\u00e4tisches Ozean-Kreuzfahrtschiff, das auf den tiefblauen Weiten des Ozeans f\u00e4hrt \u2013 das Ausmalen dieser Szene wird ein wahres Abenteuer. Der K\u00fcnstler wird mit kr\u00e4ftigen Blau- und T\u00fcrkist\u00f6nen f\u00fcr das Meer arbeiten k\u00f6nnen und das riesige Schiff mit detaillierten Elementen versehen \u2013 von den Decks und Fenstern bis zu den Wellen, die es hinter sich l\u00e4sst. Es wird auch Spa\u00df machen, den Himmel und die Wolken zu gestalten, die das Schiff umgeben. Die Kombination aus der Gr\u00f6\u00dfe des Schiffes und der Weite des Meeres wird dem Ausmaler ein Gef\u00fchl der Gr\u00f6\u00dfe und Weite vermitteln. Diese Szene ist ideal f\u00fcr einen kreativen Ausflug in die Tiefen des Ozeans.\" \/>\n<meta property=\"og:url\" content=\"https:\/\/berlindigitalart.com\/en\/product\/grosses-ozean-kreuzfahrtschiff\/\" \/>\n<meta property=\"og:site_name\" content=\"Berlin Digital Art\" \/>\n<meta property=\"og:image\" content=\"https:\/\/berlindigitalart.com\/wp-content\/uploads\/2024\/12\/BerlinDigitalArt_Vacation_Beach_Boats_24-scaled.jpg\" \/>\n\t<meta property=\"og:image:width\" content=\"1810\" \/>\n\t<meta property=\"og:image:height\" content=\"2560\" \/>\n\t<meta property=\"og:image:type\" content=\"image\/jpeg\" \/>\n<meta name=\"twitter:card\" content=\"summary_large_image\" \/>\n<meta name=\"twitter:label1\" content=\"Est. reading time\" \/>\n\t<meta name=\"twitter:data1\" content=\"1 minute\" \/>\n<script type=\"application\/ld+json\" class=\"yoast-schema-graph\">{\"@context\":\"https:\\\/\\\/schema.org\",\"@graph\":[{\"@type\":\"WebPage\",\"@id\":\"https:\\\/\\\/berlindigitalart.com\\\/product\\\/grosses-ozean-kreuzfahrtschiff\\\/\",\"url\":\"https:\\\/\\\/berlindigitalart.com\\\/product\\\/grosses-ozean-kreuzfahrtschiff\\\/\",\"name\":\"Gro\u00dfes Ozean-Kreuzfahrtschiff - Berlin Digital Art\",\"isPartOf\":{\"@id\":\"https:\\\/\\\/berlindigitalart.com\\\/#website\"},\"primaryImageOfPage\":{\"@id\":\"https:\\\/\\\/berlindigitalart.com\\\/product\\\/grosses-ozean-kreuzfahrtschiff\\\/#primaryimage\"},\"image\":{\"@id\":\"https:\\\/\\\/berlindigitalart.com\\\/product\\\/grosses-ozean-kreuzfahrtschiff\\\/#primaryimage\"},\"thumbnailUrl\":\"https:\\\/\\\/berlindigitalart.com\\\/wp-content\\\/uploads\\\/2024\\\/12\\\/BerlinDigitalArt_Vacation_Beach_Boats_24-scaled.jpg\",\"datePublished\":\"2025-01-02T22:51:47+00:00\",\"breadcrumb\":{\"@id\":\"https:\\\/\\\/berlindigitalart.com\\\/product\\\/grosses-ozean-kreuzfahrtschiff\\\/#breadcrumb\"},\"inLanguage\":\"en-US\",\"potentialAction\":[{\"@type\":\"ReadAction\",\"target\":[\"https:\\\/\\\/berlindigitalart.com\\\/product\\\/grosses-ozean-kreuzfahrtschiff\\\/\"]}]},{\"@type\":\"ImageObject\",\"inLanguage\":\"en-US\",\"@id\":\"https:\\\/\\\/berlindigitalart.com\\\/product\\\/grosses-ozean-kreuzfahrtschiff\\\/#primaryimage\",\"url\":\"https:\\\/\\\/berlindigitalart.com\\\/wp-content\\\/uploads\\\/2024\\\/12\\\/BerlinDigitalArt_Vacation_Beach_Boats_24-scaled.jpg\",\"contentUrl\":\"https:\\\/\\\/berlindigitalart.com\\\/wp-content\\\/uploads\\\/2024\\\/12\\\/BerlinDigitalArt_Vacation_Beach_Boats_24-scaled.jpg\",\"width\":1810,\"height\":2560},{\"@type\":\"BreadcrumbList\",\"@id\":\"https:\\\/\\\/berlindigitalart.com\\\/product\\\/grosses-ozean-kreuzfahrtschiff\\\/#breadcrumb\",\"itemListElement\":[{\"@type\":\"ListItem\",\"position\":1,\"name\":\"Home\",\"item\":\"https:\\\/\\\/berlindigitalart.com\\\/\"},{\"@type\":\"ListItem\",\"position\":2,\"name\":\"Education and Entertainment\",\"item\":\"https:\\\/\\\/berlindigitalart.com\\\/education-and-entertainment\\\/\"},{\"@type\":\"ListItem\",\"position\":3,\"name\":\"Gro\u00dfes Ozean-Kreuzfahrtschiff\"}]},{\"@type\":\"WebSite\",\"@id\":\"https:\\\/\\\/berlindigitalart.com\\\/#website\",\"url\":\"https:\\\/\\\/berlindigitalart.com\\\/\",\"name\":\"Berlin Digital Art\",\"description\":\"Spielend Lernen\",\"publisher\":{\"@id\":\"https:\\\/\\\/berlindigitalart.com\\\/#organization\"},\"potentialAction\":[{\"@type\":\"SearchAction\",\"target\":{\"@type\":\"EntryPoint\",\"urlTemplate\":\"https:\\\/\\\/berlindigitalart.com\\\/?s={search_term_string}\"},\"query-input\":{\"@type\":\"PropertyValueSpecification\",\"valueRequired\":true,\"valueName\":\"search_term_string\"}}],\"inLanguage\":\"en-US\"},{\"@type\":\"Organization\",\"@id\":\"https:\\\/\\\/berlindigitalart.com\\\/#organization\",\"name\":\"Berlin Digital Art\",\"url\":\"https:\\\/\\\/berlindigitalart.com\\\/\",\"logo\":{\"@type\":\"ImageObject\",\"inLanguage\":\"en-US\",\"@id\":\"https:\\\/\\\/berlindigitalart.com\\\/#\\\/schema\\\/logo\\\/image\\\/\",\"url\":\"https:\\\/\\\/berlindigitalart.com\\\/wp-content\\\/uploads\\\/2024\\\/12\\\/Logo_BerlinDigitalArt.png\",\"contentUrl\":\"https:\\\/\\\/berlindigitalart.com\\\/wp-content\\\/uploads\\\/2024\\\/12\\\/Logo_BerlinDigitalArt.png\",\"width\":1563,\"height\":1563,\"caption\":\"Berlin Digital Art\"},\"image\":{\"@id\":\"https:\\\/\\\/berlindigitalart.com\\\/#\\\/schema\\\/logo\\\/image\\\/\"},\"sameAs\":[\"https:\\\/\\\/www.instagram.com\\\/berlin_digital_art\\\/\"]}]}<\/script>\n<!-- \/ Yoast SEO plugin. -->","yoast_head_json":{"title":"Gro\u00dfes Ozean-Kreuzfahrtschiff - Berlin Digital Art","robots":{"index":"index","follow":"follow","max-snippet":"max-snippet:-1","max-image-preview":"max-image-preview:large","max-video-preview":"max-video-preview:-1"},"canonical":"https:\/\/berlindigitalart.com\/en\/product\/grosses-ozean-kreuzfahrtschiff\/","og_locale":"en_US","og_type":"article","og_title":"Gro\u00dfes Ozean-Kreuzfahrtschiff - Berlin Digital Art","og_description":"Ein majest\u00e4tisches Ozean-Kreuzfahrtschiff, das auf den tiefblauen Weiten des Ozeans f\u00e4hrt \u2013 das Ausmalen dieser Szene wird ein wahres Abenteuer. Der K\u00fcnstler wird mit kr\u00e4ftigen Blau- und T\u00fcrkist\u00f6nen f\u00fcr das Meer arbeiten k\u00f6nnen und das riesige Schiff mit detaillierten Elementen versehen \u2013 von den Decks und Fenstern bis zu den Wellen, die es hinter sich l\u00e4sst. Es wird auch Spa\u00df machen, den Himmel und die Wolken zu gestalten, die das Schiff umgeben. Die Kombination aus der Gr\u00f6\u00dfe des Schiffes und der Weite des Meeres wird dem Ausmaler ein Gef\u00fchl der Gr\u00f6\u00dfe und Weite vermitteln. Diese Szene ist ideal f\u00fcr einen kreativen Ausflug in die Tiefen des Ozeans.","og_url":"https:\/\/berlindigitalart.com\/en\/product\/grosses-ozean-kreuzfahrtschiff\/","og_site_name":"Berlin Digital Art","og_image":[{"width":1810,"height":2560,"url":"https:\/\/berlindigitalart.com\/wp-content\/uploads\/2024\/12\/BerlinDigitalArt_Vacation_Beach_Boats_24-scaled.jpg","type":"image\/jpeg"}],"twitter_card":"summary_large_image","twitter_misc":{"Est. reading time":"1 minute"},"schema":{"@context":"https:\/\/schema.org","@graph":[{"@type":"WebPage","@id":"https:\/\/berlindigitalart.com\/product\/grosses-ozean-kreuzfahrtschiff\/","url":"https:\/\/berlindigitalart.com\/product\/grosses-ozean-kreuzfahrtschiff\/","name":"Gro\u00dfes Ozean-Kreuzfahrtschiff - Berlin Digital Art","isPartOf":{"@id":"https:\/\/berlindigitalart.com\/#website"},"primaryImageOfPage":{"@id":"https:\/\/berlindigitalart.com\/product\/grosses-ozean-kreuzfahrtschiff\/#primaryimage"},"image":{"@id":"https:\/\/berlindigitalart.com\/product\/grosses-ozean-kreuzfahrtschiff\/#primaryimage"},"thumbnailUrl":"https:\/\/berlindigitalart.com\/wp-content\/uploads\/2024\/12\/BerlinDigitalArt_Vacation_Beach_Boats_24-scaled.jpg","datePublished":"2025-01-02T22:51:47+00:00","breadcrumb":{"@id":"https:\/\/berlindigitalart.com\/product\/grosses-ozean-kreuzfahrtschiff\/#breadcrumb"},"inLanguage":"en-US","potentialAction":[{"@type":"ReadAction","target":["https:\/\/berlindigitalart.com\/product\/grosses-ozean-kreuzfahrtschiff\/"]}]},{"@type":"ImageObject","inLanguage":"en-US","@id":"https:\/\/berlindigitalart.com\/product\/grosses-ozean-kreuzfahrtschiff\/#primaryimage","url":"https:\/\/berlindigitalart.com\/wp-content\/uploads\/2024\/12\/BerlinDigitalArt_Vacation_Beach_Boats_24-scaled.jpg","contentUrl":"https:\/\/berlindigitalart.com\/wp-content\/uploads\/2024\/12\/BerlinDigitalArt_Vacation_Beach_Boats_24-scaled.jpg","width":1810,"height":2560},{"@type":"BreadcrumbList","@id":"https:\/\/berlindigitalart.com\/product\/grosses-ozean-kreuzfahrtschiff\/#breadcrumb","itemListElement":[{"@type":"ListItem","position":1,"name":"Home","item":"https:\/\/berlindigitalart.com\/"},{"@type":"ListItem","position":2,"name":"Education and Entertainment","item":"https:\/\/berlindigitalart.com\/education-and-entertainment\/"},{"@type":"ListItem","position":3,"name":"Gro\u00dfes Ozean-Kreuzfahrtschiff"}]},{"@type":"WebSite","@id":"https:\/\/berlindigitalart.com\/#website","url":"https:\/\/berlindigitalart.com\/","name":"Berlin Digital Art","description":"Spielend Lernen","publisher":{"@id":"https:\/\/berlindigitalart.com\/#organization"},"potentialAction":[{"@type":"SearchAction","target":{"@type":"EntryPoint","urlTemplate":"https:\/\/berlindigitalart.com\/?s={search_term_string}"},"query-input":{"@type":"PropertyValueSpecification","valueRequired":true,"valueName":"search_term_string"}}],"inLanguage":"en-US"},{"@type":"Organization","@id":"https:\/\/berlindigitalart.com\/#organization","name":"Berlin Digital Art","url":"https:\/\/berlindigitalart.com\/","logo":{"@type":"ImageObject","inLanguage":"en-US","@id":"https:\/\/berlindigitalart.com\/#\/schema\/logo\/image\/","url":"https:\/\/berlindigitalart.com\/wp-content\/uploads\/2024\/12\/Logo_BerlinDigitalArt.png","contentUrl":"https:\/\/berlindigitalart.com\/wp-content\/uploads\/2024\/12\/Logo_BerlinDigitalArt.png","width":1563,"height":1563,"caption":"Berlin Digital Art"},"image":{"@id":"https:\/\/berlindigitalart.com\/#\/schema\/logo\/image\/"},"sameAs":["https:\/\/www.instagram.com\/berlin_digital_art\/"]}]}},"acf":[],"_links":{"self":[{"href":"https:\/\/berlindigitalart.com\/en\/wp-json\/wp\/v2\/product\/843","targetHints":{"allow":["GET"]}}],"collection":[{"href":"https:\/\/berlindigitalart.com\/en\/wp-json\/wp\/v2\/product"}],"about":[{"href":"https:\/\/berlindigitalart.com\/en\/wp-json\/wp\/v2\/types\/product"}],"replies":[{"embeddable":true,"href":"https:\/\/berlindigitalart.com\/en\/wp-json\/wp\/v2\/comments?post=843"}],"wp:featuredmedia":[{"embeddable":true,"href":"https:\/\/berlindigitalart.com\/en\/wp-json\/wp\/v2\/media\/431"}],"wp:attachment":[{"href":"https:\/\/berlindigitalart.com\/en\/wp-json\/wp\/v2\/media?parent=843"}],"wp:term":[{"taxonomy":"product_brand","embeddable":true,"href":"https:\/\/berlindigitalart.com\/en\/wp-json\/wp\/v2\/product_brand?post=843"},{"taxonomy":"product_cat","embeddable":true,"href":"https:\/\/berlindigitalart.com\/en\/wp-json\/wp\/v2\/product_cat?post=843"},{"taxonomy":"product_tag","embeddable":true,"href":"https:\/\/berlindigitalart.com\/en\/wp-json\/wp\/v2\/product_tag?post=843"}],"curies":[{"name":"wp","href":"https:\/\/api.w.org\/{rel}","templated":true}]}}