{"id":835,"date":"2025-01-02T23:51:41","date_gmt":"2025-01-02T22:51:41","guid":{"rendered":"https:\/\/berlindigitalart.com\/product\/doppelkajak-spass\/"},"modified":"2025-01-02T23:51:41","modified_gmt":"2025-01-02T22:51:41","slug":"doppelkajak-spass","status":"publish","type":"product","link":"https:\/\/berlindigitalart.com\/en\/product\/doppelkajak-spass\/","title":{"rendered":"Doppelkajak Spa\u00df"},"content":{"rendered":"<p>Zwei Kajaks, die auf einem ruhigen See paddeln \u2013 das Ausmalen dieser Szene wird spannend und beruhigend zugleich. Der K\u00fcnstler kann die Wellen und den glitzernden See ausmalen, der von den Paddeln der Kajaks durchzogen wird. Besonders viel Spa\u00df wird es machen, mit den Farben des Wassers und des Himmels zu spielen und dabei die Bewegung der Kajaks und ihrer Passagiere lebendig werden zu lassen. Die Details des Bootes und der Paddel bieten viele M\u00f6glichkeiten f\u00fcr pr\u00e4zise Ausmaltechniken, w\u00e4hrend die nat\u00fcrliche Umgebung \u2013 B\u00e4ume, Blumen und vielleicht sogar V\u00f6gel \u2013 das Bild noch interessanter machen wird. Dieses Ausmalbild wird ein perfektes Gleichgewicht zwischen Spa\u00df und Entspannung bieten.<\/p>","protected":false},"excerpt":{"rendered":"<p>Zwei Kajaks, die auf einem ruhigen See paddeln \u2013 das Ausmalen dieser Szene wird spannend und beruhigend zugleich. Der K\u00fcnstler kann die Wellen und den glitzernden See ausmalen, der von den Paddeln der Kajaks durchzogen wird. Besonders viel Spa\u00df wird es machen, mit den Farben des Wassers und des Himmels zu spielen und dabei die Bewegung der Kajaks und ihrer Passagiere lebendig werden zu lassen. Die Details des Bootes und der Paddel bieten viele M\u00f6glichkeiten f\u00fcr pr\u00e4zise Ausmaltechniken, w\u00e4hrend die nat\u00fcrliche Umgebung \u2013 B\u00e4ume, Blumen und vielleicht sogar V\u00f6gel \u2013 das Bild noch interessanter machen wird. Dieses Ausmalbild wird ein perfektes Gleichgewicht zwischen Spa\u00df und Entspannung bieten.<\/p>","protected":false},"featured_media":423,"comment_status":"open","ping_status":"closed","template":"","meta":[],"product_brand":[],"product_cat":[17,57],"product_tag":[],"class_list":{"0":"post-835","1":"product","2":"type-product","3":"status-publish","4":"has-post-thumbnail","6":"product_cat-ausmalbilder","7":"product_cat-urlaubausmalbilder","9":"first","10":"instock","11":"downloadable","12":"virtual","13":"product-type-simple"},"yoast_head":"<!-- This site is optimized with the Yoast SEO plugin v27.3 - https:\/\/yoast.com\/product\/yoast-seo-wordpress\/ -->\n<title>Doppelkajak Spa\u00df - Berlin Digital Art<\/title>\n<meta name=\"robots\" content=\"index, follow, max-snippet:-1, max-image-preview:large, max-video-preview:-1\" \/>\n<link rel=\"canonical\" href=\"https:\/\/berlindigitalart.com\/en\/product\/doppelkajak-spass\/\" \/>\n<meta property=\"og:locale\" content=\"en_US\" \/>\n<meta property=\"og:type\" content=\"article\" \/>\n<meta property=\"og:title\" content=\"Doppelkajak Spa\u00df - Berlin Digital Art\" \/>\n<meta property=\"og:description\" content=\"Zwei Kajaks, die auf einem ruhigen See paddeln \u2013 das Ausmalen dieser Szene wird spannend und beruhigend zugleich. Der K\u00fcnstler kann die Wellen und den glitzernden See ausmalen, der von den Paddeln der Kajaks durchzogen wird. Besonders viel Spa\u00df wird es machen, mit den Farben des Wassers und des Himmels zu spielen und dabei die Bewegung der Kajaks und ihrer Passagiere lebendig werden zu lassen. Die Details des Bootes und der Paddel bieten viele M\u00f6glichkeiten f\u00fcr pr\u00e4zise Ausmaltechniken, w\u00e4hrend die nat\u00fcrliche Umgebung \u2013 B\u00e4ume, Blumen und vielleicht sogar V\u00f6gel \u2013 das Bild noch interessanter machen wird. Dieses Ausmalbild wird ein perfektes Gleichgewicht zwischen Spa\u00df und Entspannung bieten.\" \/>\n<meta property=\"og:url\" content=\"https:\/\/berlindigitalart.com\/en\/product\/doppelkajak-spass\/\" \/>\n<meta property=\"og:site_name\" content=\"Berlin Digital Art\" \/>\n<meta property=\"og:image\" content=\"https:\/\/berlindigitalart.com\/wp-content\/uploads\/2024\/12\/BerlinDigitalArt_Vacation_Beach_Boats_16-scaled.jpg\" \/>\n\t<meta property=\"og:image:width\" content=\"1810\" \/>\n\t<meta property=\"og:image:height\" content=\"2560\" \/>\n\t<meta property=\"og:image:type\" content=\"image\/jpeg\" \/>\n<meta name=\"twitter:card\" content=\"summary_large_image\" \/>\n<meta name=\"twitter:label1\" content=\"Est. reading time\" \/>\n\t<meta name=\"twitter:data1\" content=\"1 minute\" \/>\n<script type=\"application\/ld+json\" class=\"yoast-schema-graph\">{\"@context\":\"https:\\\/\\\/schema.org\",\"@graph\":[{\"@type\":\"WebPage\",\"@id\":\"https:\\\/\\\/berlindigitalart.com\\\/product\\\/doppelkajak-spass\\\/\",\"url\":\"https:\\\/\\\/berlindigitalart.com\\\/product\\\/doppelkajak-spass\\\/\",\"name\":\"Doppelkajak Spa\u00df - Berlin Digital Art\",\"isPartOf\":{\"@id\":\"https:\\\/\\\/berlindigitalart.com\\\/#website\"},\"primaryImageOfPage\":{\"@id\":\"https:\\\/\\\/berlindigitalart.com\\\/product\\\/doppelkajak-spass\\\/#primaryimage\"},\"image\":{\"@id\":\"https:\\\/\\\/berlindigitalart.com\\\/product\\\/doppelkajak-spass\\\/#primaryimage\"},\"thumbnailUrl\":\"https:\\\/\\\/berlindigitalart.com\\\/wp-content\\\/uploads\\\/2024\\\/12\\\/BerlinDigitalArt_Vacation_Beach_Boats_16-scaled.jpg\",\"datePublished\":\"2025-01-02T22:51:41+00:00\",\"breadcrumb\":{\"@id\":\"https:\\\/\\\/berlindigitalart.com\\\/product\\\/doppelkajak-spass\\\/#breadcrumb\"},\"inLanguage\":\"en-US\",\"potentialAction\":[{\"@type\":\"ReadAction\",\"target\":[\"https:\\\/\\\/berlindigitalart.com\\\/product\\\/doppelkajak-spass\\\/\"]}]},{\"@type\":\"ImageObject\",\"inLanguage\":\"en-US\",\"@id\":\"https:\\\/\\\/berlindigitalart.com\\\/product\\\/doppelkajak-spass\\\/#primaryimage\",\"url\":\"https:\\\/\\\/berlindigitalart.com\\\/wp-content\\\/uploads\\\/2024\\\/12\\\/BerlinDigitalArt_Vacation_Beach_Boats_16-scaled.jpg\",\"contentUrl\":\"https:\\\/\\\/berlindigitalart.com\\\/wp-content\\\/uploads\\\/2024\\\/12\\\/BerlinDigitalArt_Vacation_Beach_Boats_16-scaled.jpg\",\"width\":1810,\"height\":2560},{\"@type\":\"BreadcrumbList\",\"@id\":\"https:\\\/\\\/berlindigitalart.com\\\/product\\\/doppelkajak-spass\\\/#breadcrumb\",\"itemListElement\":[{\"@type\":\"ListItem\",\"position\":1,\"name\":\"Home\",\"item\":\"https:\\\/\\\/berlindigitalart.com\\\/\"},{\"@type\":\"ListItem\",\"position\":2,\"name\":\"Education and Entertainment\",\"item\":\"https:\\\/\\\/berlindigitalart.com\\\/education-and-entertainment\\\/\"},{\"@type\":\"ListItem\",\"position\":3,\"name\":\"Doppelkajak Spa\u00df\"}]},{\"@type\":\"WebSite\",\"@id\":\"https:\\\/\\\/berlindigitalart.com\\\/#website\",\"url\":\"https:\\\/\\\/berlindigitalart.com\\\/\",\"name\":\"Berlin Digital Art\",\"description\":\"Spielend Lernen\",\"publisher\":{\"@id\":\"https:\\\/\\\/berlindigitalart.com\\\/#organization\"},\"potentialAction\":[{\"@type\":\"SearchAction\",\"target\":{\"@type\":\"EntryPoint\",\"urlTemplate\":\"https:\\\/\\\/berlindigitalart.com\\\/?s={search_term_string}\"},\"query-input\":{\"@type\":\"PropertyValueSpecification\",\"valueRequired\":true,\"valueName\":\"search_term_string\"}}],\"inLanguage\":\"en-US\"},{\"@type\":\"Organization\",\"@id\":\"https:\\\/\\\/berlindigitalart.com\\\/#organization\",\"name\":\"Berlin Digital Art\",\"url\":\"https:\\\/\\\/berlindigitalart.com\\\/\",\"logo\":{\"@type\":\"ImageObject\",\"inLanguage\":\"en-US\",\"@id\":\"https:\\\/\\\/berlindigitalart.com\\\/#\\\/schema\\\/logo\\\/image\\\/\",\"url\":\"https:\\\/\\\/berlindigitalart.com\\\/wp-content\\\/uploads\\\/2024\\\/12\\\/Logo_BerlinDigitalArt.png\",\"contentUrl\":\"https:\\\/\\\/berlindigitalart.com\\\/wp-content\\\/uploads\\\/2024\\\/12\\\/Logo_BerlinDigitalArt.png\",\"width\":1563,\"height\":1563,\"caption\":\"Berlin Digital Art\"},\"image\":{\"@id\":\"https:\\\/\\\/berlindigitalart.com\\\/#\\\/schema\\\/logo\\\/image\\\/\"},\"sameAs\":[\"https:\\\/\\\/www.instagram.com\\\/berlin_digital_art\\\/\"]}]}<\/script>\n<!-- \/ Yoast SEO plugin. -->","yoast_head_json":{"title":"Doppelkajak Spa\u00df - Berlin Digital Art","robots":{"index":"index","follow":"follow","max-snippet":"max-snippet:-1","max-image-preview":"max-image-preview:large","max-video-preview":"max-video-preview:-1"},"canonical":"https:\/\/berlindigitalart.com\/en\/product\/doppelkajak-spass\/","og_locale":"en_US","og_type":"article","og_title":"Doppelkajak Spa\u00df - Berlin Digital Art","og_description":"Zwei Kajaks, die auf einem ruhigen See paddeln \u2013 das Ausmalen dieser Szene wird spannend und beruhigend zugleich. Der K\u00fcnstler kann die Wellen und den glitzernden See ausmalen, der von den Paddeln der Kajaks durchzogen wird. Besonders viel Spa\u00df wird es machen, mit den Farben des Wassers und des Himmels zu spielen und dabei die Bewegung der Kajaks und ihrer Passagiere lebendig werden zu lassen. Die Details des Bootes und der Paddel bieten viele M\u00f6glichkeiten f\u00fcr pr\u00e4zise Ausmaltechniken, w\u00e4hrend die nat\u00fcrliche Umgebung \u2013 B\u00e4ume, Blumen und vielleicht sogar V\u00f6gel \u2013 das Bild noch interessanter machen wird. Dieses Ausmalbild wird ein perfektes Gleichgewicht zwischen Spa\u00df und Entspannung bieten.","og_url":"https:\/\/berlindigitalart.com\/en\/product\/doppelkajak-spass\/","og_site_name":"Berlin Digital Art","og_image":[{"width":1810,"height":2560,"url":"https:\/\/berlindigitalart.com\/wp-content\/uploads\/2024\/12\/BerlinDigitalArt_Vacation_Beach_Boats_16-scaled.jpg","type":"image\/jpeg"}],"twitter_card":"summary_large_image","twitter_misc":{"Est. reading time":"1 minute"},"schema":{"@context":"https:\/\/schema.org","@graph":[{"@type":"WebPage","@id":"https:\/\/berlindigitalart.com\/product\/doppelkajak-spass\/","url":"https:\/\/berlindigitalart.com\/product\/doppelkajak-spass\/","name":"Doppelkajak Spa\u00df - Berlin Digital Art","isPartOf":{"@id":"https:\/\/berlindigitalart.com\/#website"},"primaryImageOfPage":{"@id":"https:\/\/berlindigitalart.com\/product\/doppelkajak-spass\/#primaryimage"},"image":{"@id":"https:\/\/berlindigitalart.com\/product\/doppelkajak-spass\/#primaryimage"},"thumbnailUrl":"https:\/\/berlindigitalart.com\/wp-content\/uploads\/2024\/12\/BerlinDigitalArt_Vacation_Beach_Boats_16-scaled.jpg","datePublished":"2025-01-02T22:51:41+00:00","breadcrumb":{"@id":"https:\/\/berlindigitalart.com\/product\/doppelkajak-spass\/#breadcrumb"},"inLanguage":"en-US","potentialAction":[{"@type":"ReadAction","target":["https:\/\/berlindigitalart.com\/product\/doppelkajak-spass\/"]}]},{"@type":"ImageObject","inLanguage":"en-US","@id":"https:\/\/berlindigitalart.com\/product\/doppelkajak-spass\/#primaryimage","url":"https:\/\/berlindigitalart.com\/wp-content\/uploads\/2024\/12\/BerlinDigitalArt_Vacation_Beach_Boats_16-scaled.jpg","contentUrl":"https:\/\/berlindigitalart.com\/wp-content\/uploads\/2024\/12\/BerlinDigitalArt_Vacation_Beach_Boats_16-scaled.jpg","width":1810,"height":2560},{"@type":"BreadcrumbList","@id":"https:\/\/berlindigitalart.com\/product\/doppelkajak-spass\/#breadcrumb","itemListElement":[{"@type":"ListItem","position":1,"name":"Home","item":"https:\/\/berlindigitalart.com\/"},{"@type":"ListItem","position":2,"name":"Education and Entertainment","item":"https:\/\/berlindigitalart.com\/education-and-entertainment\/"},{"@type":"ListItem","position":3,"name":"Doppelkajak Spa\u00df"}]},{"@type":"WebSite","@id":"https:\/\/berlindigitalart.com\/#website","url":"https:\/\/berlindigitalart.com\/","name":"Berlin Digital Art","description":"Spielend Lernen","publisher":{"@id":"https:\/\/berlindigitalart.com\/#organization"},"potentialAction":[{"@type":"SearchAction","target":{"@type":"EntryPoint","urlTemplate":"https:\/\/berlindigitalart.com\/?s={search_term_string}"},"query-input":{"@type":"PropertyValueSpecification","valueRequired":true,"valueName":"search_term_string"}}],"inLanguage":"en-US"},{"@type":"Organization","@id":"https:\/\/berlindigitalart.com\/#organization","name":"Berlin Digital Art","url":"https:\/\/berlindigitalart.com\/","logo":{"@type":"ImageObject","inLanguage":"en-US","@id":"https:\/\/berlindigitalart.com\/#\/schema\/logo\/image\/","url":"https:\/\/berlindigitalart.com\/wp-content\/uploads\/2024\/12\/Logo_BerlinDigitalArt.png","contentUrl":"https:\/\/berlindigitalart.com\/wp-content\/uploads\/2024\/12\/Logo_BerlinDigitalArt.png","width":1563,"height":1563,"caption":"Berlin Digital Art"},"image":{"@id":"https:\/\/berlindigitalart.com\/#\/schema\/logo\/image\/"},"sameAs":["https:\/\/www.instagram.com\/berlin_digital_art\/"]}]}},"acf":[],"_links":{"self":[{"href":"https:\/\/berlindigitalart.com\/en\/wp-json\/wp\/v2\/product\/835","targetHints":{"allow":["GET"]}}],"collection":[{"href":"https:\/\/berlindigitalart.com\/en\/wp-json\/wp\/v2\/product"}],"about":[{"href":"https:\/\/berlindigitalart.com\/en\/wp-json\/wp\/v2\/types\/product"}],"replies":[{"embeddable":true,"href":"https:\/\/berlindigitalart.com\/en\/wp-json\/wp\/v2\/comments?post=835"}],"wp:featuredmedia":[{"embeddable":true,"href":"https:\/\/berlindigitalart.com\/en\/wp-json\/wp\/v2\/media\/423"}],"wp:attachment":[{"href":"https:\/\/berlindigitalart.com\/en\/wp-json\/wp\/v2\/media?parent=835"}],"wp:term":[{"taxonomy":"product_brand","embeddable":true,"href":"https:\/\/berlindigitalart.com\/en\/wp-json\/wp\/v2\/product_brand?post=835"},{"taxonomy":"product_cat","embeddable":true,"href":"https:\/\/berlindigitalart.com\/en\/wp-json\/wp\/v2\/product_cat?post=835"},{"taxonomy":"product_tag","embeddable":true,"href":"https:\/\/berlindigitalart.com\/en\/wp-json\/wp\/v2\/product_tag?post=835"}],"curies":[{"name":"wp","href":"https:\/\/api.w.org\/{rel}","templated":true}]}}