{"id":829,"date":"2025-01-02T23:51:37","date_gmt":"2025-01-02T22:51:37","guid":{"rendered":"https:\/\/berlindigitalart.com\/product\/tolles-surfbrett\/"},"modified":"2025-01-02T23:51:37","modified_gmt":"2025-01-02T22:51:37","slug":"tolles-surfbrett","status":"publish","type":"product","link":"https:\/\/berlindigitalart.com\/en\/product\/tolles-surfbrett\/","title":{"rendered":"Tolles Surfbrett"},"content":{"rendered":"<p>Ein cooles Surfbrett, das auf den Wellen schwebt \u2013 der K\u00fcnstler kann hier mit Farben und Mustern experimentieren, um das Brett zu gestalten. Es gibt viele M\u00f6glichkeiten, das Surfbrett in lebendigen Farben und kreativen Designs auszumalen. Vielleicht wird es ein knalliges Rot oder ein funky Muster sein, das das Bild auff\u00e4llig und energisch macht. Die Wellen, die das Brett umgeben, bieten eine sch\u00f6ne Gelegenheit, mit verschiedenen Blaut\u00f6nen zu arbeiten, und die Gischt sorgt f\u00fcr zus\u00e4tzlichen Spa\u00df beim Ausmalen. Besonders aufregend wird es sein, die Details der Wellen und des Wassers zu gestalten, w\u00e4hrend das Surfbrett im Zentrum des Bildes die dynamische Bewegung und Freiheit des Surfens widerspiegelt.<\/p>","protected":false},"excerpt":{"rendered":"<p>Ein cooles Surfbrett, das auf den Wellen schwebt \u2013 der K\u00fcnstler kann hier mit Farben und Mustern experimentieren, um das Brett zu gestalten. Es gibt viele M\u00f6glichkeiten, das Surfbrett in lebendigen Farben und kreativen Designs auszumalen. Vielleicht wird es ein knalliges Rot oder ein funky Muster sein, das das Bild auff\u00e4llig und energisch macht. Die Wellen, die das Brett umgeben, bieten eine sch\u00f6ne Gelegenheit, mit verschiedenen Blaut\u00f6nen zu arbeiten, und die Gischt sorgt f\u00fcr zus\u00e4tzlichen Spa\u00df beim Ausmalen. Besonders aufregend wird es sein, die Details der Wellen und des Wassers zu gestalten, w\u00e4hrend das Surfbrett im Zentrum des Bildes die dynamische Bewegung und Freiheit des Surfens widerspiegelt.<\/p>","protected":false},"featured_media":417,"comment_status":"open","ping_status":"closed","template":"","meta":[],"product_brand":[],"product_cat":[17,57],"product_tag":[],"class_list":{"0":"post-829","1":"product","2":"type-product","3":"status-publish","4":"has-post-thumbnail","6":"product_cat-ausmalbilder","7":"product_cat-urlaubausmalbilder","9":"first","10":"instock","11":"downloadable","12":"virtual","13":"product-type-simple"},"yoast_head":"<!-- This site is optimized with the Yoast SEO plugin v27.3 - https:\/\/yoast.com\/product\/yoast-seo-wordpress\/ -->\n<title>Tolles Surfbrett - Berlin Digital Art<\/title>\n<meta name=\"robots\" content=\"index, follow, max-snippet:-1, max-image-preview:large, max-video-preview:-1\" \/>\n<link rel=\"canonical\" href=\"https:\/\/berlindigitalart.com\/en\/product\/tolles-surfbrett\/\" \/>\n<meta property=\"og:locale\" content=\"en_US\" \/>\n<meta property=\"og:type\" content=\"article\" \/>\n<meta property=\"og:title\" content=\"Tolles Surfbrett - Berlin Digital Art\" \/>\n<meta property=\"og:description\" content=\"Ein cooles Surfbrett, das auf den Wellen schwebt \u2013 der K\u00fcnstler kann hier mit Farben und Mustern experimentieren, um das Brett zu gestalten. Es gibt viele M\u00f6glichkeiten, das Surfbrett in lebendigen Farben und kreativen Designs auszumalen. Vielleicht wird es ein knalliges Rot oder ein funky Muster sein, das das Bild auff\u00e4llig und energisch macht. Die Wellen, die das Brett umgeben, bieten eine sch\u00f6ne Gelegenheit, mit verschiedenen Blaut\u00f6nen zu arbeiten, und die Gischt sorgt f\u00fcr zus\u00e4tzlichen Spa\u00df beim Ausmalen. Besonders aufregend wird es sein, die Details der Wellen und des Wassers zu gestalten, w\u00e4hrend das Surfbrett im Zentrum des Bildes die dynamische Bewegung und Freiheit des Surfens widerspiegelt.\" \/>\n<meta property=\"og:url\" content=\"https:\/\/berlindigitalart.com\/en\/product\/tolles-surfbrett\/\" \/>\n<meta property=\"og:site_name\" content=\"Berlin Digital Art\" \/>\n<meta property=\"og:image\" content=\"https:\/\/berlindigitalart.com\/wp-content\/uploads\/2024\/12\/BerlinDigitalArt_Vacation_Beach_Boats_10-scaled.jpg\" \/>\n\t<meta property=\"og:image:width\" content=\"1810\" \/>\n\t<meta property=\"og:image:height\" content=\"2560\" \/>\n\t<meta property=\"og:image:type\" content=\"image\/jpeg\" \/>\n<meta name=\"twitter:card\" content=\"summary_large_image\" \/>\n<meta name=\"twitter:label1\" content=\"Est. reading time\" \/>\n\t<meta name=\"twitter:data1\" content=\"1 minute\" \/>\n<script type=\"application\/ld+json\" class=\"yoast-schema-graph\">{\"@context\":\"https:\\\/\\\/schema.org\",\"@graph\":[{\"@type\":\"WebPage\",\"@id\":\"https:\\\/\\\/berlindigitalart.com\\\/product\\\/tolles-surfbrett\\\/\",\"url\":\"https:\\\/\\\/berlindigitalart.com\\\/product\\\/tolles-surfbrett\\\/\",\"name\":\"Tolles Surfbrett - Berlin Digital Art\",\"isPartOf\":{\"@id\":\"https:\\\/\\\/berlindigitalart.com\\\/#website\"},\"primaryImageOfPage\":{\"@id\":\"https:\\\/\\\/berlindigitalart.com\\\/product\\\/tolles-surfbrett\\\/#primaryimage\"},\"image\":{\"@id\":\"https:\\\/\\\/berlindigitalart.com\\\/product\\\/tolles-surfbrett\\\/#primaryimage\"},\"thumbnailUrl\":\"https:\\\/\\\/berlindigitalart.com\\\/wp-content\\\/uploads\\\/2024\\\/12\\\/BerlinDigitalArt_Vacation_Beach_Boats_10-scaled.jpg\",\"datePublished\":\"2025-01-02T22:51:37+00:00\",\"breadcrumb\":{\"@id\":\"https:\\\/\\\/berlindigitalart.com\\\/product\\\/tolles-surfbrett\\\/#breadcrumb\"},\"inLanguage\":\"en-US\",\"potentialAction\":[{\"@type\":\"ReadAction\",\"target\":[\"https:\\\/\\\/berlindigitalart.com\\\/product\\\/tolles-surfbrett\\\/\"]}]},{\"@type\":\"ImageObject\",\"inLanguage\":\"en-US\",\"@id\":\"https:\\\/\\\/berlindigitalart.com\\\/product\\\/tolles-surfbrett\\\/#primaryimage\",\"url\":\"https:\\\/\\\/berlindigitalart.com\\\/wp-content\\\/uploads\\\/2024\\\/12\\\/BerlinDigitalArt_Vacation_Beach_Boats_10-scaled.jpg\",\"contentUrl\":\"https:\\\/\\\/berlindigitalart.com\\\/wp-content\\\/uploads\\\/2024\\\/12\\\/BerlinDigitalArt_Vacation_Beach_Boats_10-scaled.jpg\",\"width\":1810,\"height\":2560},{\"@type\":\"BreadcrumbList\",\"@id\":\"https:\\\/\\\/berlindigitalart.com\\\/product\\\/tolles-surfbrett\\\/#breadcrumb\",\"itemListElement\":[{\"@type\":\"ListItem\",\"position\":1,\"name\":\"Home\",\"item\":\"https:\\\/\\\/berlindigitalart.com\\\/\"},{\"@type\":\"ListItem\",\"position\":2,\"name\":\"Education and Entertainment\",\"item\":\"https:\\\/\\\/berlindigitalart.com\\\/education-and-entertainment\\\/\"},{\"@type\":\"ListItem\",\"position\":3,\"name\":\"Tolles Surfbrett\"}]},{\"@type\":\"WebSite\",\"@id\":\"https:\\\/\\\/berlindigitalart.com\\\/#website\",\"url\":\"https:\\\/\\\/berlindigitalart.com\\\/\",\"name\":\"Berlin Digital Art\",\"description\":\"Spielend Lernen\",\"publisher\":{\"@id\":\"https:\\\/\\\/berlindigitalart.com\\\/#organization\"},\"potentialAction\":[{\"@type\":\"SearchAction\",\"target\":{\"@type\":\"EntryPoint\",\"urlTemplate\":\"https:\\\/\\\/berlindigitalart.com\\\/?s={search_term_string}\"},\"query-input\":{\"@type\":\"PropertyValueSpecification\",\"valueRequired\":true,\"valueName\":\"search_term_string\"}}],\"inLanguage\":\"en-US\"},{\"@type\":\"Organization\",\"@id\":\"https:\\\/\\\/berlindigitalart.com\\\/#organization\",\"name\":\"Berlin Digital Art\",\"url\":\"https:\\\/\\\/berlindigitalart.com\\\/\",\"logo\":{\"@type\":\"ImageObject\",\"inLanguage\":\"en-US\",\"@id\":\"https:\\\/\\\/berlindigitalart.com\\\/#\\\/schema\\\/logo\\\/image\\\/\",\"url\":\"https:\\\/\\\/berlindigitalart.com\\\/wp-content\\\/uploads\\\/2024\\\/12\\\/Logo_BerlinDigitalArt.png\",\"contentUrl\":\"https:\\\/\\\/berlindigitalart.com\\\/wp-content\\\/uploads\\\/2024\\\/12\\\/Logo_BerlinDigitalArt.png\",\"width\":1563,\"height\":1563,\"caption\":\"Berlin Digital Art\"},\"image\":{\"@id\":\"https:\\\/\\\/berlindigitalart.com\\\/#\\\/schema\\\/logo\\\/image\\\/\"},\"sameAs\":[\"https:\\\/\\\/www.instagram.com\\\/berlin_digital_art\\\/\"]}]}<\/script>\n<!-- \/ Yoast SEO plugin. -->","yoast_head_json":{"title":"Tolles Surfbrett - Berlin Digital Art","robots":{"index":"index","follow":"follow","max-snippet":"max-snippet:-1","max-image-preview":"max-image-preview:large","max-video-preview":"max-video-preview:-1"},"canonical":"https:\/\/berlindigitalart.com\/en\/product\/tolles-surfbrett\/","og_locale":"en_US","og_type":"article","og_title":"Tolles Surfbrett - Berlin Digital Art","og_description":"Ein cooles Surfbrett, das auf den Wellen schwebt \u2013 der K\u00fcnstler kann hier mit Farben und Mustern experimentieren, um das Brett zu gestalten. Es gibt viele M\u00f6glichkeiten, das Surfbrett in lebendigen Farben und kreativen Designs auszumalen. Vielleicht wird es ein knalliges Rot oder ein funky Muster sein, das das Bild auff\u00e4llig und energisch macht. Die Wellen, die das Brett umgeben, bieten eine sch\u00f6ne Gelegenheit, mit verschiedenen Blaut\u00f6nen zu arbeiten, und die Gischt sorgt f\u00fcr zus\u00e4tzlichen Spa\u00df beim Ausmalen. Besonders aufregend wird es sein, die Details der Wellen und des Wassers zu gestalten, w\u00e4hrend das Surfbrett im Zentrum des Bildes die dynamische Bewegung und Freiheit des Surfens widerspiegelt.","og_url":"https:\/\/berlindigitalart.com\/en\/product\/tolles-surfbrett\/","og_site_name":"Berlin Digital Art","og_image":[{"width":1810,"height":2560,"url":"https:\/\/berlindigitalart.com\/wp-content\/uploads\/2024\/12\/BerlinDigitalArt_Vacation_Beach_Boats_10-scaled.jpg","type":"image\/jpeg"}],"twitter_card":"summary_large_image","twitter_misc":{"Est. reading time":"1 minute"},"schema":{"@context":"https:\/\/schema.org","@graph":[{"@type":"WebPage","@id":"https:\/\/berlindigitalart.com\/product\/tolles-surfbrett\/","url":"https:\/\/berlindigitalart.com\/product\/tolles-surfbrett\/","name":"Tolles Surfbrett - Berlin Digital Art","isPartOf":{"@id":"https:\/\/berlindigitalart.com\/#website"},"primaryImageOfPage":{"@id":"https:\/\/berlindigitalart.com\/product\/tolles-surfbrett\/#primaryimage"},"image":{"@id":"https:\/\/berlindigitalart.com\/product\/tolles-surfbrett\/#primaryimage"},"thumbnailUrl":"https:\/\/berlindigitalart.com\/wp-content\/uploads\/2024\/12\/BerlinDigitalArt_Vacation_Beach_Boats_10-scaled.jpg","datePublished":"2025-01-02T22:51:37+00:00","breadcrumb":{"@id":"https:\/\/berlindigitalart.com\/product\/tolles-surfbrett\/#breadcrumb"},"inLanguage":"en-US","potentialAction":[{"@type":"ReadAction","target":["https:\/\/berlindigitalart.com\/product\/tolles-surfbrett\/"]}]},{"@type":"ImageObject","inLanguage":"en-US","@id":"https:\/\/berlindigitalart.com\/product\/tolles-surfbrett\/#primaryimage","url":"https:\/\/berlindigitalart.com\/wp-content\/uploads\/2024\/12\/BerlinDigitalArt_Vacation_Beach_Boats_10-scaled.jpg","contentUrl":"https:\/\/berlindigitalart.com\/wp-content\/uploads\/2024\/12\/BerlinDigitalArt_Vacation_Beach_Boats_10-scaled.jpg","width":1810,"height":2560},{"@type":"BreadcrumbList","@id":"https:\/\/berlindigitalart.com\/product\/tolles-surfbrett\/#breadcrumb","itemListElement":[{"@type":"ListItem","position":1,"name":"Home","item":"https:\/\/berlindigitalart.com\/"},{"@type":"ListItem","position":2,"name":"Education and Entertainment","item":"https:\/\/berlindigitalart.com\/education-and-entertainment\/"},{"@type":"ListItem","position":3,"name":"Tolles Surfbrett"}]},{"@type":"WebSite","@id":"https:\/\/berlindigitalart.com\/#website","url":"https:\/\/berlindigitalart.com\/","name":"Berlin Digital Art","description":"Spielend Lernen","publisher":{"@id":"https:\/\/berlindigitalart.com\/#organization"},"potentialAction":[{"@type":"SearchAction","target":{"@type":"EntryPoint","urlTemplate":"https:\/\/berlindigitalart.com\/?s={search_term_string}"},"query-input":{"@type":"PropertyValueSpecification","valueRequired":true,"valueName":"search_term_string"}}],"inLanguage":"en-US"},{"@type":"Organization","@id":"https:\/\/berlindigitalart.com\/#organization","name":"Berlin Digital Art","url":"https:\/\/berlindigitalart.com\/","logo":{"@type":"ImageObject","inLanguage":"en-US","@id":"https:\/\/berlindigitalart.com\/#\/schema\/logo\/image\/","url":"https:\/\/berlindigitalart.com\/wp-content\/uploads\/2024\/12\/Logo_BerlinDigitalArt.png","contentUrl":"https:\/\/berlindigitalart.com\/wp-content\/uploads\/2024\/12\/Logo_BerlinDigitalArt.png","width":1563,"height":1563,"caption":"Berlin Digital Art"},"image":{"@id":"https:\/\/berlindigitalart.com\/#\/schema\/logo\/image\/"},"sameAs":["https:\/\/www.instagram.com\/berlin_digital_art\/"]}]}},"acf":[],"_links":{"self":[{"href":"https:\/\/berlindigitalart.com\/en\/wp-json\/wp\/v2\/product\/829","targetHints":{"allow":["GET"]}}],"collection":[{"href":"https:\/\/berlindigitalart.com\/en\/wp-json\/wp\/v2\/product"}],"about":[{"href":"https:\/\/berlindigitalart.com\/en\/wp-json\/wp\/v2\/types\/product"}],"replies":[{"embeddable":true,"href":"https:\/\/berlindigitalart.com\/en\/wp-json\/wp\/v2\/comments?post=829"}],"wp:featuredmedia":[{"embeddable":true,"href":"https:\/\/berlindigitalart.com\/en\/wp-json\/wp\/v2\/media\/417"}],"wp:attachment":[{"href":"https:\/\/berlindigitalart.com\/en\/wp-json\/wp\/v2\/media?parent=829"}],"wp:term":[{"taxonomy":"product_brand","embeddable":true,"href":"https:\/\/berlindigitalart.com\/en\/wp-json\/wp\/v2\/product_brand?post=829"},{"taxonomy":"product_cat","embeddable":true,"href":"https:\/\/berlindigitalart.com\/en\/wp-json\/wp\/v2\/product_cat?post=829"},{"taxonomy":"product_tag","embeddable":true,"href":"https:\/\/berlindigitalart.com\/en\/wp-json\/wp\/v2\/product_tag?post=829"}],"curies":[{"name":"wp","href":"https:\/\/api.w.org\/{rel}","templated":true}]}}