{"id":828,"date":"2025-01-02T23:51:35","date_gmt":"2025-01-02T22:51:35","guid":{"rendered":"https:\/\/berlindigitalart.com\/product\/junge-am-strand\/"},"modified":"2025-01-02T23:51:36","modified_gmt":"2025-01-02T22:51:36","slug":"junge-am-strand","status":"publish","type":"product","link":"https:\/\/berlindigitalart.com\/en\/product\/junge-am-strand\/","title":{"rendered":"Junge am Strand"},"content":{"rendered":"<p>Eine ruhige Szene eines Jungen, der am Strand entlanggeht und den Wellen zuschaut. Der K\u00fcnstler wird bei dieser Szenerie die Gelegenheit haben, mit weichen Farb\u00fcberg\u00e4ngen zu arbeiten, um die ruhige Atmosph\u00e4re des Strandes einzufangen. Der Himmel ist weit und offen, mit sanften Blaut\u00f6nen und Wolken, die langsam vorbeiziehen. Der Sand wird in warmen Gelb- und Beiget\u00f6nen ausgemalt, und der Junge in seiner entspannten Haltung wird wunderbar in den Bildausschnitt passen. Diese ruhige Szene wird ein meditativer Moment f\u00fcr den K\u00fcnstler sein, w\u00e4hrend er die verschiedenen Schattierungen im Sand und das leichte Pl\u00e4tschern der Wellen ausmalt \u2013 eine wahre Freude.<\/p>","protected":false},"excerpt":{"rendered":"<p>Eine ruhige Szene eines Jungen, der am Strand entlanggeht und den Wellen zuschaut. Der K\u00fcnstler wird bei dieser Szenerie die Gelegenheit haben, mit weichen Farb\u00fcberg\u00e4ngen zu arbeiten, um die ruhige Atmosph\u00e4re des Strandes einzufangen. Der Himmel ist weit und offen, mit sanften Blaut\u00f6nen und Wolken, die langsam vorbeiziehen. Der Sand wird in warmen Gelb- und Beiget\u00f6nen ausgemalt, und der Junge in seiner entspannten Haltung wird wunderbar in den Bildausschnitt passen. Diese ruhige Szene wird ein meditativer Moment f\u00fcr den K\u00fcnstler sein, w\u00e4hrend er die verschiedenen Schattierungen im Sand und das leichte Pl\u00e4tschern der Wellen ausmalt \u2013 eine wahre Freude.<\/p>","protected":false},"featured_media":416,"comment_status":"open","ping_status":"closed","template":"","meta":[],"product_brand":[],"product_cat":[17,57],"product_tag":[],"class_list":{"0":"post-828","1":"product","2":"type-product","3":"status-publish","4":"has-post-thumbnail","6":"product_cat-ausmalbilder","7":"product_cat-urlaubausmalbilder","9":"first","10":"instock","11":"downloadable","12":"virtual","13":"product-type-simple"},"yoast_head":"<!-- This site is optimized with the Yoast SEO plugin v27.3 - https:\/\/yoast.com\/product\/yoast-seo-wordpress\/ -->\n<title>Junge am Strand - Berlin Digital Art<\/title>\n<meta name=\"robots\" content=\"index, follow, max-snippet:-1, max-image-preview:large, max-video-preview:-1\" \/>\n<link rel=\"canonical\" href=\"https:\/\/berlindigitalart.com\/en\/product\/junge-am-strand\/\" \/>\n<meta property=\"og:locale\" content=\"en_US\" \/>\n<meta property=\"og:type\" content=\"article\" \/>\n<meta property=\"og:title\" content=\"Junge am Strand - Berlin Digital Art\" \/>\n<meta property=\"og:description\" content=\"Eine ruhige Szene eines Jungen, der am Strand entlanggeht und den Wellen zuschaut. Der K\u00fcnstler wird bei dieser Szenerie die Gelegenheit haben, mit weichen Farb\u00fcberg\u00e4ngen zu arbeiten, um die ruhige Atmosph\u00e4re des Strandes einzufangen. Der Himmel ist weit und offen, mit sanften Blaut\u00f6nen und Wolken, die langsam vorbeiziehen. Der Sand wird in warmen Gelb- und Beiget\u00f6nen ausgemalt, und der Junge in seiner entspannten Haltung wird wunderbar in den Bildausschnitt passen. Diese ruhige Szene wird ein meditativer Moment f\u00fcr den K\u00fcnstler sein, w\u00e4hrend er die verschiedenen Schattierungen im Sand und das leichte Pl\u00e4tschern der Wellen ausmalt \u2013 eine wahre Freude.\" \/>\n<meta property=\"og:url\" content=\"https:\/\/berlindigitalart.com\/en\/product\/junge-am-strand\/\" \/>\n<meta property=\"og:site_name\" content=\"Berlin Digital Art\" \/>\n<meta property=\"article:modified_time\" content=\"2025-01-02T22:51:36+00:00\" \/>\n<meta property=\"og:image\" content=\"https:\/\/berlindigitalart.com\/wp-content\/uploads\/2024\/12\/BerlinDigitalArt_Vacation_Beach_Boats_9-scaled.jpg\" \/>\n\t<meta property=\"og:image:width\" content=\"1810\" \/>\n\t<meta property=\"og:image:height\" content=\"2560\" \/>\n\t<meta property=\"og:image:type\" content=\"image\/jpeg\" \/>\n<meta name=\"twitter:card\" content=\"summary_large_image\" \/>\n<meta name=\"twitter:label1\" content=\"Est. reading time\" \/>\n\t<meta name=\"twitter:data1\" content=\"1 minute\" \/>\n<script type=\"application\/ld+json\" class=\"yoast-schema-graph\">{\"@context\":\"https:\\\/\\\/schema.org\",\"@graph\":[{\"@type\":\"WebPage\",\"@id\":\"https:\\\/\\\/berlindigitalart.com\\\/product\\\/junge-am-strand\\\/\",\"url\":\"https:\\\/\\\/berlindigitalart.com\\\/product\\\/junge-am-strand\\\/\",\"name\":\"Junge am Strand - Berlin Digital Art\",\"isPartOf\":{\"@id\":\"https:\\\/\\\/berlindigitalart.com\\\/#website\"},\"primaryImageOfPage\":{\"@id\":\"https:\\\/\\\/berlindigitalart.com\\\/product\\\/junge-am-strand\\\/#primaryimage\"},\"image\":{\"@id\":\"https:\\\/\\\/berlindigitalart.com\\\/product\\\/junge-am-strand\\\/#primaryimage\"},\"thumbnailUrl\":\"https:\\\/\\\/berlindigitalart.com\\\/wp-content\\\/uploads\\\/2024\\\/12\\\/BerlinDigitalArt_Vacation_Beach_Boats_9-scaled.jpg\",\"datePublished\":\"2025-01-02T22:51:35+00:00\",\"dateModified\":\"2025-01-02T22:51:36+00:00\",\"breadcrumb\":{\"@id\":\"https:\\\/\\\/berlindigitalart.com\\\/product\\\/junge-am-strand\\\/#breadcrumb\"},\"inLanguage\":\"en-US\",\"potentialAction\":[{\"@type\":\"ReadAction\",\"target\":[\"https:\\\/\\\/berlindigitalart.com\\\/product\\\/junge-am-strand\\\/\"]}]},{\"@type\":\"ImageObject\",\"inLanguage\":\"en-US\",\"@id\":\"https:\\\/\\\/berlindigitalart.com\\\/product\\\/junge-am-strand\\\/#primaryimage\",\"url\":\"https:\\\/\\\/berlindigitalart.com\\\/wp-content\\\/uploads\\\/2024\\\/12\\\/BerlinDigitalArt_Vacation_Beach_Boats_9-scaled.jpg\",\"contentUrl\":\"https:\\\/\\\/berlindigitalart.com\\\/wp-content\\\/uploads\\\/2024\\\/12\\\/BerlinDigitalArt_Vacation_Beach_Boats_9-scaled.jpg\",\"width\":1810,\"height\":2560},{\"@type\":\"BreadcrumbList\",\"@id\":\"https:\\\/\\\/berlindigitalart.com\\\/product\\\/junge-am-strand\\\/#breadcrumb\",\"itemListElement\":[{\"@type\":\"ListItem\",\"position\":1,\"name\":\"Home\",\"item\":\"https:\\\/\\\/berlindigitalart.com\\\/\"},{\"@type\":\"ListItem\",\"position\":2,\"name\":\"Education and Entertainment\",\"item\":\"https:\\\/\\\/berlindigitalart.com\\\/education-and-entertainment\\\/\"},{\"@type\":\"ListItem\",\"position\":3,\"name\":\"Junge am Strand\"}]},{\"@type\":\"WebSite\",\"@id\":\"https:\\\/\\\/berlindigitalart.com\\\/#website\",\"url\":\"https:\\\/\\\/berlindigitalart.com\\\/\",\"name\":\"Berlin Digital Art\",\"description\":\"Spielend Lernen\",\"publisher\":{\"@id\":\"https:\\\/\\\/berlindigitalart.com\\\/#organization\"},\"potentialAction\":[{\"@type\":\"SearchAction\",\"target\":{\"@type\":\"EntryPoint\",\"urlTemplate\":\"https:\\\/\\\/berlindigitalart.com\\\/?s={search_term_string}\"},\"query-input\":{\"@type\":\"PropertyValueSpecification\",\"valueRequired\":true,\"valueName\":\"search_term_string\"}}],\"inLanguage\":\"en-US\"},{\"@type\":\"Organization\",\"@id\":\"https:\\\/\\\/berlindigitalart.com\\\/#organization\",\"name\":\"Berlin Digital Art\",\"url\":\"https:\\\/\\\/berlindigitalart.com\\\/\",\"logo\":{\"@type\":\"ImageObject\",\"inLanguage\":\"en-US\",\"@id\":\"https:\\\/\\\/berlindigitalart.com\\\/#\\\/schema\\\/logo\\\/image\\\/\",\"url\":\"https:\\\/\\\/berlindigitalart.com\\\/wp-content\\\/uploads\\\/2024\\\/12\\\/Logo_BerlinDigitalArt.png\",\"contentUrl\":\"https:\\\/\\\/berlindigitalart.com\\\/wp-content\\\/uploads\\\/2024\\\/12\\\/Logo_BerlinDigitalArt.png\",\"width\":1563,\"height\":1563,\"caption\":\"Berlin Digital Art\"},\"image\":{\"@id\":\"https:\\\/\\\/berlindigitalart.com\\\/#\\\/schema\\\/logo\\\/image\\\/\"},\"sameAs\":[\"https:\\\/\\\/www.instagram.com\\\/berlin_digital_art\\\/\"]}]}<\/script>\n<!-- \/ Yoast SEO plugin. -->","yoast_head_json":{"title":"Junge am Strand - Berlin Digital Art","robots":{"index":"index","follow":"follow","max-snippet":"max-snippet:-1","max-image-preview":"max-image-preview:large","max-video-preview":"max-video-preview:-1"},"canonical":"https:\/\/berlindigitalart.com\/en\/product\/junge-am-strand\/","og_locale":"en_US","og_type":"article","og_title":"Junge am Strand - Berlin Digital Art","og_description":"Eine ruhige Szene eines Jungen, der am Strand entlanggeht und den Wellen zuschaut. Der K\u00fcnstler wird bei dieser Szenerie die Gelegenheit haben, mit weichen Farb\u00fcberg\u00e4ngen zu arbeiten, um die ruhige Atmosph\u00e4re des Strandes einzufangen. Der Himmel ist weit und offen, mit sanften Blaut\u00f6nen und Wolken, die langsam vorbeiziehen. Der Sand wird in warmen Gelb- und Beiget\u00f6nen ausgemalt, und der Junge in seiner entspannten Haltung wird wunderbar in den Bildausschnitt passen. Diese ruhige Szene wird ein meditativer Moment f\u00fcr den K\u00fcnstler sein, w\u00e4hrend er die verschiedenen Schattierungen im Sand und das leichte Pl\u00e4tschern der Wellen ausmalt \u2013 eine wahre Freude.","og_url":"https:\/\/berlindigitalart.com\/en\/product\/junge-am-strand\/","og_site_name":"Berlin Digital Art","article_modified_time":"2025-01-02T22:51:36+00:00","og_image":[{"width":1810,"height":2560,"url":"https:\/\/berlindigitalart.com\/wp-content\/uploads\/2024\/12\/BerlinDigitalArt_Vacation_Beach_Boats_9-scaled.jpg","type":"image\/jpeg"}],"twitter_card":"summary_large_image","twitter_misc":{"Est. reading time":"1 minute"},"schema":{"@context":"https:\/\/schema.org","@graph":[{"@type":"WebPage","@id":"https:\/\/berlindigitalart.com\/product\/junge-am-strand\/","url":"https:\/\/berlindigitalart.com\/product\/junge-am-strand\/","name":"Junge am Strand - Berlin Digital Art","isPartOf":{"@id":"https:\/\/berlindigitalart.com\/#website"},"primaryImageOfPage":{"@id":"https:\/\/berlindigitalart.com\/product\/junge-am-strand\/#primaryimage"},"image":{"@id":"https:\/\/berlindigitalart.com\/product\/junge-am-strand\/#primaryimage"},"thumbnailUrl":"https:\/\/berlindigitalart.com\/wp-content\/uploads\/2024\/12\/BerlinDigitalArt_Vacation_Beach_Boats_9-scaled.jpg","datePublished":"2025-01-02T22:51:35+00:00","dateModified":"2025-01-02T22:51:36+00:00","breadcrumb":{"@id":"https:\/\/berlindigitalart.com\/product\/junge-am-strand\/#breadcrumb"},"inLanguage":"en-US","potentialAction":[{"@type":"ReadAction","target":["https:\/\/berlindigitalart.com\/product\/junge-am-strand\/"]}]},{"@type":"ImageObject","inLanguage":"en-US","@id":"https:\/\/berlindigitalart.com\/product\/junge-am-strand\/#primaryimage","url":"https:\/\/berlindigitalart.com\/wp-content\/uploads\/2024\/12\/BerlinDigitalArt_Vacation_Beach_Boats_9-scaled.jpg","contentUrl":"https:\/\/berlindigitalart.com\/wp-content\/uploads\/2024\/12\/BerlinDigitalArt_Vacation_Beach_Boats_9-scaled.jpg","width":1810,"height":2560},{"@type":"BreadcrumbList","@id":"https:\/\/berlindigitalart.com\/product\/junge-am-strand\/#breadcrumb","itemListElement":[{"@type":"ListItem","position":1,"name":"Home","item":"https:\/\/berlindigitalart.com\/"},{"@type":"ListItem","position":2,"name":"Education and Entertainment","item":"https:\/\/berlindigitalart.com\/education-and-entertainment\/"},{"@type":"ListItem","position":3,"name":"Junge am Strand"}]},{"@type":"WebSite","@id":"https:\/\/berlindigitalart.com\/#website","url":"https:\/\/berlindigitalart.com\/","name":"Berlin Digital Art","description":"Spielend Lernen","publisher":{"@id":"https:\/\/berlindigitalart.com\/#organization"},"potentialAction":[{"@type":"SearchAction","target":{"@type":"EntryPoint","urlTemplate":"https:\/\/berlindigitalart.com\/?s={search_term_string}"},"query-input":{"@type":"PropertyValueSpecification","valueRequired":true,"valueName":"search_term_string"}}],"inLanguage":"en-US"},{"@type":"Organization","@id":"https:\/\/berlindigitalart.com\/#organization","name":"Berlin Digital Art","url":"https:\/\/berlindigitalart.com\/","logo":{"@type":"ImageObject","inLanguage":"en-US","@id":"https:\/\/berlindigitalart.com\/#\/schema\/logo\/image\/","url":"https:\/\/berlindigitalart.com\/wp-content\/uploads\/2024\/12\/Logo_BerlinDigitalArt.png","contentUrl":"https:\/\/berlindigitalart.com\/wp-content\/uploads\/2024\/12\/Logo_BerlinDigitalArt.png","width":1563,"height":1563,"caption":"Berlin Digital Art"},"image":{"@id":"https:\/\/berlindigitalart.com\/#\/schema\/logo\/image\/"},"sameAs":["https:\/\/www.instagram.com\/berlin_digital_art\/"]}]}},"acf":[],"_links":{"self":[{"href":"https:\/\/berlindigitalart.com\/en\/wp-json\/wp\/v2\/product\/828","targetHints":{"allow":["GET"]}}],"collection":[{"href":"https:\/\/berlindigitalart.com\/en\/wp-json\/wp\/v2\/product"}],"about":[{"href":"https:\/\/berlindigitalart.com\/en\/wp-json\/wp\/v2\/types\/product"}],"replies":[{"embeddable":true,"href":"https:\/\/berlindigitalart.com\/en\/wp-json\/wp\/v2\/comments?post=828"}],"wp:featuredmedia":[{"embeddable":true,"href":"https:\/\/berlindigitalart.com\/en\/wp-json\/wp\/v2\/media\/416"}],"wp:attachment":[{"href":"https:\/\/berlindigitalart.com\/en\/wp-json\/wp\/v2\/media?parent=828"}],"wp:term":[{"taxonomy":"product_brand","embeddable":true,"href":"https:\/\/berlindigitalart.com\/en\/wp-json\/wp\/v2\/product_brand?post=828"},{"taxonomy":"product_cat","embeddable":true,"href":"https:\/\/berlindigitalart.com\/en\/wp-json\/wp\/v2\/product_cat?post=828"},{"taxonomy":"product_tag","embeddable":true,"href":"https:\/\/berlindigitalart.com\/en\/wp-json\/wp\/v2\/product_tag?post=828"}],"curies":[{"name":"wp","href":"https:\/\/api.w.org\/{rel}","templated":true}]}}