{"id":824,"date":"2025-01-02T23:51:34","date_gmt":"2025-01-02T22:51:34","guid":{"rendered":"https:\/\/berlindigitalart.com\/product\/surfen-auf-grossen-wellen\/"},"modified":"2025-01-02T23:51:34","modified_gmt":"2025-01-02T22:51:34","slug":"surfen-auf-grossen-wellen","status":"publish","type":"product","link":"https:\/\/berlindigitalart.com\/en\/product\/surfen-auf-grossen-wellen\/","title":{"rendered":"Surfen auf gro\u00dfen Wellen"},"content":{"rendered":"<p>Dieses Bild f\u00e4ngt die Energie und den Nervenkitzel des Surfens auf riesigen Wellen ein. Der K\u00fcnstler kann sich darauf freuen, die dynamische Bewegung der Wellen und des Surfers zu gestalten. Dabei gibt es viele M\u00f6glichkeiten, mit intensiven Blau- und T\u00fcrkist\u00f6nen zu experimentieren, um das Wasser in Bewegung darzustellen, und mit wei\u00dfen Schattierungen, um die Gischt und den Schaum der Wellen lebendig zu machen. Das Surfer-Board und der K\u00f6rper des Surfers bieten Raum f\u00fcr feine Details und kreative Farbkombinationen. Der K\u00fcnstler wird bei dieser Szene viel Spa\u00df haben, da das Bild so viele Elemente von Geschwindigkeit und Action vereint \u2013 von der Kante der Welle bis hin zu den wilden Bewegungen des Surfers.<\/p>","protected":false},"excerpt":{"rendered":"<p>Dieses Bild f\u00e4ngt die Energie und den Nervenkitzel des Surfens auf riesigen Wellen ein. Der K\u00fcnstler kann sich darauf freuen, die dynamische Bewegung der Wellen und des Surfers zu gestalten. Dabei gibt es viele M\u00f6glichkeiten, mit intensiven Blau- und T\u00fcrkist\u00f6nen zu experimentieren, um das Wasser in Bewegung darzustellen, und mit wei\u00dfen Schattierungen, um die Gischt und den Schaum der Wellen lebendig zu machen. Das Surfer-Board und der K\u00f6rper des Surfers bieten Raum f\u00fcr feine Details und kreative Farbkombinationen. Der K\u00fcnstler wird bei dieser Szene viel Spa\u00df haben, da das Bild so viele Elemente von Geschwindigkeit und Action vereint \u2013 von der Kante der Welle bis hin zu den wilden Bewegungen des Surfers.<\/p>","protected":false},"featured_media":412,"comment_status":"open","ping_status":"closed","template":"","meta":[],"product_brand":[],"product_cat":[17,57],"product_tag":[],"class_list":{"0":"post-824","1":"product","2":"type-product","3":"status-publish","4":"has-post-thumbnail","6":"product_cat-ausmalbilder","7":"product_cat-urlaubausmalbilder","9":"first","10":"instock","11":"downloadable","12":"virtual","13":"product-type-simple"},"yoast_head":"<!-- This site is optimized with the Yoast SEO plugin v27.3 - https:\/\/yoast.com\/product\/yoast-seo-wordpress\/ -->\n<title>Surfen auf gro\u00dfen Wellen - Berlin Digital Art<\/title>\n<meta name=\"robots\" content=\"index, follow, max-snippet:-1, max-image-preview:large, max-video-preview:-1\" \/>\n<link rel=\"canonical\" href=\"https:\/\/berlindigitalart.com\/en\/product\/surfen-auf-grossen-wellen\/\" \/>\n<meta property=\"og:locale\" content=\"en_US\" \/>\n<meta property=\"og:type\" content=\"article\" \/>\n<meta property=\"og:title\" content=\"Surfen auf gro\u00dfen Wellen - Berlin Digital Art\" \/>\n<meta property=\"og:description\" content=\"Dieses Bild f\u00e4ngt die Energie und den Nervenkitzel des Surfens auf riesigen Wellen ein. Der K\u00fcnstler kann sich darauf freuen, die dynamische Bewegung der Wellen und des Surfers zu gestalten. Dabei gibt es viele M\u00f6glichkeiten, mit intensiven Blau- und T\u00fcrkist\u00f6nen zu experimentieren, um das Wasser in Bewegung darzustellen, und mit wei\u00dfen Schattierungen, um die Gischt und den Schaum der Wellen lebendig zu machen. Das Surfer-Board und der K\u00f6rper des Surfers bieten Raum f\u00fcr feine Details und kreative Farbkombinationen. Der K\u00fcnstler wird bei dieser Szene viel Spa\u00df haben, da das Bild so viele Elemente von Geschwindigkeit und Action vereint \u2013 von der Kante der Welle bis hin zu den wilden Bewegungen des Surfers.\" \/>\n<meta property=\"og:url\" content=\"https:\/\/berlindigitalart.com\/en\/product\/surfen-auf-grossen-wellen\/\" \/>\n<meta property=\"og:site_name\" content=\"Berlin Digital Art\" \/>\n<meta property=\"og:image\" content=\"https:\/\/berlindigitalart.com\/wp-content\/uploads\/2024\/12\/BerlinDigitalArt_Vacation_Beach_Boats_5-scaled.jpg\" \/>\n\t<meta property=\"og:image:width\" content=\"1810\" \/>\n\t<meta property=\"og:image:height\" content=\"2560\" \/>\n\t<meta property=\"og:image:type\" content=\"image\/jpeg\" \/>\n<meta name=\"twitter:card\" content=\"summary_large_image\" \/>\n<meta name=\"twitter:label1\" content=\"Est. reading time\" \/>\n\t<meta name=\"twitter:data1\" content=\"1 minute\" \/>\n<script type=\"application\/ld+json\" class=\"yoast-schema-graph\">{\"@context\":\"https:\\\/\\\/schema.org\",\"@graph\":[{\"@type\":\"WebPage\",\"@id\":\"https:\\\/\\\/berlindigitalart.com\\\/product\\\/surfen-auf-grossen-wellen\\\/\",\"url\":\"https:\\\/\\\/berlindigitalart.com\\\/product\\\/surfen-auf-grossen-wellen\\\/\",\"name\":\"Surfen auf gro\u00dfen Wellen - Berlin Digital Art\",\"isPartOf\":{\"@id\":\"https:\\\/\\\/berlindigitalart.com\\\/#website\"},\"primaryImageOfPage\":{\"@id\":\"https:\\\/\\\/berlindigitalart.com\\\/product\\\/surfen-auf-grossen-wellen\\\/#primaryimage\"},\"image\":{\"@id\":\"https:\\\/\\\/berlindigitalart.com\\\/product\\\/surfen-auf-grossen-wellen\\\/#primaryimage\"},\"thumbnailUrl\":\"https:\\\/\\\/berlindigitalart.com\\\/wp-content\\\/uploads\\\/2024\\\/12\\\/BerlinDigitalArt_Vacation_Beach_Boats_5-scaled.jpg\",\"datePublished\":\"2025-01-02T22:51:34+00:00\",\"breadcrumb\":{\"@id\":\"https:\\\/\\\/berlindigitalart.com\\\/product\\\/surfen-auf-grossen-wellen\\\/#breadcrumb\"},\"inLanguage\":\"en-US\",\"potentialAction\":[{\"@type\":\"ReadAction\",\"target\":[\"https:\\\/\\\/berlindigitalart.com\\\/product\\\/surfen-auf-grossen-wellen\\\/\"]}]},{\"@type\":\"ImageObject\",\"inLanguage\":\"en-US\",\"@id\":\"https:\\\/\\\/berlindigitalart.com\\\/product\\\/surfen-auf-grossen-wellen\\\/#primaryimage\",\"url\":\"https:\\\/\\\/berlindigitalart.com\\\/wp-content\\\/uploads\\\/2024\\\/12\\\/BerlinDigitalArt_Vacation_Beach_Boats_5-scaled.jpg\",\"contentUrl\":\"https:\\\/\\\/berlindigitalart.com\\\/wp-content\\\/uploads\\\/2024\\\/12\\\/BerlinDigitalArt_Vacation_Beach_Boats_5-scaled.jpg\",\"width\":1810,\"height\":2560},{\"@type\":\"BreadcrumbList\",\"@id\":\"https:\\\/\\\/berlindigitalart.com\\\/product\\\/surfen-auf-grossen-wellen\\\/#breadcrumb\",\"itemListElement\":[{\"@type\":\"ListItem\",\"position\":1,\"name\":\"Home\",\"item\":\"https:\\\/\\\/berlindigitalart.com\\\/\"},{\"@type\":\"ListItem\",\"position\":2,\"name\":\"Education and Entertainment\",\"item\":\"https:\\\/\\\/berlindigitalart.com\\\/education-and-entertainment\\\/\"},{\"@type\":\"ListItem\",\"position\":3,\"name\":\"Surfen auf gro\u00dfen Wellen\"}]},{\"@type\":\"WebSite\",\"@id\":\"https:\\\/\\\/berlindigitalart.com\\\/#website\",\"url\":\"https:\\\/\\\/berlindigitalart.com\\\/\",\"name\":\"Berlin Digital Art\",\"description\":\"Spielend Lernen\",\"publisher\":{\"@id\":\"https:\\\/\\\/berlindigitalart.com\\\/#organization\"},\"potentialAction\":[{\"@type\":\"SearchAction\",\"target\":{\"@type\":\"EntryPoint\",\"urlTemplate\":\"https:\\\/\\\/berlindigitalart.com\\\/?s={search_term_string}\"},\"query-input\":{\"@type\":\"PropertyValueSpecification\",\"valueRequired\":true,\"valueName\":\"search_term_string\"}}],\"inLanguage\":\"en-US\"},{\"@type\":\"Organization\",\"@id\":\"https:\\\/\\\/berlindigitalart.com\\\/#organization\",\"name\":\"Berlin Digital Art\",\"url\":\"https:\\\/\\\/berlindigitalart.com\\\/\",\"logo\":{\"@type\":\"ImageObject\",\"inLanguage\":\"en-US\",\"@id\":\"https:\\\/\\\/berlindigitalart.com\\\/#\\\/schema\\\/logo\\\/image\\\/\",\"url\":\"https:\\\/\\\/berlindigitalart.com\\\/wp-content\\\/uploads\\\/2024\\\/12\\\/Logo_BerlinDigitalArt.png\",\"contentUrl\":\"https:\\\/\\\/berlindigitalart.com\\\/wp-content\\\/uploads\\\/2024\\\/12\\\/Logo_BerlinDigitalArt.png\",\"width\":1563,\"height\":1563,\"caption\":\"Berlin Digital Art\"},\"image\":{\"@id\":\"https:\\\/\\\/berlindigitalart.com\\\/#\\\/schema\\\/logo\\\/image\\\/\"},\"sameAs\":[\"https:\\\/\\\/www.instagram.com\\\/berlin_digital_art\\\/\"]}]}<\/script>\n<!-- \/ Yoast SEO plugin. -->","yoast_head_json":{"title":"Surfen auf gro\u00dfen Wellen - Berlin Digital Art","robots":{"index":"index","follow":"follow","max-snippet":"max-snippet:-1","max-image-preview":"max-image-preview:large","max-video-preview":"max-video-preview:-1"},"canonical":"https:\/\/berlindigitalart.com\/en\/product\/surfen-auf-grossen-wellen\/","og_locale":"en_US","og_type":"article","og_title":"Surfen auf gro\u00dfen Wellen - Berlin Digital Art","og_description":"Dieses Bild f\u00e4ngt die Energie und den Nervenkitzel des Surfens auf riesigen Wellen ein. Der K\u00fcnstler kann sich darauf freuen, die dynamische Bewegung der Wellen und des Surfers zu gestalten. Dabei gibt es viele M\u00f6glichkeiten, mit intensiven Blau- und T\u00fcrkist\u00f6nen zu experimentieren, um das Wasser in Bewegung darzustellen, und mit wei\u00dfen Schattierungen, um die Gischt und den Schaum der Wellen lebendig zu machen. Das Surfer-Board und der K\u00f6rper des Surfers bieten Raum f\u00fcr feine Details und kreative Farbkombinationen. Der K\u00fcnstler wird bei dieser Szene viel Spa\u00df haben, da das Bild so viele Elemente von Geschwindigkeit und Action vereint \u2013 von der Kante der Welle bis hin zu den wilden Bewegungen des Surfers.","og_url":"https:\/\/berlindigitalart.com\/en\/product\/surfen-auf-grossen-wellen\/","og_site_name":"Berlin Digital Art","og_image":[{"width":1810,"height":2560,"url":"https:\/\/berlindigitalart.com\/wp-content\/uploads\/2024\/12\/BerlinDigitalArt_Vacation_Beach_Boats_5-scaled.jpg","type":"image\/jpeg"}],"twitter_card":"summary_large_image","twitter_misc":{"Est. reading time":"1 minute"},"schema":{"@context":"https:\/\/schema.org","@graph":[{"@type":"WebPage","@id":"https:\/\/berlindigitalart.com\/product\/surfen-auf-grossen-wellen\/","url":"https:\/\/berlindigitalart.com\/product\/surfen-auf-grossen-wellen\/","name":"Surfen auf gro\u00dfen Wellen - Berlin Digital Art","isPartOf":{"@id":"https:\/\/berlindigitalart.com\/#website"},"primaryImageOfPage":{"@id":"https:\/\/berlindigitalart.com\/product\/surfen-auf-grossen-wellen\/#primaryimage"},"image":{"@id":"https:\/\/berlindigitalart.com\/product\/surfen-auf-grossen-wellen\/#primaryimage"},"thumbnailUrl":"https:\/\/berlindigitalart.com\/wp-content\/uploads\/2024\/12\/BerlinDigitalArt_Vacation_Beach_Boats_5-scaled.jpg","datePublished":"2025-01-02T22:51:34+00:00","breadcrumb":{"@id":"https:\/\/berlindigitalart.com\/product\/surfen-auf-grossen-wellen\/#breadcrumb"},"inLanguage":"en-US","potentialAction":[{"@type":"ReadAction","target":["https:\/\/berlindigitalart.com\/product\/surfen-auf-grossen-wellen\/"]}]},{"@type":"ImageObject","inLanguage":"en-US","@id":"https:\/\/berlindigitalart.com\/product\/surfen-auf-grossen-wellen\/#primaryimage","url":"https:\/\/berlindigitalart.com\/wp-content\/uploads\/2024\/12\/BerlinDigitalArt_Vacation_Beach_Boats_5-scaled.jpg","contentUrl":"https:\/\/berlindigitalart.com\/wp-content\/uploads\/2024\/12\/BerlinDigitalArt_Vacation_Beach_Boats_5-scaled.jpg","width":1810,"height":2560},{"@type":"BreadcrumbList","@id":"https:\/\/berlindigitalart.com\/product\/surfen-auf-grossen-wellen\/#breadcrumb","itemListElement":[{"@type":"ListItem","position":1,"name":"Home","item":"https:\/\/berlindigitalart.com\/"},{"@type":"ListItem","position":2,"name":"Education and Entertainment","item":"https:\/\/berlindigitalart.com\/education-and-entertainment\/"},{"@type":"ListItem","position":3,"name":"Surfen auf gro\u00dfen Wellen"}]},{"@type":"WebSite","@id":"https:\/\/berlindigitalart.com\/#website","url":"https:\/\/berlindigitalart.com\/","name":"Berlin Digital Art","description":"Spielend Lernen","publisher":{"@id":"https:\/\/berlindigitalart.com\/#organization"},"potentialAction":[{"@type":"SearchAction","target":{"@type":"EntryPoint","urlTemplate":"https:\/\/berlindigitalart.com\/?s={search_term_string}"},"query-input":{"@type":"PropertyValueSpecification","valueRequired":true,"valueName":"search_term_string"}}],"inLanguage":"en-US"},{"@type":"Organization","@id":"https:\/\/berlindigitalart.com\/#organization","name":"Berlin Digital Art","url":"https:\/\/berlindigitalart.com\/","logo":{"@type":"ImageObject","inLanguage":"en-US","@id":"https:\/\/berlindigitalart.com\/#\/schema\/logo\/image\/","url":"https:\/\/berlindigitalart.com\/wp-content\/uploads\/2024\/12\/Logo_BerlinDigitalArt.png","contentUrl":"https:\/\/berlindigitalart.com\/wp-content\/uploads\/2024\/12\/Logo_BerlinDigitalArt.png","width":1563,"height":1563,"caption":"Berlin Digital Art"},"image":{"@id":"https:\/\/berlindigitalart.com\/#\/schema\/logo\/image\/"},"sameAs":["https:\/\/www.instagram.com\/berlin_digital_art\/"]}]}},"acf":[],"_links":{"self":[{"href":"https:\/\/berlindigitalart.com\/en\/wp-json\/wp\/v2\/product\/824","targetHints":{"allow":["GET"]}}],"collection":[{"href":"https:\/\/berlindigitalart.com\/en\/wp-json\/wp\/v2\/product"}],"about":[{"href":"https:\/\/berlindigitalart.com\/en\/wp-json\/wp\/v2\/types\/product"}],"replies":[{"embeddable":true,"href":"https:\/\/berlindigitalart.com\/en\/wp-json\/wp\/v2\/comments?post=824"}],"wp:featuredmedia":[{"embeddable":true,"href":"https:\/\/berlindigitalart.com\/en\/wp-json\/wp\/v2\/media\/412"}],"wp:attachment":[{"href":"https:\/\/berlindigitalart.com\/en\/wp-json\/wp\/v2\/media?parent=824"}],"wp:term":[{"taxonomy":"product_brand","embeddable":true,"href":"https:\/\/berlindigitalart.com\/en\/wp-json\/wp\/v2\/product_brand?post=824"},{"taxonomy":"product_cat","embeddable":true,"href":"https:\/\/berlindigitalart.com\/en\/wp-json\/wp\/v2\/product_cat?post=824"},{"taxonomy":"product_tag","embeddable":true,"href":"https:\/\/berlindigitalart.com\/en\/wp-json\/wp\/v2\/product_tag?post=824"}],"curies":[{"name":"wp","href":"https:\/\/api.w.org\/{rel}","templated":true}]}}