{"id":737,"date":"2024-12-19T22:31:51","date_gmt":"2024-12-19T21:31:51","guid":{"rendered":"https:\/\/berlindigitalart.com\/product\/formel-1-traumwagen\/"},"modified":"2024-12-19T22:31:51","modified_gmt":"2024-12-19T21:31:51","slug":"formel-1-traumwagen","status":"publish","type":"product","link":"https:\/\/berlindigitalart.com\/en\/product\/formel-1-traumwagen\/","title":{"rendered":"Formel-1-Traumwagen"},"content":{"rendered":"<p>Du bist in deinem Formel-1-Auto und sp\u00fcrst das Kribbeln, als du in die letzte Runde des Rennens eintrittst. Du hast die Ziellinie schon fast vor Augen, doch die anderen Fahrer holen auf. Dein Herz schl\u00e4gt schneller, als du die Geschwindigkeit erh\u00f6hst und die letzten Kurven meisterst. Male das Formel-1-Auto aus und stelle dir vor, wie du als Erster die Ziellinie \u00fcberquerst und der Champion des Rennens wirst!<\/p>","protected":false},"excerpt":{"rendered":"<p>Das &#8218;Formel 1 Wagen&#8216; f\u00e4hrt auf einer Rennstrecke und k\u00e4mpft um den ersten Platz! Denk dir aus, wie es die Strecke hinunterrasst und alle anderen \u00fcberholt. Deine Farben machen es zu einem spektakul\u00e4ren Kunstwerk!<\/p>","protected":false},"featured_media":385,"comment_status":"open","ping_status":"closed","template":"","meta":[],"product_brand":[],"product_cat":[17,33,21,36],"product_tag":[],"class_list":{"0":"post-737","1":"product","2":"type-product","3":"status-publish","4":"has-post-thumbnail","6":"product_cat-ausmalbilder","7":"product_cat-autos","8":"product_cat-jungs","9":"product_cat-rennauto","11":"first","12":"instock","13":"downloadable","14":"virtual","15":"product-type-simple"},"yoast_head":"<!-- This site is optimized with the Yoast SEO plugin v27.3 - https:\/\/yoast.com\/product\/yoast-seo-wordpress\/ -->\n<title>Formel-1-Traumwagen - Berlin Digital Art<\/title>\n<meta name=\"robots\" content=\"index, follow, max-snippet:-1, max-image-preview:large, max-video-preview:-1\" \/>\n<link rel=\"canonical\" href=\"https:\/\/berlindigitalart.com\/en\/product\/formel-1-traumwagen\/\" \/>\n<meta property=\"og:locale\" content=\"en_US\" \/>\n<meta property=\"og:type\" content=\"article\" \/>\n<meta property=\"og:title\" content=\"Formel-1-Traumwagen - Berlin Digital Art\" \/>\n<meta property=\"og:description\" content=\"Das &#039;Formel 1 Wagen&#039; f\u00e4hrt auf einer Rennstrecke und k\u00e4mpft um den ersten Platz! Denk dir aus, wie es die Strecke hinunterrasst und alle anderen \u00fcberholt. Deine Farben machen es zu einem spektakul\u00e4ren Kunstwerk!\" \/>\n<meta property=\"og:url\" content=\"https:\/\/berlindigitalart.com\/en\/product\/formel-1-traumwagen\/\" \/>\n<meta property=\"og:site_name\" content=\"Berlin Digital Art\" \/>\n<meta property=\"og:image\" content=\"https:\/\/berlindigitalart.com\/wp-content\/uploads\/2024\/12\/BerlinDigitalArt_Cool_Cars_33-scaled.jpg\" \/>\n\t<meta property=\"og:image:width\" content=\"1810\" \/>\n\t<meta property=\"og:image:height\" content=\"2560\" \/>\n\t<meta property=\"og:image:type\" content=\"image\/jpeg\" \/>\n<meta name=\"twitter:card\" content=\"summary_large_image\" \/>\n<script type=\"application\/ld+json\" class=\"yoast-schema-graph\">{\"@context\":\"https:\\\/\\\/schema.org\",\"@graph\":[{\"@type\":\"WebPage\",\"@id\":\"https:\\\/\\\/berlindigitalart.com\\\/product\\\/formel-1-traumwagen\\\/\",\"url\":\"https:\\\/\\\/berlindigitalart.com\\\/product\\\/formel-1-traumwagen\\\/\",\"name\":\"Formel-1-Traumwagen - Berlin Digital Art\",\"isPartOf\":{\"@id\":\"https:\\\/\\\/berlindigitalart.com\\\/#website\"},\"primaryImageOfPage\":{\"@id\":\"https:\\\/\\\/berlindigitalart.com\\\/product\\\/formel-1-traumwagen\\\/#primaryimage\"},\"image\":{\"@id\":\"https:\\\/\\\/berlindigitalart.com\\\/product\\\/formel-1-traumwagen\\\/#primaryimage\"},\"thumbnailUrl\":\"https:\\\/\\\/berlindigitalart.com\\\/wp-content\\\/uploads\\\/2024\\\/12\\\/BerlinDigitalArt_Cool_Cars_33-scaled.jpg\",\"datePublished\":\"2024-12-19T21:31:51+00:00\",\"breadcrumb\":{\"@id\":\"https:\\\/\\\/berlindigitalart.com\\\/product\\\/formel-1-traumwagen\\\/#breadcrumb\"},\"inLanguage\":\"en-US\",\"potentialAction\":[{\"@type\":\"ReadAction\",\"target\":[\"https:\\\/\\\/berlindigitalart.com\\\/product\\\/formel-1-traumwagen\\\/\"]}]},{\"@type\":\"ImageObject\",\"inLanguage\":\"en-US\",\"@id\":\"https:\\\/\\\/berlindigitalart.com\\\/product\\\/formel-1-traumwagen\\\/#primaryimage\",\"url\":\"https:\\\/\\\/berlindigitalart.com\\\/wp-content\\\/uploads\\\/2024\\\/12\\\/BerlinDigitalArt_Cool_Cars_33-scaled.jpg\",\"contentUrl\":\"https:\\\/\\\/berlindigitalart.com\\\/wp-content\\\/uploads\\\/2024\\\/12\\\/BerlinDigitalArt_Cool_Cars_33-scaled.jpg\",\"width\":1810,\"height\":2560},{\"@type\":\"BreadcrumbList\",\"@id\":\"https:\\\/\\\/berlindigitalart.com\\\/product\\\/formel-1-traumwagen\\\/#breadcrumb\",\"itemListElement\":[{\"@type\":\"ListItem\",\"position\":1,\"name\":\"Home\",\"item\":\"https:\\\/\\\/berlindigitalart.com\\\/\"},{\"@type\":\"ListItem\",\"position\":2,\"name\":\"Education and Entertainment\",\"item\":\"https:\\\/\\\/berlindigitalart.com\\\/education-and-entertainment\\\/\"},{\"@type\":\"ListItem\",\"position\":3,\"name\":\"Formel-1-Traumwagen\"}]},{\"@type\":\"WebSite\",\"@id\":\"https:\\\/\\\/berlindigitalart.com\\\/#website\",\"url\":\"https:\\\/\\\/berlindigitalart.com\\\/\",\"name\":\"Berlin Digital Art\",\"description\":\"Spielend Lernen\",\"publisher\":{\"@id\":\"https:\\\/\\\/berlindigitalart.com\\\/#organization\"},\"potentialAction\":[{\"@type\":\"SearchAction\",\"target\":{\"@type\":\"EntryPoint\",\"urlTemplate\":\"https:\\\/\\\/berlindigitalart.com\\\/?s={search_term_string}\"},\"query-input\":{\"@type\":\"PropertyValueSpecification\",\"valueRequired\":true,\"valueName\":\"search_term_string\"}}],\"inLanguage\":\"en-US\"},{\"@type\":\"Organization\",\"@id\":\"https:\\\/\\\/berlindigitalart.com\\\/#organization\",\"name\":\"Berlin Digital Art\",\"url\":\"https:\\\/\\\/berlindigitalart.com\\\/\",\"logo\":{\"@type\":\"ImageObject\",\"inLanguage\":\"en-US\",\"@id\":\"https:\\\/\\\/berlindigitalart.com\\\/#\\\/schema\\\/logo\\\/image\\\/\",\"url\":\"https:\\\/\\\/berlindigitalart.com\\\/wp-content\\\/uploads\\\/2024\\\/12\\\/Logo_BerlinDigitalArt.png\",\"contentUrl\":\"https:\\\/\\\/berlindigitalart.com\\\/wp-content\\\/uploads\\\/2024\\\/12\\\/Logo_BerlinDigitalArt.png\",\"width\":1563,\"height\":1563,\"caption\":\"Berlin Digital Art\"},\"image\":{\"@id\":\"https:\\\/\\\/berlindigitalart.com\\\/#\\\/schema\\\/logo\\\/image\\\/\"},\"sameAs\":[\"https:\\\/\\\/www.instagram.com\\\/berlin_digital_art\\\/\"]}]}<\/script>\n<!-- \/ Yoast SEO plugin. -->","yoast_head_json":{"title":"Formel-1-Traumwagen - Berlin Digital Art","robots":{"index":"index","follow":"follow","max-snippet":"max-snippet:-1","max-image-preview":"max-image-preview:large","max-video-preview":"max-video-preview:-1"},"canonical":"https:\/\/berlindigitalart.com\/en\/product\/formel-1-traumwagen\/","og_locale":"en_US","og_type":"article","og_title":"Formel-1-Traumwagen - Berlin Digital Art","og_description":"Das 'Formel 1 Wagen' f\u00e4hrt auf einer Rennstrecke und k\u00e4mpft um den ersten Platz! Denk dir aus, wie es die Strecke hinunterrasst und alle anderen \u00fcberholt. Deine Farben machen es zu einem spektakul\u00e4ren Kunstwerk!","og_url":"https:\/\/berlindigitalart.com\/en\/product\/formel-1-traumwagen\/","og_site_name":"Berlin Digital Art","og_image":[{"width":1810,"height":2560,"url":"https:\/\/berlindigitalart.com\/wp-content\/uploads\/2024\/12\/BerlinDigitalArt_Cool_Cars_33-scaled.jpg","type":"image\/jpeg"}],"twitter_card":"summary_large_image","schema":{"@context":"https:\/\/schema.org","@graph":[{"@type":"WebPage","@id":"https:\/\/berlindigitalart.com\/product\/formel-1-traumwagen\/","url":"https:\/\/berlindigitalart.com\/product\/formel-1-traumwagen\/","name":"Formel-1-Traumwagen - Berlin Digital Art","isPartOf":{"@id":"https:\/\/berlindigitalart.com\/#website"},"primaryImageOfPage":{"@id":"https:\/\/berlindigitalart.com\/product\/formel-1-traumwagen\/#primaryimage"},"image":{"@id":"https:\/\/berlindigitalart.com\/product\/formel-1-traumwagen\/#primaryimage"},"thumbnailUrl":"https:\/\/berlindigitalart.com\/wp-content\/uploads\/2024\/12\/BerlinDigitalArt_Cool_Cars_33-scaled.jpg","datePublished":"2024-12-19T21:31:51+00:00","breadcrumb":{"@id":"https:\/\/berlindigitalart.com\/product\/formel-1-traumwagen\/#breadcrumb"},"inLanguage":"en-US","potentialAction":[{"@type":"ReadAction","target":["https:\/\/berlindigitalart.com\/product\/formel-1-traumwagen\/"]}]},{"@type":"ImageObject","inLanguage":"en-US","@id":"https:\/\/berlindigitalart.com\/product\/formel-1-traumwagen\/#primaryimage","url":"https:\/\/berlindigitalart.com\/wp-content\/uploads\/2024\/12\/BerlinDigitalArt_Cool_Cars_33-scaled.jpg","contentUrl":"https:\/\/berlindigitalart.com\/wp-content\/uploads\/2024\/12\/BerlinDigitalArt_Cool_Cars_33-scaled.jpg","width":1810,"height":2560},{"@type":"BreadcrumbList","@id":"https:\/\/berlindigitalart.com\/product\/formel-1-traumwagen\/#breadcrumb","itemListElement":[{"@type":"ListItem","position":1,"name":"Home","item":"https:\/\/berlindigitalart.com\/"},{"@type":"ListItem","position":2,"name":"Education and Entertainment","item":"https:\/\/berlindigitalart.com\/education-and-entertainment\/"},{"@type":"ListItem","position":3,"name":"Formel-1-Traumwagen"}]},{"@type":"WebSite","@id":"https:\/\/berlindigitalart.com\/#website","url":"https:\/\/berlindigitalart.com\/","name":"Berlin Digital Art","description":"Spielend Lernen","publisher":{"@id":"https:\/\/berlindigitalart.com\/#organization"},"potentialAction":[{"@type":"SearchAction","target":{"@type":"EntryPoint","urlTemplate":"https:\/\/berlindigitalart.com\/?s={search_term_string}"},"query-input":{"@type":"PropertyValueSpecification","valueRequired":true,"valueName":"search_term_string"}}],"inLanguage":"en-US"},{"@type":"Organization","@id":"https:\/\/berlindigitalart.com\/#organization","name":"Berlin Digital Art","url":"https:\/\/berlindigitalart.com\/","logo":{"@type":"ImageObject","inLanguage":"en-US","@id":"https:\/\/berlindigitalart.com\/#\/schema\/logo\/image\/","url":"https:\/\/berlindigitalart.com\/wp-content\/uploads\/2024\/12\/Logo_BerlinDigitalArt.png","contentUrl":"https:\/\/berlindigitalart.com\/wp-content\/uploads\/2024\/12\/Logo_BerlinDigitalArt.png","width":1563,"height":1563,"caption":"Berlin Digital Art"},"image":{"@id":"https:\/\/berlindigitalart.com\/#\/schema\/logo\/image\/"},"sameAs":["https:\/\/www.instagram.com\/berlin_digital_art\/"]}]}},"acf":[],"_links":{"self":[{"href":"https:\/\/berlindigitalart.com\/en\/wp-json\/wp\/v2\/product\/737","targetHints":{"allow":["GET"]}}],"collection":[{"href":"https:\/\/berlindigitalart.com\/en\/wp-json\/wp\/v2\/product"}],"about":[{"href":"https:\/\/berlindigitalart.com\/en\/wp-json\/wp\/v2\/types\/product"}],"replies":[{"embeddable":true,"href":"https:\/\/berlindigitalart.com\/en\/wp-json\/wp\/v2\/comments?post=737"}],"wp:featuredmedia":[{"embeddable":true,"href":"https:\/\/berlindigitalart.com\/en\/wp-json\/wp\/v2\/media\/385"}],"wp:attachment":[{"href":"https:\/\/berlindigitalart.com\/en\/wp-json\/wp\/v2\/media?parent=737"}],"wp:term":[{"taxonomy":"product_brand","embeddable":true,"href":"https:\/\/berlindigitalart.com\/en\/wp-json\/wp\/v2\/product_brand?post=737"},{"taxonomy":"product_cat","embeddable":true,"href":"https:\/\/berlindigitalart.com\/en\/wp-json\/wp\/v2\/product_cat?post=737"},{"taxonomy":"product_tag","embeddable":true,"href":"https:\/\/berlindigitalart.com\/en\/wp-json\/wp\/v2\/product_tag?post=737"}],"curies":[{"name":"wp","href":"https:\/\/api.w.org\/{rel}","templated":true}]}}