{"id":715,"date":"2024-12-19T22:31:30","date_gmt":"2024-12-19T21:31:30","guid":{"rendered":"https:\/\/berlindigitalart.com\/product\/turboflitzer\/"},"modified":"2024-12-19T22:31:31","modified_gmt":"2024-12-19T21:31:31","slug":"turboflitzer","status":"publish","type":"product","link":"https:\/\/berlindigitalart.com\/en\/product\/turboflitzer\/","title":{"rendered":"Turboflitzer"},"content":{"rendered":"<p>Du bist am Steuer eines hei\u00dfen, schnellen Rennwagens. Der Motor br\u00fcllt und die Reifen schlingern \u00fcber den Asphalt, w\u00e4hrend du in einer rasanten Geschwindigkeit durch die Kurven fliegst. Das Rennen ist spannend, die anderen Fahrer geben alles, aber du bist entschlossen zu gewinnen! Du sp\u00fcrst das Adrenalin, w\u00e4hrend du das Gaspedal durchdr\u00fcckst. Male deinen Rennwagen so lebendig, dass du ihn fast h\u00f6ren kannst \u2013 der schnurrende Motor und das Quietschen der Reifen, w\u00e4hrend du die Ziellinie \u00fcberquerst!<\/p>","protected":false},"excerpt":{"rendered":"<p>Das Rennauto nimmt an einem spannenden Rennen teil! \u00dcberlege dir, wie es gegen andere Fahrzeuge k\u00e4mpft. Male es in deinen Lieblingsfarben aus und erwecke den Wettbewerb zum Leben. Deine Farben werden dem Rennen das gewisse Etwas verleihen!<\/p>","protected":false},"featured_media":362,"comment_status":"open","ping_status":"closed","template":"","meta":[],"product_brand":[],"product_cat":[17,33,21,36],"product_tag":[],"class_list":{"0":"post-715","1":"product","2":"type-product","3":"status-publish","4":"has-post-thumbnail","6":"product_cat-ausmalbilder","7":"product_cat-autos","8":"product_cat-jungs","9":"product_cat-rennauto","11":"first","12":"instock","13":"downloadable","14":"virtual","15":"product-type-simple"},"yoast_head":"<!-- This site is optimized with the Yoast SEO plugin v27.3 - https:\/\/yoast.com\/product\/yoast-seo-wordpress\/ -->\n<title>Turboflitzer - Berlin Digital Art<\/title>\n<meta name=\"robots\" content=\"index, follow, max-snippet:-1, max-image-preview:large, max-video-preview:-1\" \/>\n<link rel=\"canonical\" href=\"https:\/\/berlindigitalart.com\/en\/product\/turboflitzer\/\" \/>\n<meta property=\"og:locale\" content=\"en_US\" \/>\n<meta property=\"og:type\" content=\"article\" \/>\n<meta property=\"og:title\" content=\"Turboflitzer - Berlin Digital Art\" \/>\n<meta property=\"og:description\" content=\"Das Rennauto nimmt an einem spannenden Rennen teil! \u00dcberlege dir, wie es gegen andere Fahrzeuge k\u00e4mpft. Male es in deinen Lieblingsfarben aus und erwecke den Wettbewerb zum Leben. Deine Farben werden dem Rennen das gewisse Etwas verleihen!\" \/>\n<meta property=\"og:url\" content=\"https:\/\/berlindigitalart.com\/en\/product\/turboflitzer\/\" \/>\n<meta property=\"og:site_name\" content=\"Berlin Digital Art\" \/>\n<meta property=\"article:modified_time\" content=\"2024-12-19T21:31:31+00:00\" \/>\n<meta property=\"og:image\" content=\"https:\/\/berlindigitalart.com\/wp-content\/uploads\/2024\/12\/BerlinDigitalArt_Cool_Cars_10-scaled.jpg\" \/>\n\t<meta property=\"og:image:width\" content=\"1810\" \/>\n\t<meta property=\"og:image:height\" content=\"2560\" \/>\n\t<meta property=\"og:image:type\" content=\"image\/jpeg\" \/>\n<meta name=\"twitter:card\" content=\"summary_large_image\" \/>\n<script type=\"application\/ld+json\" class=\"yoast-schema-graph\">{\"@context\":\"https:\\\/\\\/schema.org\",\"@graph\":[{\"@type\":\"WebPage\",\"@id\":\"https:\\\/\\\/berlindigitalart.com\\\/product\\\/turboflitzer\\\/\",\"url\":\"https:\\\/\\\/berlindigitalart.com\\\/product\\\/turboflitzer\\\/\",\"name\":\"Turboflitzer - Berlin Digital Art\",\"isPartOf\":{\"@id\":\"https:\\\/\\\/berlindigitalart.com\\\/#website\"},\"primaryImageOfPage\":{\"@id\":\"https:\\\/\\\/berlindigitalart.com\\\/product\\\/turboflitzer\\\/#primaryimage\"},\"image\":{\"@id\":\"https:\\\/\\\/berlindigitalart.com\\\/product\\\/turboflitzer\\\/#primaryimage\"},\"thumbnailUrl\":\"https:\\\/\\\/berlindigitalart.com\\\/wp-content\\\/uploads\\\/2024\\\/12\\\/BerlinDigitalArt_Cool_Cars_10-scaled.jpg\",\"datePublished\":\"2024-12-19T21:31:30+00:00\",\"dateModified\":\"2024-12-19T21:31:31+00:00\",\"breadcrumb\":{\"@id\":\"https:\\\/\\\/berlindigitalart.com\\\/product\\\/turboflitzer\\\/#breadcrumb\"},\"inLanguage\":\"en-US\",\"potentialAction\":[{\"@type\":\"ReadAction\",\"target\":[\"https:\\\/\\\/berlindigitalart.com\\\/product\\\/turboflitzer\\\/\"]}]},{\"@type\":\"ImageObject\",\"inLanguage\":\"en-US\",\"@id\":\"https:\\\/\\\/berlindigitalart.com\\\/product\\\/turboflitzer\\\/#primaryimage\",\"url\":\"https:\\\/\\\/berlindigitalart.com\\\/wp-content\\\/uploads\\\/2024\\\/12\\\/BerlinDigitalArt_Cool_Cars_10-scaled.jpg\",\"contentUrl\":\"https:\\\/\\\/berlindigitalart.com\\\/wp-content\\\/uploads\\\/2024\\\/12\\\/BerlinDigitalArt_Cool_Cars_10-scaled.jpg\",\"width\":1810,\"height\":2560},{\"@type\":\"BreadcrumbList\",\"@id\":\"https:\\\/\\\/berlindigitalart.com\\\/product\\\/turboflitzer\\\/#breadcrumb\",\"itemListElement\":[{\"@type\":\"ListItem\",\"position\":1,\"name\":\"Home\",\"item\":\"https:\\\/\\\/berlindigitalart.com\\\/\"},{\"@type\":\"ListItem\",\"position\":2,\"name\":\"Education and Entertainment\",\"item\":\"https:\\\/\\\/berlindigitalart.com\\\/education-and-entertainment\\\/\"},{\"@type\":\"ListItem\",\"position\":3,\"name\":\"Turboflitzer\"}]},{\"@type\":\"WebSite\",\"@id\":\"https:\\\/\\\/berlindigitalart.com\\\/#website\",\"url\":\"https:\\\/\\\/berlindigitalart.com\\\/\",\"name\":\"Berlin Digital Art\",\"description\":\"Spielend Lernen\",\"publisher\":{\"@id\":\"https:\\\/\\\/berlindigitalart.com\\\/#organization\"},\"potentialAction\":[{\"@type\":\"SearchAction\",\"target\":{\"@type\":\"EntryPoint\",\"urlTemplate\":\"https:\\\/\\\/berlindigitalart.com\\\/?s={search_term_string}\"},\"query-input\":{\"@type\":\"PropertyValueSpecification\",\"valueRequired\":true,\"valueName\":\"search_term_string\"}}],\"inLanguage\":\"en-US\"},{\"@type\":\"Organization\",\"@id\":\"https:\\\/\\\/berlindigitalart.com\\\/#organization\",\"name\":\"Berlin Digital Art\",\"url\":\"https:\\\/\\\/berlindigitalart.com\\\/\",\"logo\":{\"@type\":\"ImageObject\",\"inLanguage\":\"en-US\",\"@id\":\"https:\\\/\\\/berlindigitalart.com\\\/#\\\/schema\\\/logo\\\/image\\\/\",\"url\":\"https:\\\/\\\/berlindigitalart.com\\\/wp-content\\\/uploads\\\/2024\\\/12\\\/Logo_BerlinDigitalArt.png\",\"contentUrl\":\"https:\\\/\\\/berlindigitalart.com\\\/wp-content\\\/uploads\\\/2024\\\/12\\\/Logo_BerlinDigitalArt.png\",\"width\":1563,\"height\":1563,\"caption\":\"Berlin Digital Art\"},\"image\":{\"@id\":\"https:\\\/\\\/berlindigitalart.com\\\/#\\\/schema\\\/logo\\\/image\\\/\"},\"sameAs\":[\"https:\\\/\\\/www.instagram.com\\\/berlin_digital_art\\\/\"]}]}<\/script>\n<!-- \/ Yoast SEO plugin. -->","yoast_head_json":{"title":"Turboflitzer - Berlin Digital Art","robots":{"index":"index","follow":"follow","max-snippet":"max-snippet:-1","max-image-preview":"max-image-preview:large","max-video-preview":"max-video-preview:-1"},"canonical":"https:\/\/berlindigitalart.com\/en\/product\/turboflitzer\/","og_locale":"en_US","og_type":"article","og_title":"Turboflitzer - Berlin Digital Art","og_description":"Das Rennauto nimmt an einem spannenden Rennen teil! \u00dcberlege dir, wie es gegen andere Fahrzeuge k\u00e4mpft. Male es in deinen Lieblingsfarben aus und erwecke den Wettbewerb zum Leben. Deine Farben werden dem Rennen das gewisse Etwas verleihen!","og_url":"https:\/\/berlindigitalart.com\/en\/product\/turboflitzer\/","og_site_name":"Berlin Digital Art","article_modified_time":"2024-12-19T21:31:31+00:00","og_image":[{"width":1810,"height":2560,"url":"https:\/\/berlindigitalart.com\/wp-content\/uploads\/2024\/12\/BerlinDigitalArt_Cool_Cars_10-scaled.jpg","type":"image\/jpeg"}],"twitter_card":"summary_large_image","schema":{"@context":"https:\/\/schema.org","@graph":[{"@type":"WebPage","@id":"https:\/\/berlindigitalart.com\/product\/turboflitzer\/","url":"https:\/\/berlindigitalart.com\/product\/turboflitzer\/","name":"Turboflitzer - Berlin Digital Art","isPartOf":{"@id":"https:\/\/berlindigitalart.com\/#website"},"primaryImageOfPage":{"@id":"https:\/\/berlindigitalart.com\/product\/turboflitzer\/#primaryimage"},"image":{"@id":"https:\/\/berlindigitalart.com\/product\/turboflitzer\/#primaryimage"},"thumbnailUrl":"https:\/\/berlindigitalart.com\/wp-content\/uploads\/2024\/12\/BerlinDigitalArt_Cool_Cars_10-scaled.jpg","datePublished":"2024-12-19T21:31:30+00:00","dateModified":"2024-12-19T21:31:31+00:00","breadcrumb":{"@id":"https:\/\/berlindigitalart.com\/product\/turboflitzer\/#breadcrumb"},"inLanguage":"en-US","potentialAction":[{"@type":"ReadAction","target":["https:\/\/berlindigitalart.com\/product\/turboflitzer\/"]}]},{"@type":"ImageObject","inLanguage":"en-US","@id":"https:\/\/berlindigitalart.com\/product\/turboflitzer\/#primaryimage","url":"https:\/\/berlindigitalart.com\/wp-content\/uploads\/2024\/12\/BerlinDigitalArt_Cool_Cars_10-scaled.jpg","contentUrl":"https:\/\/berlindigitalart.com\/wp-content\/uploads\/2024\/12\/BerlinDigitalArt_Cool_Cars_10-scaled.jpg","width":1810,"height":2560},{"@type":"BreadcrumbList","@id":"https:\/\/berlindigitalart.com\/product\/turboflitzer\/#breadcrumb","itemListElement":[{"@type":"ListItem","position":1,"name":"Home","item":"https:\/\/berlindigitalart.com\/"},{"@type":"ListItem","position":2,"name":"Education and Entertainment","item":"https:\/\/berlindigitalart.com\/education-and-entertainment\/"},{"@type":"ListItem","position":3,"name":"Turboflitzer"}]},{"@type":"WebSite","@id":"https:\/\/berlindigitalart.com\/#website","url":"https:\/\/berlindigitalart.com\/","name":"Berlin Digital Art","description":"Spielend Lernen","publisher":{"@id":"https:\/\/berlindigitalart.com\/#organization"},"potentialAction":[{"@type":"SearchAction","target":{"@type":"EntryPoint","urlTemplate":"https:\/\/berlindigitalart.com\/?s={search_term_string}"},"query-input":{"@type":"PropertyValueSpecification","valueRequired":true,"valueName":"search_term_string"}}],"inLanguage":"en-US"},{"@type":"Organization","@id":"https:\/\/berlindigitalart.com\/#organization","name":"Berlin Digital Art","url":"https:\/\/berlindigitalart.com\/","logo":{"@type":"ImageObject","inLanguage":"en-US","@id":"https:\/\/berlindigitalart.com\/#\/schema\/logo\/image\/","url":"https:\/\/berlindigitalart.com\/wp-content\/uploads\/2024\/12\/Logo_BerlinDigitalArt.png","contentUrl":"https:\/\/berlindigitalart.com\/wp-content\/uploads\/2024\/12\/Logo_BerlinDigitalArt.png","width":1563,"height":1563,"caption":"Berlin Digital Art"},"image":{"@id":"https:\/\/berlindigitalart.com\/#\/schema\/logo\/image\/"},"sameAs":["https:\/\/www.instagram.com\/berlin_digital_art\/"]}]}},"acf":[],"_links":{"self":[{"href":"https:\/\/berlindigitalart.com\/en\/wp-json\/wp\/v2\/product\/715","targetHints":{"allow":["GET"]}}],"collection":[{"href":"https:\/\/berlindigitalart.com\/en\/wp-json\/wp\/v2\/product"}],"about":[{"href":"https:\/\/berlindigitalart.com\/en\/wp-json\/wp\/v2\/types\/product"}],"replies":[{"embeddable":true,"href":"https:\/\/berlindigitalart.com\/en\/wp-json\/wp\/v2\/comments?post=715"}],"wp:featuredmedia":[{"embeddable":true,"href":"https:\/\/berlindigitalart.com\/en\/wp-json\/wp\/v2\/media\/362"}],"wp:attachment":[{"href":"https:\/\/berlindigitalart.com\/en\/wp-json\/wp\/v2\/media?parent=715"}],"wp:term":[{"taxonomy":"product_brand","embeddable":true,"href":"https:\/\/berlindigitalart.com\/en\/wp-json\/wp\/v2\/product_brand?post=715"},{"taxonomy":"product_cat","embeddable":true,"href":"https:\/\/berlindigitalart.com\/en\/wp-json\/wp\/v2\/product_cat?post=715"},{"taxonomy":"product_tag","embeddable":true,"href":"https:\/\/berlindigitalart.com\/en\/wp-json\/wp\/v2\/product_tag?post=715"}],"curies":[{"name":"wp","href":"https:\/\/api.w.org\/{rel}","templated":true}]}}