{"id":688,"date":"2024-12-19T13:15:12","date_gmt":"2024-12-19T12:15:12","guid":{"rendered":"https:\/\/berlindigitalart.com\/product\/stolzflug-einhorn\/"},"modified":"2024-12-19T13:15:13","modified_gmt":"2024-12-19T12:15:13","slug":"stolzflug-einhorn","status":"publish","type":"product","link":"https:\/\/berlindigitalart.com\/en\/product\/stolzflug-einhorn\/","title":{"rendered":"Stolzflug Einhorn"},"content":{"rendered":"<p>Stolzflug breitet seine Fl\u00fcgel aus und zieht hoch in den Himmel. Der Wind weht kr\u00e4ftig, aber Stolzflug bleibt ruhig und stolz, w\u00e4hrend er \u00fcber das Land fliegt.\u00a0M\u00f6chtest du Stolzflug in den Himmel malen?\u00a0Hol dir deine Farben und male das majest\u00e4tische Einhorn, das mit Stolz und Eleganz durch den Himmel gleitet. Es wird ein Bild von Kraft und Anmut!<\/p>","protected":false},"excerpt":{"rendered":"<p>Das Stolzflug Einhorn zeigt stolz seine majest\u00e4tischen Fl\u00fcgel. Male das majest\u00e4tische Einhorn und seine kr\u00e4ftigen Fl\u00fcgel aus \u2013 es wird gro\u00dfartig aussehen!<\/p>","protected":false},"featured_media":336,"comment_status":"open","ping_status":"closed","template":"","meta":[],"product_brand":[],"product_cat":[17,22,37,18],"product_tag":[],"class_list":{"0":"post-688","1":"product","2":"type-product","3":"status-publish","4":"has-post-thumbnail","6":"product_cat-ausmalbilder","7":"product_cat-einhoerner","8":"product_cat-einhoerner-mit-fluegeln","9":"product_cat-maedchen","11":"first","12":"instock","13":"downloadable","14":"virtual","15":"product-type-simple"},"yoast_head":"<!-- This site is optimized with the Yoast SEO plugin v27.3 - https:\/\/yoast.com\/product\/yoast-seo-wordpress\/ -->\n<title>Stolzflug Einhorn - Berlin Digital Art<\/title>\n<meta name=\"robots\" content=\"index, follow, max-snippet:-1, max-image-preview:large, max-video-preview:-1\" \/>\n<link rel=\"canonical\" href=\"https:\/\/berlindigitalart.com\/en\/product\/stolzflug-einhorn\/\" \/>\n<meta property=\"og:locale\" content=\"en_US\" \/>\n<meta property=\"og:type\" content=\"article\" \/>\n<meta property=\"og:title\" content=\"Stolzflug Einhorn - Berlin Digital Art\" \/>\n<meta property=\"og:description\" content=\"Das Stolzflug Einhorn zeigt stolz seine majest\u00e4tischen Fl\u00fcgel. Male das majest\u00e4tische Einhorn und seine kr\u00e4ftigen Fl\u00fcgel aus \u2013 es wird gro\u00dfartig aussehen!\" \/>\n<meta property=\"og:url\" content=\"https:\/\/berlindigitalart.com\/en\/product\/stolzflug-einhorn\/\" \/>\n<meta property=\"og:site_name\" content=\"Berlin Digital Art\" \/>\n<meta property=\"article:modified_time\" content=\"2024-12-19T12:15:13+00:00\" \/>\n<meta property=\"og:image\" content=\"https:\/\/berlindigitalart.com\/wp-content\/uploads\/2024\/12\/BerlinDigitalArt_Magic_Unicorns_35-scaled.jpg\" \/>\n\t<meta property=\"og:image:width\" content=\"1810\" \/>\n\t<meta property=\"og:image:height\" content=\"2560\" \/>\n\t<meta property=\"og:image:type\" content=\"image\/jpeg\" \/>\n<meta name=\"twitter:card\" content=\"summary_large_image\" \/>\n<script type=\"application\/ld+json\" class=\"yoast-schema-graph\">{\"@context\":\"https:\\\/\\\/schema.org\",\"@graph\":[{\"@type\":\"WebPage\",\"@id\":\"https:\\\/\\\/berlindigitalart.com\\\/product\\\/stolzflug-einhorn\\\/\",\"url\":\"https:\\\/\\\/berlindigitalart.com\\\/product\\\/stolzflug-einhorn\\\/\",\"name\":\"Stolzflug Einhorn - Berlin Digital Art\",\"isPartOf\":{\"@id\":\"https:\\\/\\\/berlindigitalart.com\\\/#website\"},\"primaryImageOfPage\":{\"@id\":\"https:\\\/\\\/berlindigitalart.com\\\/product\\\/stolzflug-einhorn\\\/#primaryimage\"},\"image\":{\"@id\":\"https:\\\/\\\/berlindigitalart.com\\\/product\\\/stolzflug-einhorn\\\/#primaryimage\"},\"thumbnailUrl\":\"https:\\\/\\\/berlindigitalart.com\\\/wp-content\\\/uploads\\\/2024\\\/12\\\/BerlinDigitalArt_Magic_Unicorns_35-scaled.jpg\",\"datePublished\":\"2024-12-19T12:15:12+00:00\",\"dateModified\":\"2024-12-19T12:15:13+00:00\",\"breadcrumb\":{\"@id\":\"https:\\\/\\\/berlindigitalart.com\\\/product\\\/stolzflug-einhorn\\\/#breadcrumb\"},\"inLanguage\":\"en-US\",\"potentialAction\":[{\"@type\":\"ReadAction\",\"target\":[\"https:\\\/\\\/berlindigitalart.com\\\/product\\\/stolzflug-einhorn\\\/\"]}]},{\"@type\":\"ImageObject\",\"inLanguage\":\"en-US\",\"@id\":\"https:\\\/\\\/berlindigitalart.com\\\/product\\\/stolzflug-einhorn\\\/#primaryimage\",\"url\":\"https:\\\/\\\/berlindigitalart.com\\\/wp-content\\\/uploads\\\/2024\\\/12\\\/BerlinDigitalArt_Magic_Unicorns_35-scaled.jpg\",\"contentUrl\":\"https:\\\/\\\/berlindigitalart.com\\\/wp-content\\\/uploads\\\/2024\\\/12\\\/BerlinDigitalArt_Magic_Unicorns_35-scaled.jpg\",\"width\":1810,\"height\":2560},{\"@type\":\"BreadcrumbList\",\"@id\":\"https:\\\/\\\/berlindigitalart.com\\\/product\\\/stolzflug-einhorn\\\/#breadcrumb\",\"itemListElement\":[{\"@type\":\"ListItem\",\"position\":1,\"name\":\"Home\",\"item\":\"https:\\\/\\\/berlindigitalart.com\\\/\"},{\"@type\":\"ListItem\",\"position\":2,\"name\":\"Education and Entertainment\",\"item\":\"https:\\\/\\\/berlindigitalart.com\\\/education-and-entertainment\\\/\"},{\"@type\":\"ListItem\",\"position\":3,\"name\":\"Stolzflug Einhorn\"}]},{\"@type\":\"WebSite\",\"@id\":\"https:\\\/\\\/berlindigitalart.com\\\/#website\",\"url\":\"https:\\\/\\\/berlindigitalart.com\\\/\",\"name\":\"Berlin Digital Art\",\"description\":\"Spielend Lernen\",\"publisher\":{\"@id\":\"https:\\\/\\\/berlindigitalart.com\\\/#organization\"},\"potentialAction\":[{\"@type\":\"SearchAction\",\"target\":{\"@type\":\"EntryPoint\",\"urlTemplate\":\"https:\\\/\\\/berlindigitalart.com\\\/?s={search_term_string}\"},\"query-input\":{\"@type\":\"PropertyValueSpecification\",\"valueRequired\":true,\"valueName\":\"search_term_string\"}}],\"inLanguage\":\"en-US\"},{\"@type\":\"Organization\",\"@id\":\"https:\\\/\\\/berlindigitalart.com\\\/#organization\",\"name\":\"Berlin Digital Art\",\"url\":\"https:\\\/\\\/berlindigitalart.com\\\/\",\"logo\":{\"@type\":\"ImageObject\",\"inLanguage\":\"en-US\",\"@id\":\"https:\\\/\\\/berlindigitalart.com\\\/#\\\/schema\\\/logo\\\/image\\\/\",\"url\":\"https:\\\/\\\/berlindigitalart.com\\\/wp-content\\\/uploads\\\/2024\\\/12\\\/Logo_BerlinDigitalArt.png\",\"contentUrl\":\"https:\\\/\\\/berlindigitalart.com\\\/wp-content\\\/uploads\\\/2024\\\/12\\\/Logo_BerlinDigitalArt.png\",\"width\":1563,\"height\":1563,\"caption\":\"Berlin Digital Art\"},\"image\":{\"@id\":\"https:\\\/\\\/berlindigitalart.com\\\/#\\\/schema\\\/logo\\\/image\\\/\"},\"sameAs\":[\"https:\\\/\\\/www.instagram.com\\\/berlin_digital_art\\\/\"]}]}<\/script>\n<!-- \/ Yoast SEO plugin. -->","yoast_head_json":{"title":"Stolzflug Einhorn - Berlin Digital Art","robots":{"index":"index","follow":"follow","max-snippet":"max-snippet:-1","max-image-preview":"max-image-preview:large","max-video-preview":"max-video-preview:-1"},"canonical":"https:\/\/berlindigitalart.com\/en\/product\/stolzflug-einhorn\/","og_locale":"en_US","og_type":"article","og_title":"Stolzflug Einhorn - Berlin Digital Art","og_description":"Das Stolzflug Einhorn zeigt stolz seine majest\u00e4tischen Fl\u00fcgel. Male das majest\u00e4tische Einhorn und seine kr\u00e4ftigen Fl\u00fcgel aus \u2013 es wird gro\u00dfartig aussehen!","og_url":"https:\/\/berlindigitalart.com\/en\/product\/stolzflug-einhorn\/","og_site_name":"Berlin Digital Art","article_modified_time":"2024-12-19T12:15:13+00:00","og_image":[{"width":1810,"height":2560,"url":"https:\/\/berlindigitalart.com\/wp-content\/uploads\/2024\/12\/BerlinDigitalArt_Magic_Unicorns_35-scaled.jpg","type":"image\/jpeg"}],"twitter_card":"summary_large_image","schema":{"@context":"https:\/\/schema.org","@graph":[{"@type":"WebPage","@id":"https:\/\/berlindigitalart.com\/product\/stolzflug-einhorn\/","url":"https:\/\/berlindigitalart.com\/product\/stolzflug-einhorn\/","name":"Stolzflug Einhorn - Berlin Digital Art","isPartOf":{"@id":"https:\/\/berlindigitalart.com\/#website"},"primaryImageOfPage":{"@id":"https:\/\/berlindigitalart.com\/product\/stolzflug-einhorn\/#primaryimage"},"image":{"@id":"https:\/\/berlindigitalart.com\/product\/stolzflug-einhorn\/#primaryimage"},"thumbnailUrl":"https:\/\/berlindigitalart.com\/wp-content\/uploads\/2024\/12\/BerlinDigitalArt_Magic_Unicorns_35-scaled.jpg","datePublished":"2024-12-19T12:15:12+00:00","dateModified":"2024-12-19T12:15:13+00:00","breadcrumb":{"@id":"https:\/\/berlindigitalart.com\/product\/stolzflug-einhorn\/#breadcrumb"},"inLanguage":"en-US","potentialAction":[{"@type":"ReadAction","target":["https:\/\/berlindigitalart.com\/product\/stolzflug-einhorn\/"]}]},{"@type":"ImageObject","inLanguage":"en-US","@id":"https:\/\/berlindigitalart.com\/product\/stolzflug-einhorn\/#primaryimage","url":"https:\/\/berlindigitalart.com\/wp-content\/uploads\/2024\/12\/BerlinDigitalArt_Magic_Unicorns_35-scaled.jpg","contentUrl":"https:\/\/berlindigitalart.com\/wp-content\/uploads\/2024\/12\/BerlinDigitalArt_Magic_Unicorns_35-scaled.jpg","width":1810,"height":2560},{"@type":"BreadcrumbList","@id":"https:\/\/berlindigitalart.com\/product\/stolzflug-einhorn\/#breadcrumb","itemListElement":[{"@type":"ListItem","position":1,"name":"Home","item":"https:\/\/berlindigitalart.com\/"},{"@type":"ListItem","position":2,"name":"Education and Entertainment","item":"https:\/\/berlindigitalart.com\/education-and-entertainment\/"},{"@type":"ListItem","position":3,"name":"Stolzflug Einhorn"}]},{"@type":"WebSite","@id":"https:\/\/berlindigitalart.com\/#website","url":"https:\/\/berlindigitalart.com\/","name":"Berlin Digital Art","description":"Spielend Lernen","publisher":{"@id":"https:\/\/berlindigitalart.com\/#organization"},"potentialAction":[{"@type":"SearchAction","target":{"@type":"EntryPoint","urlTemplate":"https:\/\/berlindigitalart.com\/?s={search_term_string}"},"query-input":{"@type":"PropertyValueSpecification","valueRequired":true,"valueName":"search_term_string"}}],"inLanguage":"en-US"},{"@type":"Organization","@id":"https:\/\/berlindigitalart.com\/#organization","name":"Berlin Digital Art","url":"https:\/\/berlindigitalart.com\/","logo":{"@type":"ImageObject","inLanguage":"en-US","@id":"https:\/\/berlindigitalart.com\/#\/schema\/logo\/image\/","url":"https:\/\/berlindigitalart.com\/wp-content\/uploads\/2024\/12\/Logo_BerlinDigitalArt.png","contentUrl":"https:\/\/berlindigitalart.com\/wp-content\/uploads\/2024\/12\/Logo_BerlinDigitalArt.png","width":1563,"height":1563,"caption":"Berlin Digital Art"},"image":{"@id":"https:\/\/berlindigitalart.com\/#\/schema\/logo\/image\/"},"sameAs":["https:\/\/www.instagram.com\/berlin_digital_art\/"]}]}},"acf":[],"_links":{"self":[{"href":"https:\/\/berlindigitalart.com\/en\/wp-json\/wp\/v2\/product\/688","targetHints":{"allow":["GET"]}}],"collection":[{"href":"https:\/\/berlindigitalart.com\/en\/wp-json\/wp\/v2\/product"}],"about":[{"href":"https:\/\/berlindigitalart.com\/en\/wp-json\/wp\/v2\/types\/product"}],"replies":[{"embeddable":true,"href":"https:\/\/berlindigitalart.com\/en\/wp-json\/wp\/v2\/comments?post=688"}],"wp:featuredmedia":[{"embeddable":true,"href":"https:\/\/berlindigitalart.com\/en\/wp-json\/wp\/v2\/media\/336"}],"wp:attachment":[{"href":"https:\/\/berlindigitalart.com\/en\/wp-json\/wp\/v2\/media?parent=688"}],"wp:term":[{"taxonomy":"product_brand","embeddable":true,"href":"https:\/\/berlindigitalart.com\/en\/wp-json\/wp\/v2\/product_brand?post=688"},{"taxonomy":"product_cat","embeddable":true,"href":"https:\/\/berlindigitalart.com\/en\/wp-json\/wp\/v2\/product_cat?post=688"},{"taxonomy":"product_tag","embeddable":true,"href":"https:\/\/berlindigitalart.com\/en\/wp-json\/wp\/v2\/product_tag?post=688"}],"curies":[{"name":"wp","href":"https:\/\/api.w.org\/{rel}","templated":true}]}}