{"id":893,"date":"2025-01-07T21:24:25","date_gmt":"2025-01-07T20:24:25","guid":{"rendered":"https:\/\/berlindigitalart.com\/?page_id=893"},"modified":"2025-01-07T21:48:21","modified_gmt":"2025-01-07T20:48:21","slug":"education","status":"publish","type":"page","link":"https:\/\/berlindigitalart.com\/en\/education\/","title":{"rendered":"Education"},"content":{"rendered":"<div data-elementor-type=\"wp-page\" data-elementor-id=\"893\" class=\"elementor elementor-893\" data-elementor-post-type=\"page\">\n\t\t\t\t<div class=\"elementor-element elementor-element-631a830 e-flex e-con-boxed wpr-particle-no wpr-jarallax-no wpr-parallax-no wpr-sticky-section-no e-con e-parent\" data-id=\"631a830\" data-element_type=\"container\" data-e-type=\"container\">\n\t\t\t\t\t<div class=\"e-con-inner\">\n\t\t\t\t<div class=\"elementor-element elementor-element-784a6c8 elementor-widget elementor-widget-heading\" data-id=\"784a6c8\" data-element_type=\"widget\" data-e-type=\"widget\" data-widget_type=\"heading.default\">\n\t\t\t\t<div class=\"elementor-widget-container\">\n\t\t\t\t\t<h2 class=\"elementor-heading-title elementor-size-default\">Education is Fun!<\/h2>\t\t\t\t<\/div>\n\t\t\t\t<\/div>\n\t\t\t\t\t<\/div>\n\t\t\t\t<\/div>\n\t\t<div class=\"elementor-element elementor-element-d4c5228 e-flex e-con-boxed wpr-particle-no wpr-jarallax-no wpr-parallax-no wpr-sticky-section-no e-con e-parent\" data-id=\"d4c5228\" data-element_type=\"container\" data-e-type=\"container\">\n\t\t\t\t\t<div class=\"e-con-inner\">\n\t\t\t\t<div class=\"elementor-element elementor-element-59564dc elementor-widget elementor-widget-text-editor\" data-id=\"59564dc\" data-element_type=\"widget\" data-e-type=\"widget\" data-widget_type=\"text-editor.default\">\n\t\t\t\t<div class=\"elementor-widget-container\">\n\t\t\t\t\t\t\t\t\t<p class=\"p1\">As a father of three and an engineer, I am passionate about making learning easier and more exciting for children. That's why I've developed a growing collection of free exercises that are clearly structured, practical and designed with attention to detail. My aim? To help pupils understand and deepen the content of lessons in a targeted way - and to offer parents like you valuable support.<\/p><p class=\"p1\">Check back regularly, because there's always new content here!<\/p>\t\t\t\t\t\t\t\t<\/div>\n\t\t\t\t<\/div>\n\t\t\t\t\t<\/div>\n\t\t\t\t<\/div>\n\t\t<div class=\"elementor-element elementor-element-5bcdbf1 e-grid e-con-boxed wpr-particle-no wpr-jarallax-no wpr-parallax-no wpr-sticky-section-no e-con e-parent\" data-id=\"5bcdbf1\" data-element_type=\"container\" data-e-type=\"container\">\n\t\t\t\t\t<div class=\"e-con-inner\">\n\t\t\t\t<div class=\"elementor-element elementor-element-1180ca4 elementor-widget elementor-widget-image\" data-id=\"1180ca4\" data-element_type=\"widget\" data-e-type=\"widget\" data-widget_type=\"image.default\">\n\t\t\t\t<div class=\"elementor-widget-container\">\n\t\t\t\t\t\t\t\t\t\t\t\t<figure class=\"wp-caption\">\n\t\t\t\t\t\t\t\t\t\t\t<a href=\"https:\/\/berlindigitalart.com\/en\/product\/addition-0-10-worksheets\/\">\n\t\t\t\t\t\t\t<img fetchpriority=\"high\" decoding=\"async\" width=\"450\" height=\"620\" src=\"https:\/\/berlindigitalart.com\/wp-content\/uploads\/2025\/01\/Addition-0-10-10-Pages_COVER-450x620.png\" class=\"attachment-bard-grid-thumbnail size-bard-grid-thumbnail wp-image-889 not-transparent\" alt=\"\" srcset=\"https:\/\/berlindigitalart.com\/wp-content\/uploads\/2025\/01\/Addition-0-10-10-Pages_COVER-450x620.png 450w, https:\/\/berlindigitalart.com\/wp-content\/uploads\/2025\/01\/Addition-0-10-10-Pages_COVER-8x12.png 8w\" sizes=\"(max-width: 450px) 100vw, 450px\" data-has-transparency=\"false\" data-dominant-color=\"f1f0ef\" style=\"--dominant-color: #f1f0ef\" \/>\t\t\t\t\t\t\t\t<\/a>\n\t\t\t\t\t\t\t\t\t\t\t<figcaption class=\"widget-image-caption wp-caption-text\">Addition von 0-10<\/figcaption>\n\t\t\t\t\t\t\t\t\t\t<\/figure>\n\t\t\t\t\t\t\t\t\t<\/div>\n\t\t\t\t<\/div>\n\t\t\t\t<div class=\"elementor-element elementor-element-d754701 elementor-widget elementor-widget-image\" data-id=\"d754701\" data-element_type=\"widget\" data-e-type=\"widget\" data-widget_type=\"image.default\">\n\t\t\t\t<div class=\"elementor-widget-container\">\n\t\t\t\t\t\t\t\t\t\t\t\t<figure class=\"wp-caption\">\n\t\t\t\t\t\t\t\t\t\t\t<a href=\"https:\/\/berlindigitalart.com\/en\/product\/grade2-0-100-worksheets\/\">\n\t\t\t\t\t\t\t<img decoding=\"async\" width=\"450\" height=\"620\" src=\"https:\/\/berlindigitalart.com\/wp-content\/uploads\/2025\/01\/Math-Grade-2-0-100_COVER-450x620.png\" class=\"attachment-bard-grid-thumbnail size-bard-grid-thumbnail wp-image-891 not-transparent\" alt=\"\" srcset=\"https:\/\/berlindigitalart.com\/wp-content\/uploads\/2025\/01\/Math-Grade-2-0-100_COVER-450x620.png 450w, https:\/\/berlindigitalart.com\/wp-content\/uploads\/2025\/01\/Math-Grade-2-0-100_COVER-8x12.png 8w\" sizes=\"(max-width: 450px) 100vw, 450px\" data-has-transparency=\"false\" data-dominant-color=\"e9e9e8\" style=\"--dominant-color: #e9e9e8\" \/>\t\t\t\t\t\t\t\t<\/a>\n\t\t\t\t\t\t\t\t\t\t\t<figcaption class=\"widget-image-caption wp-caption-text\">Grade 2 - Numbers from 0-100<\/figcaption>\n\t\t\t\t\t\t\t\t\t\t<\/figure>\n\t\t\t\t\t\t\t\t\t<\/div>\n\t\t\t\t<\/div>\n\t\t\t\t\t<\/div>\n\t\t\t\t<\/div>\n\t\t\t\t<\/div>","protected":false},"excerpt":{"rendered":"<p>Bildung macht Spa\u00df! Als dreifacher Vater und Ingenieur ist es mir ein Herzensanliegen, Kindern das Lernen einfacher und spannender zu machen. Deshalb habe ich eine wachsende Sammlung kostenloser \u00dcbungen entwickelt, die klar strukturiert, praxisnah und mit Liebe zum Detail gestaltet sind. Mein Ziel? Sch\u00fclern gezielt beim Verstehen und Vertiefen von Unterrichtsinhalten zu helfen \u2013 und Eltern wie dir wertvolle Unterst\u00fctzung zu bieten. Schau regelm\u00e4\u00dfig vorbei, denn hier gibt\u2019s immer neue Inhalte! Addition von 0-10 2. Klasse &#8211; Zahlen von 0-100<\/p>","protected":false},"author":1,"featured_media":0,"parent":0,"menu_order":0,"comment_status":"closed","ping_status":"closed","template":"","meta":{"footnotes":""},"class_list":["post-893","page","type-page","status-publish","hentry"],"yoast_head":"<!-- This site is optimized with the Yoast SEO plugin v27.3 - https:\/\/yoast.com\/product\/yoast-seo-wordpress\/ -->\n<title>Bildung - Berlin Digital Art<\/title>\n<meta name=\"robots\" content=\"index, follow, max-snippet:-1, max-image-preview:large, max-video-preview:-1\" \/>\n<link rel=\"canonical\" href=\"https:\/\/berlindigitalart.com\/en\/education\/\" \/>\n<meta property=\"og:locale\" content=\"en_US\" \/>\n<meta property=\"og:type\" content=\"article\" \/>\n<meta property=\"og:title\" content=\"Bildung - Berlin Digital Art\" \/>\n<meta property=\"og:description\" content=\"Bildung macht Spa\u00df! Als dreifacher Vater und Ingenieur ist es mir ein Herzensanliegen, Kindern das Lernen einfacher und spannender zu machen. Deshalb habe ich eine wachsende Sammlung kostenloser \u00dcbungen entwickelt, die klar strukturiert, praxisnah und mit Liebe zum Detail gestaltet sind. Mein Ziel? Sch\u00fclern gezielt beim Verstehen und Vertiefen von Unterrichtsinhalten zu helfen \u2013 und Eltern wie dir wertvolle Unterst\u00fctzung zu bieten. Schau regelm\u00e4\u00dfig vorbei, denn hier gibt\u2019s immer neue Inhalte! Addition von 0-10 2. Klasse &#8211; Zahlen von 0-100\" \/>\n<meta property=\"og:url\" content=\"https:\/\/berlindigitalart.com\/en\/education\/\" \/>\n<meta property=\"og:site_name\" content=\"Berlin Digital Art\" \/>\n<meta property=\"article:modified_time\" content=\"2025-01-07T20:48:21+00:00\" \/>\n<meta property=\"og:image\" content=\"https:\/\/berlindigitalart.com\/wp-content\/uploads\/2025\/01\/Addition-0-10-10-Pages_COVER-450x620.png\" \/>\n<meta name=\"twitter:card\" content=\"summary_large_image\" \/>\n<script type=\"application\/ld+json\" class=\"yoast-schema-graph\">{\"@context\":\"https:\\\/\\\/schema.org\",\"@graph\":[{\"@type\":\"WebPage\",\"@id\":\"https:\\\/\\\/berlindigitalart.com\\\/en\\\/education\\\/\",\"url\":\"https:\\\/\\\/berlindigitalart.com\\\/en\\\/education\\\/\",\"name\":\"Bildung - Berlin Digital Art\",\"isPartOf\":{\"@id\":\"https:\\\/\\\/berlindigitalart.com\\\/#website\"},\"primaryImageOfPage\":{\"@id\":\"https:\\\/\\\/berlindigitalart.com\\\/en\\\/education\\\/#primaryimage\"},\"image\":{\"@id\":\"https:\\\/\\\/berlindigitalart.com\\\/en\\\/education\\\/#primaryimage\"},\"thumbnailUrl\":\"https:\\\/\\\/berlindigitalart.com\\\/wp-content\\\/uploads\\\/2025\\\/01\\\/Addition-0-10-10-Pages_COVER-450x620.png\",\"datePublished\":\"2025-01-07T20:24:25+00:00\",\"dateModified\":\"2025-01-07T20:48:21+00:00\",\"breadcrumb\":{\"@id\":\"https:\\\/\\\/berlindigitalart.com\\\/en\\\/education\\\/#breadcrumb\"},\"inLanguage\":\"en-US\",\"potentialAction\":[{\"@type\":\"ReadAction\",\"target\":[\"https:\\\/\\\/berlindigitalart.com\\\/en\\\/education\\\/\"]}]},{\"@type\":\"ImageObject\",\"inLanguage\":\"en-US\",\"@id\":\"https:\\\/\\\/berlindigitalart.com\\\/en\\\/education\\\/#primaryimage\",\"url\":\"https:\\\/\\\/berlindigitalart.com\\\/wp-content\\\/uploads\\\/2025\\\/01\\\/Addition-0-10-10-Pages_COVER-450x620.png\",\"contentUrl\":\"https:\\\/\\\/berlindigitalart.com\\\/wp-content\\\/uploads\\\/2025\\\/01\\\/Addition-0-10-10-Pages_COVER-450x620.png\"},{\"@type\":\"BreadcrumbList\",\"@id\":\"https:\\\/\\\/berlindigitalart.com\\\/en\\\/education\\\/#breadcrumb\",\"itemListElement\":[{\"@type\":\"ListItem\",\"position\":1,\"name\":\"Home\",\"item\":\"https:\\\/\\\/berlindigitalart.com\\\/\"},{\"@type\":\"ListItem\",\"position\":2,\"name\":\"Bildung\"}]},{\"@type\":\"WebSite\",\"@id\":\"https:\\\/\\\/berlindigitalart.com\\\/#website\",\"url\":\"https:\\\/\\\/berlindigitalart.com\\\/\",\"name\":\"Berlin Digital Art\",\"description\":\"Spielend Lernen\",\"publisher\":{\"@id\":\"https:\\\/\\\/berlindigitalart.com\\\/#organization\"},\"potentialAction\":[{\"@type\":\"SearchAction\",\"target\":{\"@type\":\"EntryPoint\",\"urlTemplate\":\"https:\\\/\\\/berlindigitalart.com\\\/?s={search_term_string}\"},\"query-input\":{\"@type\":\"PropertyValueSpecification\",\"valueRequired\":true,\"valueName\":\"search_term_string\"}}],\"inLanguage\":\"en-US\"},{\"@type\":\"Organization\",\"@id\":\"https:\\\/\\\/berlindigitalart.com\\\/#organization\",\"name\":\"Berlin Digital Art\",\"url\":\"https:\\\/\\\/berlindigitalart.com\\\/\",\"logo\":{\"@type\":\"ImageObject\",\"inLanguage\":\"en-US\",\"@id\":\"https:\\\/\\\/berlindigitalart.com\\\/#\\\/schema\\\/logo\\\/image\\\/\",\"url\":\"https:\\\/\\\/berlindigitalart.com\\\/wp-content\\\/uploads\\\/2024\\\/12\\\/Logo_BerlinDigitalArt.png\",\"contentUrl\":\"https:\\\/\\\/berlindigitalart.com\\\/wp-content\\\/uploads\\\/2024\\\/12\\\/Logo_BerlinDigitalArt.png\",\"width\":1563,\"height\":1563,\"caption\":\"Berlin Digital Art\"},\"image\":{\"@id\":\"https:\\\/\\\/berlindigitalart.com\\\/#\\\/schema\\\/logo\\\/image\\\/\"},\"sameAs\":[\"https:\\\/\\\/www.instagram.com\\\/berlin_digital_art\\\/\"]}]}<\/script>\n<!-- \/ Yoast SEO plugin. -->","yoast_head_json":{"title":"Bildung - Berlin Digital Art","robots":{"index":"index","follow":"follow","max-snippet":"max-snippet:-1","max-image-preview":"max-image-preview:large","max-video-preview":"max-video-preview:-1"},"canonical":"https:\/\/berlindigitalart.com\/en\/education\/","og_locale":"en_US","og_type":"article","og_title":"Bildung - Berlin Digital Art","og_description":"Bildung macht Spa\u00df! Als dreifacher Vater und Ingenieur ist es mir ein Herzensanliegen, Kindern das Lernen einfacher und spannender zu machen. Deshalb habe ich eine wachsende Sammlung kostenloser \u00dcbungen entwickelt, die klar strukturiert, praxisnah und mit Liebe zum Detail gestaltet sind. Mein Ziel? Sch\u00fclern gezielt beim Verstehen und Vertiefen von Unterrichtsinhalten zu helfen \u2013 und Eltern wie dir wertvolle Unterst\u00fctzung zu bieten. Schau regelm\u00e4\u00dfig vorbei, denn hier gibt\u2019s immer neue Inhalte! Addition von 0-10 2. Klasse &#8211; Zahlen von 0-100","og_url":"https:\/\/berlindigitalart.com\/en\/education\/","og_site_name":"Berlin Digital Art","article_modified_time":"2025-01-07T20:48:21+00:00","og_image":[{"url":"https:\/\/berlindigitalart.com\/wp-content\/uploads\/2025\/01\/Addition-0-10-10-Pages_COVER-450x620.png","type":"","width":"","height":""}],"twitter_card":"summary_large_image","schema":{"@context":"https:\/\/schema.org","@graph":[{"@type":"WebPage","@id":"https:\/\/berlindigitalart.com\/en\/education\/","url":"https:\/\/berlindigitalart.com\/en\/education\/","name":"Bildung - Berlin Digital Art","isPartOf":{"@id":"https:\/\/berlindigitalart.com\/#website"},"primaryImageOfPage":{"@id":"https:\/\/berlindigitalart.com\/en\/education\/#primaryimage"},"image":{"@id":"https:\/\/berlindigitalart.com\/en\/education\/#primaryimage"},"thumbnailUrl":"https:\/\/berlindigitalart.com\/wp-content\/uploads\/2025\/01\/Addition-0-10-10-Pages_COVER-450x620.png","datePublished":"2025-01-07T20:24:25+00:00","dateModified":"2025-01-07T20:48:21+00:00","breadcrumb":{"@id":"https:\/\/berlindigitalart.com\/en\/education\/#breadcrumb"},"inLanguage":"en-US","potentialAction":[{"@type":"ReadAction","target":["https:\/\/berlindigitalart.com\/en\/education\/"]}]},{"@type":"ImageObject","inLanguage":"en-US","@id":"https:\/\/berlindigitalart.com\/en\/education\/#primaryimage","url":"https:\/\/berlindigitalart.com\/wp-content\/uploads\/2025\/01\/Addition-0-10-10-Pages_COVER-450x620.png","contentUrl":"https:\/\/berlindigitalart.com\/wp-content\/uploads\/2025\/01\/Addition-0-10-10-Pages_COVER-450x620.png"},{"@type":"BreadcrumbList","@id":"https:\/\/berlindigitalart.com\/en\/education\/#breadcrumb","itemListElement":[{"@type":"ListItem","position":1,"name":"Home","item":"https:\/\/berlindigitalart.com\/"},{"@type":"ListItem","position":2,"name":"Bildung"}]},{"@type":"WebSite","@id":"https:\/\/berlindigitalart.com\/#website","url":"https:\/\/berlindigitalart.com\/","name":"Berlin Digital Art","description":"Spielend Lernen","publisher":{"@id":"https:\/\/berlindigitalart.com\/#organization"},"potentialAction":[{"@type":"SearchAction","target":{"@type":"EntryPoint","urlTemplate":"https:\/\/berlindigitalart.com\/?s={search_term_string}"},"query-input":{"@type":"PropertyValueSpecification","valueRequired":true,"valueName":"search_term_string"}}],"inLanguage":"en-US"},{"@type":"Organization","@id":"https:\/\/berlindigitalart.com\/#organization","name":"Berlin Digital Art","url":"https:\/\/berlindigitalart.com\/","logo":{"@type":"ImageObject","inLanguage":"en-US","@id":"https:\/\/berlindigitalart.com\/#\/schema\/logo\/image\/","url":"https:\/\/berlindigitalart.com\/wp-content\/uploads\/2024\/12\/Logo_BerlinDigitalArt.png","contentUrl":"https:\/\/berlindigitalart.com\/wp-content\/uploads\/2024\/12\/Logo_BerlinDigitalArt.png","width":1563,"height":1563,"caption":"Berlin Digital Art"},"image":{"@id":"https:\/\/berlindigitalart.com\/#\/schema\/logo\/image\/"},"sameAs":["https:\/\/www.instagram.com\/berlin_digital_art\/"]}]}},"acf":[],"_links":{"self":[{"href":"https:\/\/berlindigitalart.com\/en\/wp-json\/wp\/v2\/pages\/893","targetHints":{"allow":["GET"]}}],"collection":[{"href":"https:\/\/berlindigitalart.com\/en\/wp-json\/wp\/v2\/pages"}],"about":[{"href":"https:\/\/berlindigitalart.com\/en\/wp-json\/wp\/v2\/types\/page"}],"author":[{"embeddable":true,"href":"https:\/\/berlindigitalart.com\/en\/wp-json\/wp\/v2\/users\/1"}],"replies":[{"embeddable":true,"href":"https:\/\/berlindigitalart.com\/en\/wp-json\/wp\/v2\/comments?post=893"}],"version-history":[{"count":11,"href":"https:\/\/berlindigitalart.com\/en\/wp-json\/wp\/v2\/pages\/893\/revisions"}],"predecessor-version":[{"id":916,"href":"https:\/\/berlindigitalart.com\/en\/wp-json\/wp\/v2\/pages\/893\/revisions\/916"}],"wp:attachment":[{"href":"https:\/\/berlindigitalart.com\/en\/wp-json\/wp\/v2\/media?parent=893"}],"curies":[{"name":"wp","href":"https:\/\/api.w.org\/{rel}","templated":true}]}}