{"id":583,"date":"2024-12-19T11:15:56","date_gmt":"2024-12-19T10:15:56","guid":{"rendered":"https:\/\/berlindigitalart.com\/?page_id=583"},"modified":"2024-12-19T11:18:05","modified_gmt":"2024-12-19T10:18:05","slug":"termsconditions","status":"publish","type":"page","link":"https:\/\/berlindigitalart.com\/en\/termsconditions\/","title":{"rendered":"AGBs"},"content":{"rendered":"<h2>Terms and Conditions<\/h2>\n<p><strong>Use of our coloring pages<\/strong><br \/>Our coloring pages, children's puzzles and children's Sudokus can be used free of charge for private use. Parents, grandparents, teachers and educators in kindergartens, after-school care centers, children's groups and daycare centers as well as teachers for lessons in schools may download and print out the templates as often as they like. However, redistribution of the files or images on your own or third-party websites is not permitted. However, you are welcome to insert a link to our website on your page. We provide you with free graphics, advertising banners and buttons for this purpose.<\/p>\n<p>Printing and saving the templates is at your own risk. Further information on the commercial use of our coloring pages can be found here.<\/p>\n<hr \/>\n<p><strong>Commercial use<\/strong><br \/>If you would like to use our coloring pages, coloring pictures, children's puzzles or Sudoku in printed materials such as brochures, magazines, menus or for commercial use by your agency, please contact us by e-mail.<br \/>E-Mail: info@berlindigitalart.com<\/p>\n<hr \/>\n<p><strong>Liability for content<\/strong><br \/>As a service provider, we are responsible for our own content on this website in accordance with Section 7 (1) TMG. However, according to Sections 8 to 10 TMG, we are not obliged to monitor transmitted or stored third-party information or to search for unlawful activities. Our responsibility to remove or block the use of information remains unaffected by this. Liability for content is only possible from the time we become aware of a specific infringement. As soon as we become aware of legal violations, we will remove this content immediately.<\/p>\n<hr \/>\n<p><strong>Liability for links<\/strong><br \/>Our website contains links to external third-party websites over whose content we have no influence. We therefore accept no liability for this third-party content. The respective providers or operators are always responsible for the content of the linked pages. The linked pages were checked for possible legal violations at the time of linking. No illegal content was recognizable at that time. However, permanent monitoring of the content of the linked pages without concrete evidence of an infringement is not reasonable. If we become aware of any legal infringements, we will remove such links immediately.<\/p>\n<hr \/>\n<p><strong>Copyright<\/strong><br \/>The content and works on this website that were created by the operator are subject to German copyright law. Insofar as content from third parties is used on this site, the copyrights of these third parties are respected and the sources are indicated accordingly. Should you become aware of a copyright infringement, please notify us. If we become aware of any legal infringements, we will remove this content immediately.<\/p>\n<p>The images on this website are either the property of the website operator or have been used with the permission of the copyright holder.<\/p>","protected":false},"excerpt":{"rendered":"<p>Allgemeine Gesch\u00e4ftsbedingungen Nutzung unserer MalvorlagenUnsere Malvorlagen, Kinderr\u00e4tsel und Kinder-Sudokus k\u00f6nnen im privaten Bereich kostenlos genutzt werden. Eltern, Gro\u00dfeltern, P\u00e4dagogen und Erzieher in Kinderg\u00e4rten, Horten, Kindergruppen und Kitas sowie Lehrer f\u00fcr den Unterricht in Schulen d\u00fcrfen die Vorlagen beliebig oft herunterladen und ausdrucken. Eine Weiterverbreitung der Dateien oder Bilder auf eigenen oder fremden Webseiten ist jedoch nicht gestattet. Gerne k\u00f6nnen Sie jedoch einen Link zu unserer Website auf Ihrer Seite einf\u00fcgen. Hierf\u00fcr stellen wir Ihnen kostenlose Grafiken, Werbebanner und Buttons zur Verf\u00fcgung. Das Drucken und Speichern der Vorlagen erfolgt auf eigene Verantwortung. Weitere Informationen zur kommerziellen Nutzung unserer Malvorlagen finden Sie hier. Kommerzielle oder gewerbliche NutzungWenn Sie unsere Malvorlagen, Ausmalbilder, Kinderr\u00e4tsel oder Sudoku in gedruckten Materialien wie Brosch\u00fcren, Magazinen, Speisekarten oder f\u00fcr die gewerbliche Nutzung durch Ihre Agentur verwenden m\u00f6chten, kontaktieren Sie uns bitte per E-Mail.E-Mail: info@berlindigitalart.com Haftung f\u00fcr InhalteAls Anbieter von Diensten sind wir gem\u00e4\u00df \u00a7 7 Abs. 1 TMG f\u00fcr eigene Inhalte auf dieser Website verantwortlich. Nach den \u00a7\u00a7 8 bis 10 TMG sind wir jedoch nicht verpflichtet, \u00fcbermittelte oder gespeicherte fremde Informationen zu \u00fcberwachen oder nach rechtwidrigen Aktivit\u00e4ten zu suchen. Unsere Verantwortung zur Entfernung oder Sperrung der Nutzung von Informationen bleibt hiervon unber\u00fchrt. Eine Haftung f\u00fcr Inhalte ist erst ab dem Zeitpunkt der Kenntnis einer konkreten Rechtsverletzung m\u00f6glich. Sobald uns Rechtsverletzungen bekannt werden, entfernen wir diese Inhalte umgehend. Haftung f\u00fcr LinksUnser Angebot enth\u00e4lt Links zu externen Webseiten Dritter, auf deren Inhalte wir keinen Einfluss haben. Deshalb \u00fcbernehmen wir keine Haftung f\u00fcr diese fremden Inhalte. F\u00fcr die Inhalte der verlinkten Seiten sind stets die jeweiligen Anbieter oder Betreiber verantwortlich. Die verlinkten Seiten wurden zum Zeitpunkt der Verlinkung auf m\u00f6gliche Rechtsverst\u00f6\u00dfe \u00fcberpr\u00fcft. Rechtswidrige Inhalte waren zu diesem Zeitpunkt nicht erkennbar. Eine permanente inhaltliche Kontrolle der verlinkten Seiten ohne konkrete Anhaltspunkte einer Rechtsverletzung ist jedoch nicht zumutbar. Bei Bekanntwerden von Rechtsverletzungen entfernen wir solche Links umgehend. UrheberrechtDie Inhalte und Werke auf dieser Website, die vom Betreiber erstellt wurden, unterliegen dem deutschen Urheberrecht. Soweit auf dieser Seite Inhalte von Dritten verwendet werden, werden die Urheberrechte dieser Dritten beachtet und die Quellen entsprechend angegeben. Sollten Sie auf eine Urheberrechtsverletzung aufmerksam werden, bitten wir um einen Hinweis. Bei Bekanntwerden von Rechtsverletzungen werden wir diese Inhalte umgehend entfernen. Die Bilder auf dieser Website sind entweder Eigentum des Webseitenbetreibers oder wurden mit Genehmigung der Rechteinhaber verwendet.<\/p>","protected":false},"author":1,"featured_media":0,"parent":0,"menu_order":0,"comment_status":"closed","ping_status":"closed","template":"","meta":{"footnotes":""},"class_list":["post-583","page","type-page","status-publish","hentry"],"yoast_head":"<!-- This site is optimized with the Yoast SEO plugin v27.3 - https:\/\/yoast.com\/product\/yoast-seo-wordpress\/ -->\n<title>AGBs - Berlin Digital Art<\/title>\n<meta name=\"robots\" content=\"index, follow, max-snippet:-1, max-image-preview:large, max-video-preview:-1\" \/>\n<link rel=\"canonical\" href=\"https:\/\/berlindigitalart.com\/en\/termsconditions\/\" \/>\n<meta property=\"og:locale\" content=\"en_US\" \/>\n<meta property=\"og:type\" content=\"article\" \/>\n<meta property=\"og:title\" content=\"AGBs - Berlin Digital Art\" \/>\n<meta property=\"og:description\" content=\"Allgemeine Gesch\u00e4ftsbedingungen Nutzung unserer MalvorlagenUnsere Malvorlagen, Kinderr\u00e4tsel und Kinder-Sudokus k\u00f6nnen im privaten Bereich kostenlos genutzt werden. Eltern, Gro\u00dfeltern, P\u00e4dagogen und Erzieher in Kinderg\u00e4rten, Horten, Kindergruppen und Kitas sowie Lehrer f\u00fcr den Unterricht in Schulen d\u00fcrfen die Vorlagen beliebig oft herunterladen und ausdrucken. Eine Weiterverbreitung der Dateien oder Bilder auf eigenen oder fremden Webseiten ist jedoch nicht gestattet. Gerne k\u00f6nnen Sie jedoch einen Link zu unserer Website auf Ihrer Seite einf\u00fcgen. Hierf\u00fcr stellen wir Ihnen kostenlose Grafiken, Werbebanner und Buttons zur Verf\u00fcgung. Das Drucken und Speichern der Vorlagen erfolgt auf eigene Verantwortung. Weitere Informationen zur kommerziellen Nutzung unserer Malvorlagen finden Sie hier. Kommerzielle oder gewerbliche NutzungWenn Sie unsere Malvorlagen, Ausmalbilder, Kinderr\u00e4tsel oder Sudoku in gedruckten Materialien wie Brosch\u00fcren, Magazinen, Speisekarten oder f\u00fcr die gewerbliche Nutzung durch Ihre Agentur verwenden m\u00f6chten, kontaktieren Sie uns bitte per E-Mail.E-Mail: info@berlindigitalart.com Haftung f\u00fcr InhalteAls Anbieter von Diensten sind wir gem\u00e4\u00df \u00a7 7 Abs. 1 TMG f\u00fcr eigene Inhalte auf dieser Website verantwortlich. Nach den \u00a7\u00a7 8 bis 10 TMG sind wir jedoch nicht verpflichtet, \u00fcbermittelte oder gespeicherte fremde Informationen zu \u00fcberwachen oder nach rechtwidrigen Aktivit\u00e4ten zu suchen. Unsere Verantwortung zur Entfernung oder Sperrung der Nutzung von Informationen bleibt hiervon unber\u00fchrt. Eine Haftung f\u00fcr Inhalte ist erst ab dem Zeitpunkt der Kenntnis einer konkreten Rechtsverletzung m\u00f6glich. Sobald uns Rechtsverletzungen bekannt werden, entfernen wir diese Inhalte umgehend. Haftung f\u00fcr LinksUnser Angebot enth\u00e4lt Links zu externen Webseiten Dritter, auf deren Inhalte wir keinen Einfluss haben. Deshalb \u00fcbernehmen wir keine Haftung f\u00fcr diese fremden Inhalte. F\u00fcr die Inhalte der verlinkten Seiten sind stets die jeweiligen Anbieter oder Betreiber verantwortlich. Die verlinkten Seiten wurden zum Zeitpunkt der Verlinkung auf m\u00f6gliche Rechtsverst\u00f6\u00dfe \u00fcberpr\u00fcft. Rechtswidrige Inhalte waren zu diesem Zeitpunkt nicht erkennbar. Eine permanente inhaltliche Kontrolle der verlinkten Seiten ohne konkrete Anhaltspunkte einer Rechtsverletzung ist jedoch nicht zumutbar. Bei Bekanntwerden von Rechtsverletzungen entfernen wir solche Links umgehend. UrheberrechtDie Inhalte und Werke auf dieser Website, die vom Betreiber erstellt wurden, unterliegen dem deutschen Urheberrecht. Soweit auf dieser Seite Inhalte von Dritten verwendet werden, werden die Urheberrechte dieser Dritten beachtet und die Quellen entsprechend angegeben. Sollten Sie auf eine Urheberrechtsverletzung aufmerksam werden, bitten wir um einen Hinweis. Bei Bekanntwerden von Rechtsverletzungen werden wir diese Inhalte umgehend entfernen. Die Bilder auf dieser Website sind entweder Eigentum des Webseitenbetreibers oder wurden mit Genehmigung der Rechteinhaber verwendet.\" \/>\n<meta property=\"og:url\" content=\"https:\/\/berlindigitalart.com\/en\/termsconditions\/\" \/>\n<meta property=\"og:site_name\" content=\"Berlin Digital Art\" \/>\n<meta property=\"article:modified_time\" content=\"2024-12-19T10:18:05+00:00\" \/>\n<meta name=\"twitter:card\" content=\"summary_large_image\" \/>\n<meta name=\"twitter:label1\" content=\"Est. reading time\" \/>\n\t<meta name=\"twitter:data1\" content=\"2 minutes\" \/>\n<script type=\"application\/ld+json\" class=\"yoast-schema-graph\">{\"@context\":\"https:\\\/\\\/schema.org\",\"@graph\":[{\"@type\":\"WebPage\",\"@id\":\"https:\\\/\\\/berlindigitalart.com\\\/termsconditions\\\/\",\"url\":\"https:\\\/\\\/berlindigitalart.com\\\/termsconditions\\\/\",\"name\":\"AGBs - Berlin Digital Art\",\"isPartOf\":{\"@id\":\"https:\\\/\\\/berlindigitalart.com\\\/#website\"},\"datePublished\":\"2024-12-19T10:15:56+00:00\",\"dateModified\":\"2024-12-19T10:18:05+00:00\",\"breadcrumb\":{\"@id\":\"https:\\\/\\\/berlindigitalart.com\\\/termsconditions\\\/#breadcrumb\"},\"inLanguage\":\"en-US\",\"potentialAction\":[{\"@type\":\"ReadAction\",\"target\":[\"https:\\\/\\\/berlindigitalart.com\\\/termsconditions\\\/\"]}]},{\"@type\":\"BreadcrumbList\",\"@id\":\"https:\\\/\\\/berlindigitalart.com\\\/termsconditions\\\/#breadcrumb\",\"itemListElement\":[{\"@type\":\"ListItem\",\"position\":1,\"name\":\"Home\",\"item\":\"https:\\\/\\\/berlindigitalart.com\\\/\"},{\"@type\":\"ListItem\",\"position\":2,\"name\":\"AGBs\"}]},{\"@type\":\"WebSite\",\"@id\":\"https:\\\/\\\/berlindigitalart.com\\\/#website\",\"url\":\"https:\\\/\\\/berlindigitalart.com\\\/\",\"name\":\"Berlin Digital Art\",\"description\":\"Spielend Lernen\",\"publisher\":{\"@id\":\"https:\\\/\\\/berlindigitalart.com\\\/#organization\"},\"potentialAction\":[{\"@type\":\"SearchAction\",\"target\":{\"@type\":\"EntryPoint\",\"urlTemplate\":\"https:\\\/\\\/berlindigitalart.com\\\/?s={search_term_string}\"},\"query-input\":{\"@type\":\"PropertyValueSpecification\",\"valueRequired\":true,\"valueName\":\"search_term_string\"}}],\"inLanguage\":\"en-US\"},{\"@type\":\"Organization\",\"@id\":\"https:\\\/\\\/berlindigitalart.com\\\/#organization\",\"name\":\"Berlin Digital Art\",\"url\":\"https:\\\/\\\/berlindigitalart.com\\\/\",\"logo\":{\"@type\":\"ImageObject\",\"inLanguage\":\"en-US\",\"@id\":\"https:\\\/\\\/berlindigitalart.com\\\/#\\\/schema\\\/logo\\\/image\\\/\",\"url\":\"https:\\\/\\\/berlindigitalart.com\\\/wp-content\\\/uploads\\\/2024\\\/12\\\/Logo_BerlinDigitalArt.png\",\"contentUrl\":\"https:\\\/\\\/berlindigitalart.com\\\/wp-content\\\/uploads\\\/2024\\\/12\\\/Logo_BerlinDigitalArt.png\",\"width\":1563,\"height\":1563,\"caption\":\"Berlin Digital Art\"},\"image\":{\"@id\":\"https:\\\/\\\/berlindigitalart.com\\\/#\\\/schema\\\/logo\\\/image\\\/\"},\"sameAs\":[\"https:\\\/\\\/www.instagram.com\\\/berlin_digital_art\\\/\"]}]}<\/script>\n<!-- \/ Yoast SEO plugin. -->","yoast_head_json":{"title":"AGBs - Berlin Digital Art","robots":{"index":"index","follow":"follow","max-snippet":"max-snippet:-1","max-image-preview":"max-image-preview:large","max-video-preview":"max-video-preview:-1"},"canonical":"https:\/\/berlindigitalart.com\/en\/termsconditions\/","og_locale":"en_US","og_type":"article","og_title":"AGBs - Berlin Digital Art","og_description":"Allgemeine Gesch\u00e4ftsbedingungen Nutzung unserer MalvorlagenUnsere Malvorlagen, Kinderr\u00e4tsel und Kinder-Sudokus k\u00f6nnen im privaten Bereich kostenlos genutzt werden. Eltern, Gro\u00dfeltern, P\u00e4dagogen und Erzieher in Kinderg\u00e4rten, Horten, Kindergruppen und Kitas sowie Lehrer f\u00fcr den Unterricht in Schulen d\u00fcrfen die Vorlagen beliebig oft herunterladen und ausdrucken. Eine Weiterverbreitung der Dateien oder Bilder auf eigenen oder fremden Webseiten ist jedoch nicht gestattet. Gerne k\u00f6nnen Sie jedoch einen Link zu unserer Website auf Ihrer Seite einf\u00fcgen. Hierf\u00fcr stellen wir Ihnen kostenlose Grafiken, Werbebanner und Buttons zur Verf\u00fcgung. Das Drucken und Speichern der Vorlagen erfolgt auf eigene Verantwortung. Weitere Informationen zur kommerziellen Nutzung unserer Malvorlagen finden Sie hier. Kommerzielle oder gewerbliche NutzungWenn Sie unsere Malvorlagen, Ausmalbilder, Kinderr\u00e4tsel oder Sudoku in gedruckten Materialien wie Brosch\u00fcren, Magazinen, Speisekarten oder f\u00fcr die gewerbliche Nutzung durch Ihre Agentur verwenden m\u00f6chten, kontaktieren Sie uns bitte per E-Mail.E-Mail: info@berlindigitalart.com Haftung f\u00fcr InhalteAls Anbieter von Diensten sind wir gem\u00e4\u00df \u00a7 7 Abs. 1 TMG f\u00fcr eigene Inhalte auf dieser Website verantwortlich. Nach den \u00a7\u00a7 8 bis 10 TMG sind wir jedoch nicht verpflichtet, \u00fcbermittelte oder gespeicherte fremde Informationen zu \u00fcberwachen oder nach rechtwidrigen Aktivit\u00e4ten zu suchen. Unsere Verantwortung zur Entfernung oder Sperrung der Nutzung von Informationen bleibt hiervon unber\u00fchrt. Eine Haftung f\u00fcr Inhalte ist erst ab dem Zeitpunkt der Kenntnis einer konkreten Rechtsverletzung m\u00f6glich. Sobald uns Rechtsverletzungen bekannt werden, entfernen wir diese Inhalte umgehend. Haftung f\u00fcr LinksUnser Angebot enth\u00e4lt Links zu externen Webseiten Dritter, auf deren Inhalte wir keinen Einfluss haben. Deshalb \u00fcbernehmen wir keine Haftung f\u00fcr diese fremden Inhalte. F\u00fcr die Inhalte der verlinkten Seiten sind stets die jeweiligen Anbieter oder Betreiber verantwortlich. Die verlinkten Seiten wurden zum Zeitpunkt der Verlinkung auf m\u00f6gliche Rechtsverst\u00f6\u00dfe \u00fcberpr\u00fcft. Rechtswidrige Inhalte waren zu diesem Zeitpunkt nicht erkennbar. Eine permanente inhaltliche Kontrolle der verlinkten Seiten ohne konkrete Anhaltspunkte einer Rechtsverletzung ist jedoch nicht zumutbar. Bei Bekanntwerden von Rechtsverletzungen entfernen wir solche Links umgehend. UrheberrechtDie Inhalte und Werke auf dieser Website, die vom Betreiber erstellt wurden, unterliegen dem deutschen Urheberrecht. Soweit auf dieser Seite Inhalte von Dritten verwendet werden, werden die Urheberrechte dieser Dritten beachtet und die Quellen entsprechend angegeben. Sollten Sie auf eine Urheberrechtsverletzung aufmerksam werden, bitten wir um einen Hinweis. Bei Bekanntwerden von Rechtsverletzungen werden wir diese Inhalte umgehend entfernen. Die Bilder auf dieser Website sind entweder Eigentum des Webseitenbetreibers oder wurden mit Genehmigung der Rechteinhaber verwendet.","og_url":"https:\/\/berlindigitalart.com\/en\/termsconditions\/","og_site_name":"Berlin Digital Art","article_modified_time":"2024-12-19T10:18:05+00:00","twitter_card":"summary_large_image","twitter_misc":{"Est. reading time":"2 minutes"},"schema":{"@context":"https:\/\/schema.org","@graph":[{"@type":"WebPage","@id":"https:\/\/berlindigitalart.com\/termsconditions\/","url":"https:\/\/berlindigitalart.com\/termsconditions\/","name":"AGBs - Berlin Digital Art","isPartOf":{"@id":"https:\/\/berlindigitalart.com\/#website"},"datePublished":"2024-12-19T10:15:56+00:00","dateModified":"2024-12-19T10:18:05+00:00","breadcrumb":{"@id":"https:\/\/berlindigitalart.com\/termsconditions\/#breadcrumb"},"inLanguage":"en-US","potentialAction":[{"@type":"ReadAction","target":["https:\/\/berlindigitalart.com\/termsconditions\/"]}]},{"@type":"BreadcrumbList","@id":"https:\/\/berlindigitalart.com\/termsconditions\/#breadcrumb","itemListElement":[{"@type":"ListItem","position":1,"name":"Home","item":"https:\/\/berlindigitalart.com\/"},{"@type":"ListItem","position":2,"name":"AGBs"}]},{"@type":"WebSite","@id":"https:\/\/berlindigitalart.com\/#website","url":"https:\/\/berlindigitalart.com\/","name":"Berlin Digital Art","description":"Spielend Lernen","publisher":{"@id":"https:\/\/berlindigitalart.com\/#organization"},"potentialAction":[{"@type":"SearchAction","target":{"@type":"EntryPoint","urlTemplate":"https:\/\/berlindigitalart.com\/?s={search_term_string}"},"query-input":{"@type":"PropertyValueSpecification","valueRequired":true,"valueName":"search_term_string"}}],"inLanguage":"en-US"},{"@type":"Organization","@id":"https:\/\/berlindigitalart.com\/#organization","name":"Berlin Digital Art","url":"https:\/\/berlindigitalart.com\/","logo":{"@type":"ImageObject","inLanguage":"en-US","@id":"https:\/\/berlindigitalart.com\/#\/schema\/logo\/image\/","url":"https:\/\/berlindigitalart.com\/wp-content\/uploads\/2024\/12\/Logo_BerlinDigitalArt.png","contentUrl":"https:\/\/berlindigitalart.com\/wp-content\/uploads\/2024\/12\/Logo_BerlinDigitalArt.png","width":1563,"height":1563,"caption":"Berlin Digital Art"},"image":{"@id":"https:\/\/berlindigitalart.com\/#\/schema\/logo\/image\/"},"sameAs":["https:\/\/www.instagram.com\/berlin_digital_art\/"]}]}},"acf":[],"_links":{"self":[{"href":"https:\/\/berlindigitalart.com\/en\/wp-json\/wp\/v2\/pages\/583","targetHints":{"allow":["GET"]}}],"collection":[{"href":"https:\/\/berlindigitalart.com\/en\/wp-json\/wp\/v2\/pages"}],"about":[{"href":"https:\/\/berlindigitalart.com\/en\/wp-json\/wp\/v2\/types\/page"}],"author":[{"embeddable":true,"href":"https:\/\/berlindigitalart.com\/en\/wp-json\/wp\/v2\/users\/1"}],"replies":[{"embeddable":true,"href":"https:\/\/berlindigitalart.com\/en\/wp-json\/wp\/v2\/comments?post=583"}],"version-history":[{"count":5,"href":"https:\/\/berlindigitalart.com\/en\/wp-json\/wp\/v2\/pages\/583\/revisions"}],"predecessor-version":[{"id":588,"href":"https:\/\/berlindigitalart.com\/en\/wp-json\/wp\/v2\/pages\/583\/revisions\/588"}],"wp:attachment":[{"href":"https:\/\/berlindigitalart.com\/en\/wp-json\/wp\/v2\/media?parent=583"}],"curies":[{"name":"wp","href":"https:\/\/api.w.org\/{rel}","templated":true}]}}