{"id":180,"date":"2024-12-14T16:42:58","date_gmt":"2024-12-14T15:42:58","guid":{"rendered":"https:\/\/berlindigitalart.com\/?page_id=180"},"modified":"2025-01-02T23:59:43","modified_gmt":"2025-01-02T22:59:43","slug":"coloring","status":"publish","type":"page","link":"https:\/\/berlindigitalart.com\/en\/coloring\/","title":{"rendered":"Coloring Pages"},"content":{"rendered":"<div data-elementor-type=\"wp-page\" data-elementor-id=\"180\" class=\"elementor elementor-180\" data-elementor-post-type=\"page\">\n\t\t\t\t<div class=\"elementor-element elementor-element-631a830 e-flex e-con-boxed wpr-particle-no wpr-jarallax-no wpr-parallax-no wpr-sticky-section-no e-con e-parent\" data-id=\"631a830\" data-element_type=\"container\" data-e-type=\"container\">\n\t\t\t\t\t<div class=\"e-con-inner\">\n\t\t\t\t<div class=\"elementor-element elementor-element-784a6c8 elementor-widget elementor-widget-heading\" data-id=\"784a6c8\" data-element_type=\"widget\" data-e-type=\"widget\" data-widget_type=\"heading.default\">\n\t\t\t\t<div class=\"elementor-widget-container\">\n\t\t\t\t\t<h2 class=\"elementor-heading-title elementor-size-default\">Discover our free coloring pages for children and adults!\n<\/h2>\t\t\t\t<\/div>\n\t\t\t\t<\/div>\n\t\t\t\t\t<\/div>\n\t\t\t\t<\/div>\n\t\t<div class=\"elementor-element elementor-element-d4c5228 e-flex e-con-boxed wpr-particle-no wpr-jarallax-no wpr-parallax-no wpr-sticky-section-no e-con e-parent\" data-id=\"d4c5228\" data-element_type=\"container\" data-e-type=\"container\">\n\t\t\t\t\t<div class=\"e-con-inner\">\n\t\t\t\t<div class=\"elementor-element elementor-element-59564dc elementor-widget elementor-widget-text-editor\" data-id=\"59564dc\" data-element_type=\"widget\" data-e-type=\"widget\" data-widget_type=\"text-editor.default\">\n\t\t\t\t<div class=\"elementor-widget-container\">\n\t\t\t\t\t\t\t\t\t<p>Dive into the colorful world of creativity with our free coloring pages - perfect for all ages. Whether for relaxing hours as an adult or exciting coloring adventures for children, you'll find a huge selection of motifs here: from cool cars and ships to magical unicorns and much more. Our coloring pages are free to download and encourage imagination, concentration and relaxation. Let your creativity run wild - start now and find your favorite motifs to colour in!<\/p>\t\t\t\t\t\t\t\t<\/div>\n\t\t\t\t<\/div>\n\t\t\t\t\t<\/div>\n\t\t\t\t<\/div>\n\t\t<div class=\"elementor-element elementor-element-5bcdbf1 e-grid e-con-boxed wpr-particle-no wpr-jarallax-no wpr-parallax-no wpr-sticky-section-no e-con e-parent\" data-id=\"5bcdbf1\" data-element_type=\"container\" data-e-type=\"container\">\n\t\t\t\t\t<div class=\"e-con-inner\">\n\t\t\t\t<div class=\"elementor-element elementor-element-1180ca4 elementor-widget elementor-widget-image\" data-id=\"1180ca4\" data-element_type=\"widget\" data-e-type=\"widget\" data-widget_type=\"image.default\">\n\t\t\t\t<div class=\"elementor-widget-container\">\n\t\t\t\t\t\t\t\t\t\t\t\t<figure class=\"wp-caption\">\n\t\t\t\t\t\t\t\t\t\t\t<a href=\"https:\/\/berlindigitalart.com\/en\/unicorns\/\">\n\t\t\t\t\t\t\t<img fetchpriority=\"high\" decoding=\"async\" width=\"450\" height=\"620\" src=\"https:\/\/berlindigitalart.com\/wp-content\/uploads\/2024\/12\/BerlinDigitalArt_Magic_Unicorns_1-450x620.jpg\" class=\"attachment-bard-grid-thumbnail size-bard-grid-thumbnail wp-image-301 not-transparent\" alt=\"Unicorns Cover Image\" data-has-transparency=\"false\" data-dominant-color=\"c0c3c2\" style=\"--dominant-color: #c0c3c2\" \/>\t\t\t\t\t\t\t\t<\/a>\n\t\t\t\t\t\t\t\t\t\t\t<figcaption class=\"widget-image-caption wp-caption-text\">Magic Unicorns<\/figcaption>\n\t\t\t\t\t\t\t\t\t\t<\/figure>\n\t\t\t\t\t\t\t\t\t<\/div>\n\t\t\t\t<\/div>\n\t\t\t\t<div class=\"elementor-element elementor-element-d754701 elementor-widget elementor-widget-image\" data-id=\"d754701\" data-element_type=\"widget\" data-e-type=\"widget\" data-widget_type=\"image.default\">\n\t\t\t\t<div class=\"elementor-widget-container\">\n\t\t\t\t\t\t\t\t\t\t\t\t<figure class=\"wp-caption\">\n\t\t\t\t\t\t\t\t\t\t\t<a href=\"https:\/\/berlindigitalart.com\/en\/coole-super-autos\/\">\n\t\t\t\t\t\t\t<img decoding=\"async\" width=\"450\" height=\"620\" src=\"https:\/\/berlindigitalart.com\/wp-content\/uploads\/2024\/12\/BerlinDigitalArt_Cool_Cars_1-450x620.jpg\" class=\"attachment-bard-grid-thumbnail size-bard-grid-thumbnail wp-image-353 not-transparent\" alt=\"Cool Cars Cover Image\" data-has-transparency=\"false\" data-dominant-color=\"909172\" style=\"--dominant-color: #909172\" \/>\t\t\t\t\t\t\t\t<\/a>\n\t\t\t\t\t\t\t\t\t\t\t<figcaption class=\"widget-image-caption wp-caption-text\">Cool Super Cars<\/figcaption>\n\t\t\t\t\t\t\t\t\t\t<\/figure>\n\t\t\t\t\t\t\t\t\t<\/div>\n\t\t\t\t<\/div>\n\t\t\t\t<div class=\"elementor-element elementor-element-c992bde elementor-widget elementor-widget-image\" data-id=\"c992bde\" data-element_type=\"widget\" data-e-type=\"widget\" data-widget_type=\"image.default\">\n\t\t\t\t<div class=\"elementor-widget-container\">\n\t\t\t\t\t\t\t\t\t\t\t\t<figure class=\"wp-caption\">\n\t\t\t\t\t\t\t\t\t\t\t<a href=\"https:\/\/berlindigitalart.com\/en\/boote-strand-und-urlaub\/\">\n\t\t\t\t\t\t\t<img decoding=\"async\" width=\"450\" height=\"620\" src=\"https:\/\/berlindigitalart.com\/wp-content\/uploads\/2024\/12\/BerlinDigitalArt_Vacation_Beach_Boats_1-450x620.jpg\" class=\"attachment-bard-grid-thumbnail size-bard-grid-thumbnail wp-image-408 not-transparent\" alt=\"Vacation Coloring Cover\" data-has-transparency=\"false\" data-dominant-color=\"8abfc6\" style=\"--dominant-color: #8abfc6\" \/>\t\t\t\t\t\t\t\t<\/a>\n\t\t\t\t\t\t\t\t\t\t\t<figcaption class=\"widget-image-caption wp-caption-text\">Boats, Beach and Vacation<\/figcaption>\n\t\t\t\t\t\t\t\t\t\t<\/figure>\n\t\t\t\t\t\t\t\t\t<\/div>\n\t\t\t\t<\/div>\n\t\t\t\t\t<\/div>\n\t\t\t\t<\/div>\n\t\t\t\t<\/div>","protected":false},"excerpt":{"rendered":"<p>Entdecke unsere kostenlosen Malvorlagen f\u00fcr Kinder und Erwachsene! Tauche ein in die bunte Welt der Kreativit\u00e4t mit unseren gratis Malvorlagen \u2013 perfekt f\u00fcr alle Altersgruppen. Egal ob f\u00fcr entspannende Stunden als Erwachsener oder spannende Ausmalabenteuer f\u00fcr Kinder, hier findest du eine riesige Auswahl an Motiven: von coolen Autos und Schiffen \u00fcber magische Einh\u00f6rner und vieles mehr. Unsere Malvorlagen stehen kostenlos zum Download bereit und f\u00f6rdern Fantasie, Konzentration und Entspannung. Lass deiner Kreativit\u00e4t freien Lauf \u2013 starte jetzt und finde deine Lieblingsmotive zum Ausmalen! Magische Einh\u00f6rner Coole Super Autos Boote, Strand und Urlaub<\/p>","protected":false},"author":1,"featured_media":0,"parent":0,"menu_order":0,"comment_status":"closed","ping_status":"closed","template":"","meta":{"footnotes":""},"class_list":["post-180","page","type-page","status-publish","hentry"],"yoast_head":"<!-- This site is optimized with the Yoast SEO plugin v27.3 - https:\/\/yoast.com\/product\/yoast-seo-wordpress\/ -->\n<title>Malvorlagen - Berlin Digital Art<\/title>\n<meta name=\"robots\" content=\"index, follow, max-snippet:-1, max-image-preview:large, max-video-preview:-1\" \/>\n<link rel=\"canonical\" href=\"https:\/\/berlindigitalart.com\/en\/coloring\/\" \/>\n<meta property=\"og:locale\" content=\"en_US\" \/>\n<meta property=\"og:type\" content=\"article\" \/>\n<meta property=\"og:title\" content=\"Malvorlagen - Berlin Digital Art\" \/>\n<meta property=\"og:description\" content=\"Entdecke unsere kostenlosen Malvorlagen f\u00fcr Kinder und Erwachsene! Tauche ein in die bunte Welt der Kreativit\u00e4t mit unseren gratis Malvorlagen \u2013 perfekt f\u00fcr alle Altersgruppen. Egal ob f\u00fcr entspannende Stunden als Erwachsener oder spannende Ausmalabenteuer f\u00fcr Kinder, hier findest du eine riesige Auswahl an Motiven: von coolen Autos und Schiffen \u00fcber magische Einh\u00f6rner und vieles mehr. Unsere Malvorlagen stehen kostenlos zum Download bereit und f\u00f6rdern Fantasie, Konzentration und Entspannung. Lass deiner Kreativit\u00e4t freien Lauf \u2013 starte jetzt und finde deine Lieblingsmotive zum Ausmalen! Magische Einh\u00f6rner Coole Super Autos Boote, Strand und Urlaub\" \/>\n<meta property=\"og:url\" content=\"https:\/\/berlindigitalart.com\/en\/coloring\/\" \/>\n<meta property=\"og:site_name\" content=\"Berlin Digital Art\" \/>\n<meta property=\"article:modified_time\" content=\"2025-01-02T22:59:43+00:00\" \/>\n<meta property=\"og:image\" content=\"https:\/\/berlindigitalart.com\/wp-content\/uploads\/2024\/12\/BerlinDigitalArt_Magic_Unicorns_1-450x620.jpg\" \/>\n<meta name=\"twitter:card\" content=\"summary_large_image\" \/>\n<script type=\"application\/ld+json\" class=\"yoast-schema-graph\">{\"@context\":\"https:\\\/\\\/schema.org\",\"@graph\":[{\"@type\":\"WebPage\",\"@id\":\"https:\\\/\\\/berlindigitalart.com\\\/coloring\\\/\",\"url\":\"https:\\\/\\\/berlindigitalart.com\\\/coloring\\\/\",\"name\":\"Malvorlagen - Berlin Digital Art\",\"isPartOf\":{\"@id\":\"https:\\\/\\\/berlindigitalart.com\\\/#website\"},\"primaryImageOfPage\":{\"@id\":\"https:\\\/\\\/berlindigitalart.com\\\/coloring\\\/#primaryimage\"},\"image\":{\"@id\":\"https:\\\/\\\/berlindigitalart.com\\\/coloring\\\/#primaryimage\"},\"thumbnailUrl\":\"https:\\\/\\\/berlindigitalart.com\\\/wp-content\\\/uploads\\\/2024\\\/12\\\/BerlinDigitalArt_Magic_Unicorns_1-450x620.jpg\",\"datePublished\":\"2024-12-14T15:42:58+00:00\",\"dateModified\":\"2025-01-02T22:59:43+00:00\",\"breadcrumb\":{\"@id\":\"https:\\\/\\\/berlindigitalart.com\\\/coloring\\\/#breadcrumb\"},\"inLanguage\":\"en-US\",\"potentialAction\":[{\"@type\":\"ReadAction\",\"target\":[\"https:\\\/\\\/berlindigitalart.com\\\/coloring\\\/\"]}]},{\"@type\":\"ImageObject\",\"inLanguage\":\"en-US\",\"@id\":\"https:\\\/\\\/berlindigitalart.com\\\/coloring\\\/#primaryimage\",\"url\":\"https:\\\/\\\/berlindigitalart.com\\\/wp-content\\\/uploads\\\/2024\\\/12\\\/BerlinDigitalArt_Magic_Unicorns_1-450x620.jpg\",\"contentUrl\":\"https:\\\/\\\/berlindigitalart.com\\\/wp-content\\\/uploads\\\/2024\\\/12\\\/BerlinDigitalArt_Magic_Unicorns_1-450x620.jpg\"},{\"@type\":\"BreadcrumbList\",\"@id\":\"https:\\\/\\\/berlindigitalart.com\\\/coloring\\\/#breadcrumb\",\"itemListElement\":[{\"@type\":\"ListItem\",\"position\":1,\"name\":\"Home\",\"item\":\"https:\\\/\\\/berlindigitalart.com\\\/\"},{\"@type\":\"ListItem\",\"position\":2,\"name\":\"Malvorlagen\"}]},{\"@type\":\"WebSite\",\"@id\":\"https:\\\/\\\/berlindigitalart.com\\\/#website\",\"url\":\"https:\\\/\\\/berlindigitalart.com\\\/\",\"name\":\"Berlin Digital Art\",\"description\":\"Spielend Lernen\",\"publisher\":{\"@id\":\"https:\\\/\\\/berlindigitalart.com\\\/#organization\"},\"potentialAction\":[{\"@type\":\"SearchAction\",\"target\":{\"@type\":\"EntryPoint\",\"urlTemplate\":\"https:\\\/\\\/berlindigitalart.com\\\/?s={search_term_string}\"},\"query-input\":{\"@type\":\"PropertyValueSpecification\",\"valueRequired\":true,\"valueName\":\"search_term_string\"}}],\"inLanguage\":\"en-US\"},{\"@type\":\"Organization\",\"@id\":\"https:\\\/\\\/berlindigitalart.com\\\/#organization\",\"name\":\"Berlin Digital Art\",\"url\":\"https:\\\/\\\/berlindigitalart.com\\\/\",\"logo\":{\"@type\":\"ImageObject\",\"inLanguage\":\"en-US\",\"@id\":\"https:\\\/\\\/berlindigitalart.com\\\/#\\\/schema\\\/logo\\\/image\\\/\",\"url\":\"https:\\\/\\\/berlindigitalart.com\\\/wp-content\\\/uploads\\\/2024\\\/12\\\/Logo_BerlinDigitalArt.png\",\"contentUrl\":\"https:\\\/\\\/berlindigitalart.com\\\/wp-content\\\/uploads\\\/2024\\\/12\\\/Logo_BerlinDigitalArt.png\",\"width\":1563,\"height\":1563,\"caption\":\"Berlin Digital Art\"},\"image\":{\"@id\":\"https:\\\/\\\/berlindigitalart.com\\\/#\\\/schema\\\/logo\\\/image\\\/\"},\"sameAs\":[\"https:\\\/\\\/www.instagram.com\\\/berlin_digital_art\\\/\"]}]}<\/script>\n<!-- \/ Yoast SEO plugin. -->","yoast_head_json":{"title":"Malvorlagen - Berlin Digital Art","robots":{"index":"index","follow":"follow","max-snippet":"max-snippet:-1","max-image-preview":"max-image-preview:large","max-video-preview":"max-video-preview:-1"},"canonical":"https:\/\/berlindigitalart.com\/en\/coloring\/","og_locale":"en_US","og_type":"article","og_title":"Malvorlagen - Berlin Digital Art","og_description":"Entdecke unsere kostenlosen Malvorlagen f\u00fcr Kinder und Erwachsene! Tauche ein in die bunte Welt der Kreativit\u00e4t mit unseren gratis Malvorlagen \u2013 perfekt f\u00fcr alle Altersgruppen. Egal ob f\u00fcr entspannende Stunden als Erwachsener oder spannende Ausmalabenteuer f\u00fcr Kinder, hier findest du eine riesige Auswahl an Motiven: von coolen Autos und Schiffen \u00fcber magische Einh\u00f6rner und vieles mehr. Unsere Malvorlagen stehen kostenlos zum Download bereit und f\u00f6rdern Fantasie, Konzentration und Entspannung. Lass deiner Kreativit\u00e4t freien Lauf \u2013 starte jetzt und finde deine Lieblingsmotive zum Ausmalen! Magische Einh\u00f6rner Coole Super Autos Boote, Strand und Urlaub","og_url":"https:\/\/berlindigitalart.com\/en\/coloring\/","og_site_name":"Berlin Digital Art","article_modified_time":"2025-01-02T22:59:43+00:00","og_image":[{"url":"https:\/\/berlindigitalart.com\/wp-content\/uploads\/2024\/12\/BerlinDigitalArt_Magic_Unicorns_1-450x620.jpg","type":"","width":"","height":""}],"twitter_card":"summary_large_image","schema":{"@context":"https:\/\/schema.org","@graph":[{"@type":"WebPage","@id":"https:\/\/berlindigitalart.com\/coloring\/","url":"https:\/\/berlindigitalart.com\/coloring\/","name":"Malvorlagen - Berlin Digital Art","isPartOf":{"@id":"https:\/\/berlindigitalart.com\/#website"},"primaryImageOfPage":{"@id":"https:\/\/berlindigitalart.com\/coloring\/#primaryimage"},"image":{"@id":"https:\/\/berlindigitalart.com\/coloring\/#primaryimage"},"thumbnailUrl":"https:\/\/berlindigitalart.com\/wp-content\/uploads\/2024\/12\/BerlinDigitalArt_Magic_Unicorns_1-450x620.jpg","datePublished":"2024-12-14T15:42:58+00:00","dateModified":"2025-01-02T22:59:43+00:00","breadcrumb":{"@id":"https:\/\/berlindigitalart.com\/coloring\/#breadcrumb"},"inLanguage":"en-US","potentialAction":[{"@type":"ReadAction","target":["https:\/\/berlindigitalart.com\/coloring\/"]}]},{"@type":"ImageObject","inLanguage":"en-US","@id":"https:\/\/berlindigitalart.com\/coloring\/#primaryimage","url":"https:\/\/berlindigitalart.com\/wp-content\/uploads\/2024\/12\/BerlinDigitalArt_Magic_Unicorns_1-450x620.jpg","contentUrl":"https:\/\/berlindigitalart.com\/wp-content\/uploads\/2024\/12\/BerlinDigitalArt_Magic_Unicorns_1-450x620.jpg"},{"@type":"BreadcrumbList","@id":"https:\/\/berlindigitalart.com\/coloring\/#breadcrumb","itemListElement":[{"@type":"ListItem","position":1,"name":"Home","item":"https:\/\/berlindigitalart.com\/"},{"@type":"ListItem","position":2,"name":"Malvorlagen"}]},{"@type":"WebSite","@id":"https:\/\/berlindigitalart.com\/#website","url":"https:\/\/berlindigitalart.com\/","name":"Berlin Digital Art","description":"Spielend Lernen","publisher":{"@id":"https:\/\/berlindigitalart.com\/#organization"},"potentialAction":[{"@type":"SearchAction","target":{"@type":"EntryPoint","urlTemplate":"https:\/\/berlindigitalart.com\/?s={search_term_string}"},"query-input":{"@type":"PropertyValueSpecification","valueRequired":true,"valueName":"search_term_string"}}],"inLanguage":"en-US"},{"@type":"Organization","@id":"https:\/\/berlindigitalart.com\/#organization","name":"Berlin Digital Art","url":"https:\/\/berlindigitalart.com\/","logo":{"@type":"ImageObject","inLanguage":"en-US","@id":"https:\/\/berlindigitalart.com\/#\/schema\/logo\/image\/","url":"https:\/\/berlindigitalart.com\/wp-content\/uploads\/2024\/12\/Logo_BerlinDigitalArt.png","contentUrl":"https:\/\/berlindigitalart.com\/wp-content\/uploads\/2024\/12\/Logo_BerlinDigitalArt.png","width":1563,"height":1563,"caption":"Berlin Digital Art"},"image":{"@id":"https:\/\/berlindigitalart.com\/#\/schema\/logo\/image\/"},"sameAs":["https:\/\/www.instagram.com\/berlin_digital_art\/"]}]}},"acf":[],"_links":{"self":[{"href":"https:\/\/berlindigitalart.com\/en\/wp-json\/wp\/v2\/pages\/180","targetHints":{"allow":["GET"]}}],"collection":[{"href":"https:\/\/berlindigitalart.com\/en\/wp-json\/wp\/v2\/pages"}],"about":[{"href":"https:\/\/berlindigitalart.com\/en\/wp-json\/wp\/v2\/types\/page"}],"author":[{"embeddable":true,"href":"https:\/\/berlindigitalart.com\/en\/wp-json\/wp\/v2\/users\/1"}],"replies":[{"embeddable":true,"href":"https:\/\/berlindigitalart.com\/en\/wp-json\/wp\/v2\/comments?post=180"}],"version-history":[{"count":72,"href":"https:\/\/berlindigitalart.com\/en\/wp-json\/wp\/v2\/pages\/180\/revisions"}],"predecessor-version":[{"id":879,"href":"https:\/\/berlindigitalart.com\/en\/wp-json\/wp\/v2\/pages\/180\/revisions\/879"}],"wp:attachment":[{"href":"https:\/\/berlindigitalart.com\/en\/wp-json\/wp\/v2\/media?parent=180"}],"curies":[{"name":"wp","href":"https:\/\/api.w.org\/{rel}","templated":true}]}}